{"id":13076,"date":"2023-08-29T12:14:48","date_gmt":"2023-08-29T17:14:48","guid":{"rendered":"https:\/\/vivaro.com\/?page_id=13076"},"modified":"2023-08-29T12:17:05","modified_gmt":"2023-08-29T17:17:05","slug":"impulsa-grupo-vivaro-a-industria-de-los-videojuegos","status":"publish","type":"page","link":"https:\/\/vivaro.com\/en\/impulsa-grupo-vivaro-a-industria-de-los-videojuegos\/","title":{"rendered":"Impulsa Grupo V\u00edvaro a industria de los videojuegos"},"content":{"rendered":"<div data-elementor-type=\"wp-page\" data-elementor-id=\"13076\" class=\"elementor elementor-13076\" data-elementor-post-type=\"page\">\n\t\t\t\t\t\t<section class=\"elementor-section elementor-top-section elementor-element elementor-element-af2d6b0 elementor-section-boxed elementor-section-height-default elementor-section-height-default\" data-id=\"af2d6b0\" data-element_type=\"section\" data-e-type=\"section\">\n\t\t\t\t\t\t<div class=\"elementor-container elementor-column-gap-default\">\n\t\t\t\t\t<div class=\"elementor-column elementor-col-100 elementor-top-column elementor-element elementor-element-211a899\" data-id=\"211a899\" data-element_type=\"column\" data-e-type=\"column\">\n\t\t\t<div class=\"elementor-widget-wrap\">\n\t\t\t\t\t\t\t<\/div>\n\t\t<\/div>\n\t\t\t\t\t<\/div>\n\t\t<\/section>\n\t\t\t\t<section class=\"elementor-section elementor-top-section elementor-element elementor-element-77edd41c elementor-section-height-min-height elementor-section-boxed elementor-section-height-default elementor-section-items-middle\" data-id=\"77edd41c\" data-element_type=\"section\" data-e-type=\"section\" data-settings=\"{&quot;background_background&quot;:&quot;classic&quot;}\">\n\t\t\t\t\t\t\t<div class=\"elementor-background-overlay\"><\/div>\n\t\t\t\t\t\t\t<div class=\"elementor-container elementor-column-gap-default\">\n\t\t\t\t\t<div class=\"elementor-column elementor-col-100 elementor-top-column elementor-element elementor-element-3d5a8e2f\" data-id=\"3d5a8e2f\" data-element_type=\"column\" data-e-type=\"column\">\n\t\t\t<div class=\"elementor-widget-wrap\">\n\t\t\t\t\t\t\t<\/div>\n\t\t<\/div>\n\t\t\t\t\t<\/div>\n\t\t<\/section>\n\t\t\t\t<section class=\"elementor-section elementor-top-section elementor-element elementor-element-58f5f0de elementor-section-boxed elementor-section-height-default elementor-section-height-default\" data-id=\"58f5f0de\" data-element_type=\"section\" data-e-type=\"section\">\n\t\t\t\t\t\t<div class=\"elementor-container elementor-column-gap-default\">\n\t\t\t\t\t<div class=\"elementor-column elementor-col-100 elementor-top-column elementor-element elementor-element-40518f9a\" data-id=\"40518f9a\" data-element_type=\"column\" data-e-type=\"column\" data-settings=\"{&quot;background_background&quot;:&quot;classic&quot;}\">\n\t\t\t<div class=\"elementor-widget-wrap elementor-element-populated\">\n\t\t\t\t\t\t<div class=\"elementor-element elementor-element-455f864d elementor-widget elementor-widget-heading\" data-id=\"455f864d\" data-element_type=\"widget\" data-e-type=\"widget\" data-widget_type=\"heading.default\">\n\t\t\t\t<div class=\"elementor-widget-container\">\n\t\t\t\t\t<h2 class=\"elementor-heading-title elementor-size-default\">Impulsa Grupo V\u00edvaro a industria de los videojuegos<\/h2>\t\t\t\t<\/div>\n\t\t\t\t<\/div>\n\t\t\t\t<div class=\"elementor-element elementor-element-4c0f7073 elementor-align-center elementor-widget elementor-widget-post-info\" data-id=\"4c0f7073\" data-element_type=\"widget\" data-e-type=\"widget\" data-widget_type=\"post-info.default\">\n\t\t\t\t<div class=\"elementor-widget-container\">\n\t\t\t\t\t\t\t<ul class=\"elementor-inline-items elementor-icon-list-items elementor-post-info\">\n\t\t\t\t\t\t\t\t<li class=\"elementor-icon-list-item elementor-repeater-item-6bd1949 elementor-inline-item\">\n\t\t\t\t\t\t\t\t\t\t<span class=\"elementor-icon-list-icon\">\n\t\t\t\t\t\t\t\t<i aria-hidden=\"true\" class=\"far fa-tags\"><\/i>\t\t\t\t\t\t\t<\/span>\n\t\t\t\t\t\t\t\t\t<span class=\"elementor-icon-list-text elementor-post-info__item elementor-post-info__item--type-custom\">\n\t\t\t\t\t\t\t\t\t\t29 DE AGOSTO DE 2023.\t\t\t\t\t<\/span>\n\t\t\t\t\t\t\t\t<\/li>\n\t\t\t\t<\/ul>\n\t\t\t\t\t\t<\/div>\n\t\t\t\t<\/div>\n\t\t\t\t<div class=\"elementor-element elementor-element-03cb5e3 elementor-widget elementor-widget-image\" data-id=\"03cb5e3\" data-element_type=\"widget\" data-e-type=\"widget\" data-widget_type=\"image.default\">\n\t\t\t\t<div class=\"elementor-widget-container\">\n\t\t\t\t\t\t\t\t\t\t\t\t\t\t\t<img fetchpriority=\"high\" decoding=\"async\" width=\"1000\" height=\"667\" src=\"https:\/\/vivaro.com\/wp-content\/uploads\/2023\/08\/1000-1174746.jpg\" class=\"attachment-full size-full wp-image-13080\" alt=\"\" srcset=\"https:\/\/vivaro.com\/wp-content\/uploads\/2023\/08\/1000-1174746.jpg 1000w, https:\/\/vivaro.com\/wp-content\/uploads\/2023\/08\/1000-1174746-300x200.jpg 300w, https:\/\/vivaro.com\/wp-content\/uploads\/2023\/08\/1000-1174746-768x512.jpg 768w, https:\/\/vivaro.com\/wp-content\/uploads\/2023\/08\/1000-1174746-18x12.jpg 18w, https:\/\/vivaro.com\/wp-content\/uploads\/2023\/08\/1000-1174746-24x16.jpg 24w, https:\/\/vivaro.com\/wp-content\/uploads\/2023\/08\/1000-1174746-36x24.jpg 36w, https:\/\/vivaro.com\/wp-content\/uploads\/2023\/08\/1000-1174746-48x32.jpg 48w\" sizes=\"(max-width: 1000px) 100vw, 1000px\" \/>\t\t\t\t\t\t\t\t\t\t\t\t\t\t\t<\/div>\n\t\t\t\t<\/div>\n\t\t\t\t<div class=\"elementor-element elementor-element-2f0e2b9c elementor-widget elementor-widget-text-editor\" data-id=\"2f0e2b9c\" data-element_type=\"widget\" data-e-type=\"widget\" data-widget_type=\"text-editor.default\">\n\t\t\t\t<div class=\"elementor-widget-container\">\n\t\t\t\t\t\t\t\t\t<h5 style=\"text-align: left;\">Impulsa Grupo V\u00edvaro a industria de los videojuegos<\/h5><p>\u2022 Empresa regiomontana constituye filial especializada en la producci\u00f3n y transmisi\u00f3n de eventos mundiales de los esports.<br \/>\u2022 A lo largo de dos a\u00f1os, V\u00edvaro Gaming ha dado soporte a competencias de talla mundial en los que participan los mejores del orbe.<\/p><p>\u00a0<\/p><p>Monterrey, N.L., M\u00e9xico, a 29 de agosto de 2023.- El mercado gaming ha ido creciendo a pasos agigantados en los \u00faltimos a\u00f1os, hasta contar -al d\u00eda de hoy- con millones de almas cautivas en el mundo del videojuego.<br \/>M\u00e9xico no pod\u00eda quedarse atr\u00e1s y desde Monterrey se producen y transmiten importantes y competitivos eventos de esports, respaldados por V\u00edvaro Gaming, antes Liga ACE.<br \/>Actualmente, el pa\u00eds se ha convertido en la naci\u00f3n l\u00edder de la industria del gaming en el mercado de habla hispana, catapult\u00e1ndolo como el gigante latino con 76.5 millones de fan\u00e1ticos del gaming, es decir, m\u00e1s de la mitad de su poblaci\u00f3n.<br \/>De esa cifra, llama la atenci\u00f3n que el 47 por ciento son mujeres, seg\u00fan Newzoo Global Games Market Report 2022.<br \/>Los gamers de 18 a 25 a\u00f1os son los que predominan la pr\u00e1ctica de esta disciplina, con el 33 por ciento; seguidos por aquellos que oscilan entre los 36 y 49 a\u00f1os, con el 27, se\u00f1ala el estudio.<br \/>Para los colaboradores de V\u00edvaro Gaming, es un orgullo ser part\u00edcipes de la consolidaci\u00f3n de la industria en Latinoam\u00e9rica.<br \/>A trav\u00e9s de V\u00edvaro Gaming, m\u00e1s de 85 mil fan\u00e1ticos siguen las transmisiones de sus eventos, al mes, gracias a su infraestructura y tecnolog\u00eda, ya que es considerada una de las m\u00e1s avanzadas en esports.<br \/>V\u00edvaro Gaming, en n\u00fameros:<br \/>+ 60 mil Los espectadores en vivo \u00fanicos mensuales<br \/>+ 75 mil competidores integrados a esports<br \/>526 mil seguidores en redes sociales<br \/>2 millones 267 mil 385 de minutos de reproducci\u00f3n al mes<br \/>\u00bfSab\u00edas qu\u00e9\u2026?<br \/>&#8211; Actualmente la industria del gaming genera alrededor de 200 mil millones de d\u00f3lares anuales en todo el mundo.<br \/>&#8211; Se contabilizan, aproximadamente, 3.2 billones de fan\u00e1ticos a nivel global.<br \/>&#8211; Alrededor de 270.3 millones de gamers son de habla hispana.<br \/>&#8211; La mayor\u00eda de los gamers practica esta actividad a trav\u00e9s de dispositivos m\u00f3viles, con el 47.30 por ciento; el resto prefiere hacer uso de PC o consolas.<br \/>A paso firme:<br \/>Radiograf\u00eda de los fan\u00e1ticos del esports en M\u00e9xico:<br \/>Enjoyers Nacionales: 25 millones<br \/>Competidores: 9 millones<br \/>Campeones mundiales y l\u00edderes globales: 7<br \/>Sobre V\u00edvaro Gaming<br \/>V\u00edvaro Gaming es la comunidad de esports m\u00e1s grande de Latinoam\u00e9rica, es una empresa dedicada a la organizaci\u00f3n, producci\u00f3n y transmisi\u00f3n de eventos de esports. V\u00edvaro Gaming est\u00e1 liderado por Liga ACE, y tiene como objetivo empoderar a la juventud para retar sus capacidades a trav\u00e9s del gaming.<br \/>V\u00edvaro Gaming y Liga Ace, son empresas de V\u00edvaro.<br \/>V\u00edvaro Gaming tiene su sede en Monterrey, M\u00e9xico.<br \/>Sitio en internet: https:\/\/vivaro.com\/Gaming<\/p><p><br \/><strong>Sobre V\u00edvaro<\/strong><br \/>\u201cV\u00edvaro\u201d es la consolidaci\u00f3n de m\u00e1s de cinco d\u00e9cadas de esfuerzos que parten desde la innovaci\u00f3n tecnol\u00f3gica hasta servicios de telecomunicaciones. Lo componen V\u00edvaro Telecom, (antes Marcatel) empresa de telecomunicaciones con transporte de alta capacidad, servicios TI y ciberseguridad; V\u00edvaro Media, (antes Aldea Solutions) soluciones de distribuci\u00f3n de contenidos audiovisuales en vivo; V\u00edvaro Digital (antes Aldea M\u00e9xico) soluciones innovadoras de transformaci\u00f3n digital, gesti\u00f3n documental y de procesos, distribuci\u00f3n de contenidos audiovisuales por Internet y de comunicaci\u00f3n digital corporativa; V\u00edvaro Video (antes TVTel) es una empresa que ofrece servicios de producci\u00f3n y transmisi\u00f3n audiovisual en deportes, noticias y programas televisivos en Latinoam\u00e9rica. V\u00edvaro Gaming, (Liga Ace Esports) la liga m\u00e1s grande de esports de Latinoam\u00e9rica, empresa dedicada a la organizaci\u00f3n, producci\u00f3n y transmisi\u00f3n de eventos de esports; V\u00edvaro Properties, (antes FAISA y Gusma) empresas de bienes ra\u00edces en M\u00e9xico y EE. UU.; V\u00edvaro Comunidad, (antes Fundaci\u00f3n Marcatel) centrada en apoyar a su gente, su comunidad y en las personas que m\u00e1s lo necesitan aportando gran parte a los j\u00f3venes a trav\u00e9s de la educaci\u00f3n, la cultura y el arte.<br \/>Sitio en internet: https:\/\/vivaro.com<\/p>\t\t\t\t\t\t\t\t<\/div>\n\t\t\t\t<\/div>\n\t\t\t\t<div class=\"elementor-element elementor-element-4bf24026 elementor-grid-2 elementor-share-buttons--view-icon-text elementor-share-buttons--skin-gradient elementor-share-buttons--shape-square elementor-share-buttons--color-official elementor-widget elementor-widget-share-buttons\" data-id=\"4bf24026\" data-element_type=\"widget\" data-e-type=\"widget\" data-widget_type=\"share-buttons.default\">\n\t\t\t\t<div class=\"elementor-widget-container\">\n\t\t\t\t\t\t\t<div class=\"elementor-grid\" role=\"list\">\n\t\t\t\t\t\t\t\t<div class=\"elementor-grid-item\" role=\"listitem\">\n\t\t\t\t\t\t<div class=\"elementor-share-btn elementor-share-btn_facebook\" role=\"button\" tabindex=\"0\" aria-label=\"Partager sur facebook\" data-no-translation-aria-label=\"\">\n\t\t\t\t\t\t\t\t\t\t\t\t\t\t\t<span class=\"elementor-share-btn__icon\">\n\t\t\t\t\t\t\t\t<svg aria-hidden=\"true\" class=\"e-font-icon-svg e-fab-facebook\" viewbox=\"0 0 512 512\" xmlns=\"http:\/\/www.w3.org\/2000\/svg\"><path d=\"M504 256C504 119 393 8 256 8S8 119 8 256c0 123.78 90.69 226.38 209.25 245V327.69h-63V256h63v-54.64c0-62.15 37-96.48 93.67-96.48 27.14 0 55.52 4.84 55.52 4.84v61h-31.28c-30.8 0-40.41 19.12-40.41 38.73V256h68.78l-11 71.69h-57.78V501C413.31 482.38 504 379.78 504 256z\"><\/path><\/svg>\t\t\t\t\t\t\t<\/span>\n\t\t\t\t\t\t\t\t\t\t\t\t\t\t\t\t\t\t\t\t\t\t<div class=\"elementor-share-btn__text\">\n\t\t\t\t\t\t\t\t\t\t\t\t\t\t\t\t\t\t\t<span class=\"elementor-share-btn__title\">\n\t\t\t\t\t\t\t\t\t\tShare on Facebook\t\t\t\t\t\t\t\t\t<\/span>\n\t\t\t\t\t\t\t\t\t\t\t\t\t\t\t\t\t<\/div>\n\t\t\t\t\t\t\t\t\t\t\t\t\t<\/div>\n\t\t\t\t\t<\/div>\n\t\t\t\t\t\t\t\t\t<div class=\"elementor-grid-item\" role=\"listitem\">\n\t\t\t\t\t\t<div class=\"elementor-share-btn elementor-share-btn_linkedin\" role=\"button\" tabindex=\"0\" aria-label=\"Partager sur linkedin\" data-no-translation-aria-label=\"\">\n\t\t\t\t\t\t\t\t\t\t\t\t\t\t\t<span class=\"elementor-share-btn__icon\">\n\t\t\t\t\t\t\t\t<svg aria-hidden=\"true\" class=\"e-font-icon-svg e-fab-linkedin\" viewbox=\"0 0 448 512\" xmlns=\"http:\/\/www.w3.org\/2000\/svg\"><path d=\"M416 32H31.9C14.3 32 0 46.5 0 64.3v383.4C0 465.5 14.3 480 31.9 480H416c17.6 0 32-14.5 32-32.3V64.3c0-17.8-14.4-32.3-32-32.3zM135.4 416H69V202.2h66.5V416zm-33.2-243c-21.3 0-38.5-17.3-38.5-38.5S80.9 96 102.2 96c21.2 0 38.5 17.3 38.5 38.5 0 21.3-17.2 38.5-38.5 38.5zm282.1 243h-66.4V312c0-24.8-.5-56.7-34.5-56.7-34.6 0-39.9 27-39.9 54.9V416h-66.4V202.2h63.7v29.2h.9c8.9-16.8 30.6-34.5 62.9-34.5 67.2 0 79.7 44.3 79.7 101.9V416z\"><\/path><\/svg>\t\t\t\t\t\t\t<\/span>\n\t\t\t\t\t\t\t\t\t\t\t\t\t\t\t\t\t\t\t\t\t\t<div class=\"elementor-share-btn__text\">\n\t\t\t\t\t\t\t\t\t\t\t\t\t\t\t\t\t\t\t<span class=\"elementor-share-btn__title\">\n\t\t\t\t\t\t\t\t\t\tShare on Linkdin\t\t\t\t\t\t\t\t\t<\/span>\n\t\t\t\t\t\t\t\t\t\t\t\t\t\t\t\t\t<\/div>\n\t\t\t\t\t\t\t\t\t\t\t\t\t<\/div>\n\t\t\t\t\t<\/div>\n\t\t\t\t\t\t\t\t\t<div class=\"elementor-grid-item\" role=\"listitem\">\n\t\t\t\t\t\t<div class=\"elementor-share-btn elementor-share-btn_twitter\" role=\"button\" tabindex=\"0\" aria-label=\"Partager sur twitter\" data-no-translation-aria-label=\"\">\n\t\t\t\t\t\t\t\t\t\t\t\t\t\t\t<span class=\"elementor-share-btn__icon\">\n\t\t\t\t\t\t\t\t<svg aria-hidden=\"true\" class=\"e-font-icon-svg e-fab-twitter\" viewbox=\"0 0 512 512\" xmlns=\"http:\/\/www.w3.org\/2000\/svg\"><path d=\"M459.37 151.716c.325 4.548.325 9.097.325 13.645 0 138.72-105.583 298.558-298.558 298.558-59.452 0-114.68-17.219-161.137-47.106 8.447.974 16.568 1.299 25.34 1.299 49.055 0 94.213-16.568 130.274-44.832-46.132-.975-84.792-31.188-98.112-72.772 6.498.974 12.995 1.624 19.818 1.624 9.421 0 18.843-1.3 27.614-3.573-48.081-9.747-84.143-51.98-84.143-102.985v-1.299c13.969 7.797 30.214 12.67 47.431 13.319-28.264-18.843-46.781-51.005-46.781-87.391 0-19.492 5.197-37.36 14.294-52.954 51.655 63.675 129.3 105.258 216.365 109.807-1.624-7.797-2.599-15.918-2.599-24.04 0-57.828 46.782-104.934 104.934-104.934 30.213 0 57.502 12.67 76.67 33.137 23.715-4.548 46.456-13.32 66.599-25.34-7.798 24.366-24.366 44.833-46.132 57.827 21.117-2.273 41.584-8.122 60.426-16.243-14.292 20.791-32.161 39.308-52.628 54.253z\"><\/path><\/svg>\t\t\t\t\t\t\t<\/span>\n\t\t\t\t\t\t\t\t\t\t\t\t\t\t\t\t\t\t\t\t\t\t<div class=\"elementor-share-btn__text\">\n\t\t\t\t\t\t\t\t\t\t\t\t\t\t\t\t\t\t\t<span class=\"elementor-share-btn__title\">\n\t\t\t\t\t\t\t\t\t\tShare on Twitter\t\t\t\t\t\t\t\t\t<\/span>\n\t\t\t\t\t\t\t\t\t\t\t\t\t\t\t\t\t<\/div>\n\t\t\t\t\t\t\t\t\t\t\t\t\t<\/div>\n\t\t\t\t\t<\/div>\n\t\t\t\t\t\t\t\t\t<div class=\"elementor-grid-item\" role=\"listitem\">\n\t\t\t\t\t\t<div class=\"elementor-share-btn elementor-share-btn_email\" role=\"button\" tabindex=\"0\" aria-label=\"Partager sur email\" data-no-translation-aria-label=\"\">\n\t\t\t\t\t\t\t\t\t\t\t\t\t\t\t<span class=\"elementor-share-btn__icon\">\n\t\t\t\t\t\t\t\t<svg aria-hidden=\"true\" class=\"e-font-icon-svg e-fas-envelope\" viewbox=\"0 0 512 512\" xmlns=\"http:\/\/www.w3.org\/2000\/svg\"><path d=\"M502.3 190.8c3.9-3.1 9.7-.2 9.7 4.7V400c0 26.5-21.5 48-48 48H48c-26.5 0-48-21.5-48-48V195.6c0-5 5.7-7.8 9.7-4.7 22.4 17.4 52.1 39.5 154.1 113.6 21.1 15.4 56.7 47.8 92.2 47.6 35.7.3 72-32.8 92.3-47.6 102-74.1 131.6-96.3 154-113.7zM256 320c23.2.4 56.6-29.2 73.4-41.4 132.7-96.3 142.8-104.7 173.4-128.7 5.8-4.5 9.2-11.5 9.2-18.9v-19c0-26.5-21.5-48-48-48H48C21.5 64 0 85.5 0 112v19c0 7.4 3.4 14.3 9.2 18.9 30.6 23.9 40.7 32.4 173.4 128.7 16.8 12.2 50.2 41.8 73.4 41.4z\"><\/path><\/svg>\t\t\t\t\t\t\t<\/span>\n\t\t\t\t\t\t\t\t\t\t\t\t\t\t\t\t\t\t\t\t\t\t<div class=\"elementor-share-btn__text\">\n\t\t\t\t\t\t\t\t\t\t\t\t\t\t\t\t\t\t\t<span class=\"elementor-share-btn__title\">\n\t\t\t\t\t\t\t\t\t\tShare on Email\t\t\t\t\t\t\t\t\t<\/span>\n\t\t\t\t\t\t\t\t\t\t\t\t\t\t\t\t\t<\/div>\n\t\t\t\t\t\t\t\t\t\t\t\t\t<\/div>\n\t\t\t\t\t<\/div>\n\t\t\t\t\t\t<\/div>\n\t\t\t\t\t\t<\/div>\n\t\t\t\t<\/div>\n\t\t\t\t\t<\/div>\n\t\t<\/div>\n\t\t\t\t\t<\/div>\n\t\t<\/section>\n\t\t\t\t<\/div>","protected":false},"excerpt":{"rendered":"<p>Impulsa Grupo V\u00edvaro a industria de los videojuegos Impulsa Grupo V\u00edvaro a industria de los videojuegos \u2022 Empresa regiomontana constituye filial especializada en la producci\u00f3n y transmisi\u00f3n de eventos mundiales de los esports.\u2022 A lo largo de dos a\u00f1os, V\u00edvaro Gaming ha dado soporte a competencias de talla mundial en los que participan los mejores [&hellip;]<\/p>\n","protected":false},"author":1,"featured_media":0,"parent":0,"menu_order":0,"comment_status":"closed","ping_status":"closed","template":"","meta":{"footnotes":""},"class_list":["post-13076","page","type-page","status-publish","hentry"],"yoast_head":"<!-- This site is optimized with the Yoast SEO plugin v27.3 - https:\/\/yoast.com\/product\/yoast-seo-wordpress\/ -->\n<title>Impulsa Grupo V\u00edvaro a industria de los videojuegos - V\u00edvaro<\/title>\n<meta name=\"robots\" content=\"index, follow, max-snippet:-1, max-image-preview:large, max-video-preview:-1\" \/>\n<link rel=\"canonical\" href=\"https:\/\/vivaro.com\/en\/impulsa-grupo-vivaro-a-industria-de-los-videojuegos\/\" \/>\n<meta property=\"og:locale\" content=\"en_US\" \/>\n<meta property=\"og:type\" content=\"article\" \/>\n<meta property=\"og:title\" content=\"Impulsa Grupo V\u00edvaro a industria de los videojuegos - V\u00edvaro\" \/>\n<meta property=\"og:description\" content=\"Impulsa Grupo V\u00edvaro a industria de los videojuegos Impulsa Grupo V\u00edvaro a industria de los videojuegos \u2022 Empresa regiomontana constituye filial especializada en la producci\u00f3n y transmisi\u00f3n de eventos mundiales de los esports.\u2022 A lo largo de dos a\u00f1os, V\u00edvaro Gaming ha dado soporte a competencias de talla mundial en los que participan los mejores [&hellip;]\" \/>\n<meta property=\"og:url\" content=\"https:\/\/vivaro.com\/en\/impulsa-grupo-vivaro-a-industria-de-los-videojuegos\/\" \/>\n<meta property=\"og:site_name\" content=\"V\u00edvaro\" \/>\n<meta property=\"article:publisher\" content=\"https:\/\/www.facebook.com\/grupovivaro\" \/>\n<meta property=\"article:modified_time\" content=\"2023-08-29T17:17:05+00:00\" \/>\n<meta property=\"og:image\" content=\"http:\/\/vivaro.com\/wp-content\/uploads\/2023\/08\/1000-1174746.jpg\" \/>\n<meta name=\"twitter:card\" content=\"summary_large_image\" \/>\n<meta name=\"twitter:site\" content=\"@GrupoVivaro\" \/>\n<meta name=\"twitter:label1\" content=\"Est. reading time\" \/>\n\t<meta name=\"twitter:data1\" content=\"4 minutes\" \/>\n<script type=\"application\/ld+json\" class=\"yoast-schema-graph\">{\"@context\":\"https:\\\/\\\/schema.org\",\"@graph\":[{\"@type\":\"WebPage\",\"@id\":\"https:\\\/\\\/vivaro.com\\\/impulsa-grupo-vivaro-a-industria-de-los-videojuegos\\\/\",\"url\":\"https:\\\/\\\/vivaro.com\\\/impulsa-grupo-vivaro-a-industria-de-los-videojuegos\\\/\",\"name\":\"Impulsa Grupo V\u00edvaro a industria de los videojuegos - V\u00edvaro\",\"isPartOf\":{\"@id\":\"https:\\\/\\\/vivaro.com\\\/en\\\/#website\"},\"primaryImageOfPage\":{\"@id\":\"https:\\\/\\\/vivaro.com\\\/impulsa-grupo-vivaro-a-industria-de-los-videojuegos\\\/#primaryimage\"},\"image\":{\"@id\":\"https:\\\/\\\/vivaro.com\\\/impulsa-grupo-vivaro-a-industria-de-los-videojuegos\\\/#primaryimage\"},\"thumbnailUrl\":\"http:\\\/\\\/vivaro.com\\\/wp-content\\\/uploads\\\/2023\\\/08\\\/1000-1174746.jpg\",\"datePublished\":\"2023-08-29T17:14:48+00:00\",\"dateModified\":\"2023-08-29T17:17:05+00:00\",\"breadcrumb\":{\"@id\":\"https:\\\/\\\/vivaro.com\\\/impulsa-grupo-vivaro-a-industria-de-los-videojuegos\\\/#breadcrumb\"},\"inLanguage\":\"en-US\",\"potentialAction\":[{\"@type\":\"ReadAction\",\"target\":[\"https:\\\/\\\/vivaro.com\\\/impulsa-grupo-vivaro-a-industria-de-los-videojuegos\\\/\"]}]},{\"@type\":\"ImageObject\",\"inLanguage\":\"en-US\",\"@id\":\"https:\\\/\\\/vivaro.com\\\/impulsa-grupo-vivaro-a-industria-de-los-videojuegos\\\/#primaryimage\",\"url\":\"http:\\\/\\\/vivaro.com\\\/wp-content\\\/uploads\\\/2023\\\/08\\\/1000-1174746.jpg\",\"contentUrl\":\"http:\\\/\\\/vivaro.com\\\/wp-content\\\/uploads\\\/2023\\\/08\\\/1000-1174746.jpg\"},{\"@type\":\"BreadcrumbList\",\"@id\":\"https:\\\/\\\/vivaro.com\\\/impulsa-grupo-vivaro-a-industria-de-los-videojuegos\\\/#breadcrumb\",\"itemListElement\":[{\"@type\":\"ListItem\",\"position\":1,\"name\":\"Portada\",\"item\":\"https:\\\/\\\/vivaro.com\\\/\"},{\"@type\":\"ListItem\",\"position\":2,\"name\":\"Impulsa Grupo V\u00edvaro a industria de los videojuegos\"}]},{\"@type\":\"WebSite\",\"@id\":\"https:\\\/\\\/vivaro.com\\\/en\\\/#website\",\"url\":\"https:\\\/\\\/vivaro.com\\\/en\\\/\",\"name\":\"V\u00edvaro\",\"description\":\"Inovaci\u00f3n tecnol\u00f3gica y servicios de telecomunicaciones.\",\"publisher\":{\"@id\":\"https:\\\/\\\/vivaro.com\\\/en\\\/#organization\"},\"potentialAction\":[{\"@type\":\"SearchAction\",\"target\":{\"@type\":\"EntryPoint\",\"urlTemplate\":\"https:\\\/\\\/vivaro.com\\\/en\\\/?s={search_term_string}\"},\"query-input\":{\"@type\":\"PropertyValueSpecification\",\"valueRequired\":true,\"valueName\":\"search_term_string\"}}],\"inLanguage\":\"en-US\"},{\"@type\":\"Organization\",\"@id\":\"https:\\\/\\\/vivaro.com\\\/en\\\/#organization\",\"name\":\"V\u00edvaro\",\"url\":\"https:\\\/\\\/vivaro.com\\\/en\\\/\",\"logo\":{\"@type\":\"ImageObject\",\"inLanguage\":\"en-US\",\"@id\":\"https:\\\/\\\/vivaro.com\\\/en\\\/#\\\/schema\\\/logo\\\/image\\\/\",\"url\":\"https:\\\/\\\/vivaro.com\\\/wp-content\\\/uploads\\\/2022\\\/03\\\/vivaro-19-1.png\",\"contentUrl\":\"https:\\\/\\\/vivaro.com\\\/wp-content\\\/uploads\\\/2022\\\/03\\\/vivaro-19-1.png\",\"width\":599,\"height\":308,\"caption\":\"V\u00edvaro\"},\"image\":{\"@id\":\"https:\\\/\\\/vivaro.com\\\/en\\\/#\\\/schema\\\/logo\\\/image\\\/\"},\"sameAs\":[\"https:\\\/\\\/www.facebook.com\\\/grupovivaro\",\"https:\\\/\\\/x.com\\\/GrupoVivaro\",\"https:\\\/\\\/www.instagram.com\\\/grupovivaro\\\/?hl=es-la\",\"https:\\\/\\\/www.linkedin.com\\\/company\\\/grupovivaro\\\/\"]}]}<\/script>\n<!-- \/ Yoast SEO plugin. -->","yoast_head_json":{"title":"Impulsa Grupo V\u00edvaro a industria de los videojuegos - V\u00edvaro","robots":{"index":"index","follow":"follow","max-snippet":"max-snippet:-1","max-image-preview":"max-image-preview:large","max-video-preview":"max-video-preview:-1"},"canonical":"https:\/\/vivaro.com\/en\/impulsa-grupo-vivaro-a-industria-de-los-videojuegos\/","og_locale":"en_US","og_type":"article","og_title":"Impulsa Grupo V\u00edvaro a industria de los videojuegos - V\u00edvaro","og_description":"Impulsa Grupo V\u00edvaro a industria de los videojuegos Impulsa Grupo V\u00edvaro a industria de los videojuegos \u2022 Empresa regiomontana constituye filial especializada en la producci\u00f3n y transmisi\u00f3n de eventos mundiales de los esports.\u2022 A lo largo de dos a\u00f1os, V\u00edvaro Gaming ha dado soporte a competencias de talla mundial en los que participan los mejores [&hellip;]","og_url":"https:\/\/vivaro.com\/en\/impulsa-grupo-vivaro-a-industria-de-los-videojuegos\/","og_site_name":"V\u00edvaro","article_publisher":"https:\/\/www.facebook.com\/grupovivaro","article_modified_time":"2023-08-29T17:17:05+00:00","og_image":[{"url":"http:\/\/vivaro.com\/wp-content\/uploads\/2023\/08\/1000-1174746.jpg","type":"","width":"","height":""}],"twitter_card":"summary_large_image","twitter_site":"@GrupoVivaro","twitter_misc":{"Est. reading time":"4 minutes"},"schema":{"@context":"https:\/\/schema.org","@graph":[{"@type":"WebPage","@id":"https:\/\/vivaro.com\/impulsa-grupo-vivaro-a-industria-de-los-videojuegos\/","url":"https:\/\/vivaro.com\/impulsa-grupo-vivaro-a-industria-de-los-videojuegos\/","name":"Impulsa Grupo V\u00edvaro a industria de los videojuegos - V\u00edvaro","isPartOf":{"@id":"https:\/\/vivaro.com\/en\/#website"},"primaryImageOfPage":{"@id":"https:\/\/vivaro.com\/impulsa-grupo-vivaro-a-industria-de-los-videojuegos\/#primaryimage"},"image":{"@id":"https:\/\/vivaro.com\/impulsa-grupo-vivaro-a-industria-de-los-videojuegos\/#primaryimage"},"thumbnailUrl":"http:\/\/vivaro.com\/wp-content\/uploads\/2023\/08\/1000-1174746.jpg","datePublished":"2023-08-29T17:14:48+00:00","dateModified":"2023-08-29T17:17:05+00:00","breadcrumb":{"@id":"https:\/\/vivaro.com\/impulsa-grupo-vivaro-a-industria-de-los-videojuegos\/#breadcrumb"},"inLanguage":"en-US","potentialAction":[{"@type":"ReadAction","target":["https:\/\/vivaro.com\/impulsa-grupo-vivaro-a-industria-de-los-videojuegos\/"]}]},{"@type":"ImageObject","inLanguage":"en-US","@id":"https:\/\/vivaro.com\/impulsa-grupo-vivaro-a-industria-de-los-videojuegos\/#primaryimage","url":"http:\/\/vivaro.com\/wp-content\/uploads\/2023\/08\/1000-1174746.jpg","contentUrl":"http:\/\/vivaro.com\/wp-content\/uploads\/2023\/08\/1000-1174746.jpg"},{"@type":"BreadcrumbList","@id":"https:\/\/vivaro.com\/impulsa-grupo-vivaro-a-industria-de-los-videojuegos\/#breadcrumb","itemListElement":[{"@type":"ListItem","position":1,"name":"Portada","item":"https:\/\/vivaro.com\/"},{"@type":"ListItem","position":2,"name":"Impulsa Grupo V\u00edvaro a industria de los videojuegos"}]},{"@type":"WebSite","@id":"https:\/\/vivaro.com\/en\/#website","url":"https:\/\/vivaro.com\/en\/","name":"V\u00edvaro","description":"Inovaci\u00f3n tecnol\u00f3gica y servicios de telecomunicaciones.","publisher":{"@id":"https:\/\/vivaro.com\/en\/#organization"},"potentialAction":[{"@type":"SearchAction","target":{"@type":"EntryPoint","urlTemplate":"https:\/\/vivaro.com\/en\/?s={search_term_string}"},"query-input":{"@type":"PropertyValueSpecification","valueRequired":true,"valueName":"search_term_string"}}],"inLanguage":"en-US"},{"@type":"Organization","@id":"https:\/\/vivaro.com\/en\/#organization","name":"V\u00edvaro","url":"https:\/\/vivaro.com\/en\/","logo":{"@type":"ImageObject","inLanguage":"en-US","@id":"https:\/\/vivaro.com\/en\/#\/schema\/logo\/image\/","url":"https:\/\/vivaro.com\/wp-content\/uploads\/2022\/03\/vivaro-19-1.png","contentUrl":"https:\/\/vivaro.com\/wp-content\/uploads\/2022\/03\/vivaro-19-1.png","width":599,"height":308,"caption":"V\u00edvaro"},"image":{"@id":"https:\/\/vivaro.com\/en\/#\/schema\/logo\/image\/"},"sameAs":["https:\/\/www.facebook.com\/grupovivaro","https:\/\/x.com\/GrupoVivaro","https:\/\/www.instagram.com\/grupovivaro\/?hl=es-la","https:\/\/www.linkedin.com\/company\/grupovivaro\/"]}]}},"_links":{"self":[{"href":"https:\/\/vivaro.com\/en\/wp-json\/wp\/v2\/pages\/13076","targetHints":{"allow":["GET"]}}],"collection":[{"href":"https:\/\/vivaro.com\/en\/wp-json\/wp\/v2\/pages"}],"about":[{"href":"https:\/\/vivaro.com\/en\/wp-json\/wp\/v2\/types\/page"}],"author":[{"embeddable":true,"href":"https:\/\/vivaro.com\/en\/wp-json\/wp\/v2\/users\/1"}],"replies":[{"embeddable":true,"href":"https:\/\/vivaro.com\/en\/wp-json\/wp\/v2\/comments?post=13076"}],"version-history":[{"count":5,"href":"https:\/\/vivaro.com\/en\/wp-json\/wp\/v2\/pages\/13076\/revisions"}],"predecessor-version":[{"id":13083,"href":"https:\/\/vivaro.com\/en\/wp-json\/wp\/v2\/pages\/13076\/revisions\/13083"}],"wp:attachment":[{"href":"https:\/\/vivaro.com\/en\/wp-json\/wp\/v2\/media?parent=13076"}],"curies":[{"name":"wp","href":"https:\/\/api.w.org\/{rel}","templated":true}]}}