{"id":7276,"date":"2022-03-13T03:57:37","date_gmt":"2022-03-13T03:57:37","guid":{"rendered":"https:\/\/vivaro.com\/?page_id=7276"},"modified":"2022-03-13T21:56:51","modified_gmt":"2022-03-13T21:56:51","slug":"prueba-mapclic","status":"publish","type":"page","link":"https:\/\/vivaro.com\/en\/prueba-mapclic\/","title":{"rendered":"Prueba mapclic"},"content":{"rendered":"\t\t<div data-elementor-type=\"wp-page\" data-elementor-id=\"7276\" class=\"elementor elementor-7276\" data-elementor-post-type=\"page\">\n\t\t\t\t\t\t<section class=\"elementor-section elementor-top-section elementor-element elementor-element-35ebeba elementor-section-boxed elementor-section-height-default elementor-section-height-default\" data-id=\"35ebeba\" data-element_type=\"section\" data-e-type=\"section\" data-settings=\"{&quot;background_background&quot;:&quot;classic&quot;}\">\n\t\t\t\t\t\t<div class=\"elementor-container elementor-column-gap-default\">\n\t\t\t\t\t<div class=\"elementor-column elementor-col-100 elementor-top-column elementor-element elementor-element-966c483\" data-id=\"966c483\" data-element_type=\"column\" data-e-type=\"column\">\n\t\t\t<div class=\"elementor-widget-wrap elementor-element-populated\">\n\t\t\t\t\t\t<div class=\"elementor-element elementor-element-d858ea9 elementor-widget elementor-widget-spacer\" data-id=\"d858ea9\" data-element_type=\"widget\" data-e-type=\"widget\" data-widget_type=\"spacer.default\">\n\t\t\t\t<div class=\"elementor-widget-container\">\n\t\t\t\t\t\t\t<div class=\"elementor-spacer\">\n\t\t\t<div class=\"elementor-spacer-inner\"><\/div>\n\t\t<\/div>\n\t\t\t\t\t\t<\/div>\n\t\t\t\t<\/div>\n\t\t\t\t<div class=\"elementor-element elementor-element-e6b9e2a elementor-widget elementor-widget-heading\" data-id=\"e6b9e2a\" data-element_type=\"widget\" data-e-type=\"widget\" data-widget_type=\"heading.default\">\n\t\t\t\t<div class=\"elementor-widget-container\">\n\t\t\t\t\t<h2 class=\"elementor-heading-title elementor-size-default\">Directorio <\/h2>\t\t\t\t<\/div>\n\t\t\t\t<\/div>\n\t\t\t\t<div class=\"elementor-element elementor-element-a6cca25 elementor-widget elementor-widget-spacer\" data-id=\"a6cca25\" data-element_type=\"widget\" data-e-type=\"widget\" data-widget_type=\"spacer.default\">\n\t\t\t\t<div class=\"elementor-widget-container\">\n\t\t\t\t\t\t\t<div class=\"elementor-spacer\">\n\t\t\t<div class=\"elementor-spacer-inner\"><\/div>\n\t\t<\/div>\n\t\t\t\t\t\t<\/div>\n\t\t\t\t<\/div>\n\t\t\t\t<div class=\"elementor-element elementor-element-b779857 elementor-widget elementor-widget-shortcode\" data-id=\"b779857\" data-element_type=\"widget\" data-e-type=\"widget\" data-widget_type=\"shortcode.default\">\n\t\t\t\t<div class=\"elementor-widget-container\">\n\t\t\t\t\t\t\t<div class=\"elementor-shortcode\"><div id=\"mapplic-id7279\" data-mapdata=\"{&quot;mapwidth&quot;:&quot;400&quot;,&quot;mapheight&quot;:&quot;200&quot;,&quot;maxheight&quot;:&quot;600&quot;,&quot;portrait&quot;:&quot;850&quot;,&quot;action&quot;:&quot;tooltip&quot;,&quot;fillcolor&quot;:&quot;#3f67ae&quot;,&quot;moretext&quot;:&quot;Ver m\\u00e1s&quot;,&quot;maxscale&quot;:&quot;50&quot;,&quot;zoommargin&quot;:&quot;400&quot;,&quot;basecolor&quot;:&quot;#dddddd&quot;,&quot;bgcolor&quot;:&quot;#f9f5f4&quot;,&quot;bgcolor2&quot;:&quot;#ffffff&quot;,&quot;headingcolor&quot;:&quot;#3f67ae&quot;,&quot;textcolor&quot;:&quot;#898989&quot;,&quot;accentcolor&quot;:&quot;#5688c7&quot;,&quot;fullscreen&quot;:true,&quot;hovertip&quot;:true,&quot;hovertipdesc&quot;:false,&quot;smartip&quot;:false,&quot;deeplinking&quot;:false,&quot;linknewtab&quot;:true,&quot;minimap&quot;:false,&quot;animations&quot;:true,&quot;zoom&quot;:true,&quot;zoombuttons&quot;:true,&quot;clearbutton&quot;:false,&quot;zoomoutclose&quot;:true,&quot;closezoomout&quot;:true,&quot;mousewheel&quot;:true,&quot;mapfill&quot;:true,&quot;sidebar&quot;:true,&quot;search&quot;:false,&quot;searchdescription&quot;:false,&quot;alphabetic&quot;:false,&quot;thumbholder&quot;:false,&quot;sidebartoggle&quot;:false,&quot;filtersopened&quot;:false,&quot;highlight&quot;:false,&quot;customcss&quot;:&quot;&quot;,&quot;topLat&quot;:&quot;0&quot;,&quot;leftLng&quot;:&quot;0&quot;,&quot;bottomLat&quot;:&quot;0&quot;,&quot;rightLng&quot;:&quot;0&quot;,&quot;levels&quot;:[{&quot;id&quot;:&quot;world&quot;,&quot;title&quot;:&quot;World&quot;,&quot;map&quot;:&quot;\\\/\\\/vivaro.com\\\/wp-content\\\/plugins\\\/mapplic\\\/maps\\\/world.svg&quot;,&quot;minimap&quot;:&quot;&quot;}],&quot;styles&quot;:[{&quot;base&quot;:{&quot;fill&quot;:&quot;&quot;},&quot;hover&quot;:{&quot;fill&quot;:&quot;&quot;},&quot;active&quot;:{&quot;fill&quot;:&quot;&quot;},&quot;class&quot;:&quot;mapplic-external&quot;}],&quot;categories&quot;:[{&quot;title&quot;:&quot;Grupo V\\u00edvaro&quot;,&quot;id&quot;:&quot;vi&quot;,&quot;about&quot;:&quot;&quot;,&quot;icon&quot;:&quot;&quot;,&quot;style&quot;:&quot;&quot;,&quot;hide&quot;:&quot;true&quot;,&quot;color&quot;:&quot;#ffffff&quot;}],&quot;locations&quot;:[{&quot;id&quot;:&quot;mx&quot;,&quot;pin&quot;:&quot;pin-pulse pin-label&quot;,&quot;label&quot;:&quot;http:\\\/\\\/vivaro.com\\\/wp-content\\\/uploads\\\/2022\\\/02\\\/tele-icon.svg&quot;,&quot;action&quot;:&quot;tooltip&quot;,&quot;x&quot;:&quot;0.2910&quot;,&quot;y&quot;:&quot;0.5893&quot;,&quot;level&quot;:&quot;world&quot;,&quot;color&quot;:&quot;#3f67ae&quot;,&quot;description&quot;:&quot;&lt;p&gt;Atenci\\u00f3n para Servicios y Proveedores:&lt;br \\\/&gt;cotizaciones@marcatel.net&lt;\\\/p&gt;&lt;p&gt;Atenci\\u00f3n a Clientes:&lt;br \\\/&gt;atencionempresarial@marcatel.net&lt;br \\\/&gt;Tel. 800 777 8000&lt;\\\/p&gt;&lt;p&gt;Colaboraci\\u00f3n con la Seguridad y Justicia&lt;br \\\/&gt;justicia@marcatel.net&lt;br \\\/&gt;Tel. 800 777 8000&lt;\\\/p&gt;&lt;p&gt;MONTERREY&lt;br \\\/&gt;Ave. San Jer\\u00f3nimo 210 Pte. Col. San Jer\\u00f3nimo,&lt;br \\\/&gt;Monterrey, N.L. M\\u00e9xico C.P. 64640&lt;\\\/p&gt;&lt;p&gt;CDMX&lt;br \\\/&gt;Mat\\u00edas Romero No. 216, piso 8 y 9 Col. del Valle,&lt;br \\\/&gt;Benito Ju\\u00e1rez, CDMX C.P. 03100&lt;\\\/p&gt;&lt;p&gt;GUADALAJARA&lt;br \\\/&gt;Ave. Chapultepec 236 Col. Americana,&lt;br \\\/&gt;Guadalajara, Jalisco C.P. 44160&lt;\\\/p&gt;&quot;,&quot;fill&quot;:&quot;#3f67ae&quot;,&quot;title&quot;:&quot; V\\u00edvaro Telecom&quot;,&quot;link&quot;:&quot;https:\\\/\\\/vivaro.com\\\/telecom\\\/&quot;,&quot;zoom&quot;:&quot;12&quot;},{&quot;id&quot;:&quot;ca&quot;,&quot;pin&quot;:&quot;pin-pulse pin-label&quot;,&quot;label&quot;:&quot;http:\\\/\\\/vivaro.com\\\/wp-content\\\/uploads\\\/2022\\\/03\\\/Imago-media-2.svg&quot;,&quot;action&quot;:&quot;tooltip&quot;,&quot;x&quot;:&quot;0.3476&quot;,&quot;y&quot;:&quot;0.4859&quot;,&quot;level&quot;:&quot;world&quot;,&quot;color&quot;:&quot;#3f67ae&quot;,&quot;description&quot;:&quot;&lt;p&gt;\\u00a0&lt;\\\/p&gt;&lt;p&gt;8550 Cote de Liesse, Suite 200&lt;br \\\/&gt;St-Laurent, Quebec Canada H4T 1H2&lt;\\\/p&gt;&lt;p&gt;Telephone International : +1 (514) 461-4136&lt;br \\\/&gt;USA &amp;amp; Canada : +1 (866) 344-5432&lt;br \\\/&gt;Fax International : +1 (514) 344-5439&lt;\\\/p&gt;&lt;p&gt;General Email: contact@aldea.tv&lt;br \\\/&gt;Sales Email: globalsales@aldea.tv&lt;\\\/p&gt;&lt;p&gt;24\\\/7 BOOKING CENTER&lt;br \\\/&gt;Telephone International : +1 (514) 448-2295&lt;br \\\/&gt;(Direct) USA &amp;amp; Canada : +1 (866) 274-8731&lt;br \\\/&gt;Booking Email: nmc@aldea.tv&lt;\\\/p&gt;&lt;p&gt;EUROPE, MIDDLE EAST &amp;amp; AFRICA&lt;br \\\/&gt;Telephone International : +1 (514) 461-4136&lt;\\\/p&gt;&quot;,&quot;fill&quot;:&quot;#3f67ae&quot;,&quot;title&quot;:&quot; V\\u00edvaro Media&quot;,&quot;link&quot;:&quot;https:\\\/\\\/vivaro.com\\\/media\\\/&quot;},{&quot;id&quot;:&quot;mx-f&quot;,&quot;pin&quot;:&quot;pin-pulse pin-label&quot;,&quot;label&quot;:&quot;http:\\\/\\\/vivaro.com\\\/wp-content\\\/uploads\\\/2022\\\/02\\\/digi-icon.svg&quot;,&quot;action&quot;:&quot;tooltip&quot;,&quot;x&quot;:&quot;0.2863&quot;,&quot;y&quot;:&quot;0.6082&quot;,&quot;level&quot;:&quot;world&quot;,&quot;color&quot;:&quot;#3f67ae&quot;,&quot;description&quot;:&quot;&lt;p&gt;Mat\\u00edas Romero 216, Col del Valle&lt;br \\\/&gt;Centro, Benito Ju\\u00e1rez,&lt;br \\\/&gt;03100 Ciudad de M\\u00e9xico, CDMX&lt;\\\/p&gt;&quot;,&quot;fill&quot;:&quot;#3f67ae&quot;,&quot;title&quot;:&quot; V\\u00edvaro Digital&quot;,&quot;link&quot;:&quot;https:\\\/\\\/vivaro.com\\\/digital\\\/&quot;},{&quot;id&quot;:&quot;cl&quot;,&quot;pin&quot;:&quot;pin-bordered pin-label&quot;,&quot;label&quot;:&quot;http:\\\/\\\/vivaro.com\\\/wp-content\\\/uploads\\\/2022\\\/02\\\/video-icon.svg&quot;,&quot;action&quot;:&quot;tooltip&quot;,&quot;x&quot;:&quot;0.3508&quot;,&quot;y&quot;:&quot;0.8923&quot;,&quot;level&quot;:&quot;world&quot;,&quot;color&quot;:&quot;#3f67ae&quot;,&quot;description&quot;:&quot;&lt;p&gt;\\u00a0&lt;\\\/p&gt;&lt;p&gt;Av. Quil\\u00edn 3750, c\\u00f3digo postal 7810895, Macul, Regi\\u00f3n Metropolitana, Chile\\u200b&lt;\\\/p&gt;&lt;p&gt;\\u00a0&lt;\\\/p&gt;&quot;,&quot;fill&quot;:&quot;#3f67ae&quot;,&quot;title&quot;:&quot; V\\u00edvaro Video&quot;,&quot;link&quot;:&quot;https:\\\/\\\/vivaro.com\\\/video\\\/&quot;,&quot;category&quot;:[&quot;vi&quot;]},{&quot;id&quot;:&quot;mx-d&quot;,&quot;pin&quot;:&quot;pin-pulse pin-label&quot;,&quot;label&quot;:&quot;http:\\\/\\\/vivaro.com\\\/wp-content\\\/uploads\\\/2022\\\/02\\\/gaming-icon.svg&quot;,&quot;action&quot;:&quot;tooltip&quot;,&quot;x&quot;:&quot;0.2853&quot;,&quot;y&quot;:&quot;0.5914&quot;,&quot;level&quot;:&quot;world&quot;,&quot;color&quot;:&quot;#3f67ae&quot;,&quot;description&quot;:&quot;&lt;p&gt;Edificio, Piso 5&lt;br \\\/&gt;Ave. San Jer\\u00f3nimo 210 Pte. Col. San Jer\\u00f3nimo,&lt;br \\\/&gt;Monterrey, N.L. M\\u00e9xico C.P. 64640&lt;\\\/p&gt;&lt;p&gt;Informaci\\u00f3n: info@ligaaceesports.com&lt;\\\/p&gt;&lt;p&gt;Ventas: contacto@ligaaceesports.com&lt;\\\/p&gt;&quot;,&quot;fill&quot;:&quot;#3f67ae&quot;,&quot;title&quot;:&quot; V\\u00edvaro Gaming&quot;,&quot;link&quot;:&quot;https:\\\/\\\/vivaro.com\\\/gaming\\\/&quot;},{&quot;id&quot;:&quot;us&quot;,&quot;pin&quot;:&quot;pin-pulse pin-label&quot;,&quot;label&quot;:&quot;http:\\\/\\\/vivaro.com\\\/wp-content\\\/uploads\\\/2022\\\/02\\\/properties-ico.svg&quot;,&quot;action&quot;:&quot;tooltip&quot;,&quot;x&quot;:&quot;0.2898&quot;,&quot;y&quot;:&quot;0.5660&quot;,&quot;level&quot;:&quot;world&quot;,&quot;color&quot;:&quot;#3f67ae&quot;,&quot;description&quot;:&quot;&lt;p&gt;Estados Unidos:&lt;br \\\/&gt;Corporate offices: 10190 Old Katy Rd. Building&lt;br \\\/&gt;Residential properties: 12625 Memorial Townhomes&lt;\\\/p&gt;&lt;p&gt;INFORMACI\\u00d3N:&lt;br \\\/&gt;contact@gusma.com&lt;br \\\/&gt;713-461-4161&lt;\\\/p&gt;&lt;p&gt;M\\u00c9XICO:&lt;br \\\/&gt;Ave. San Jer\\u00f3nimo 210 Pte.&lt;br \\\/&gt;Col. San Jer\\u00f3nimo, Monterrey, N.L.&lt;br \\\/&gt;M\\u00e9xico C.P. 64640&lt;\\\/p&gt;&lt;p&gt;Tel\\u00e9fono: 811 247 7802&lt;br \\\/&gt;E-mail: publi@faisa.mx&lt;\\\/p&gt;&lt;p&gt;\\u00a0&lt;\\\/p&gt;&quot;,&quot;fill&quot;:&quot;#3f67ae&quot;,&quot;title&quot;:&quot; V\\u00edvaro Properties&quot;,&quot;link&quot;:&quot;https:\\\/\\\/vivaro.com\\\/properties\\\/&quot;},{&quot;id&quot;:&quot;mx-c&quot;,&quot;pin&quot;:&quot;pin-pulse pin-label&quot;,&quot;label&quot;:&quot;http:\\\/\\\/vivaro.com\\\/wp-content\\\/uploads\\\/2022\\\/02\\\/comun-icon.svg&quot;,&quot;action&quot;:&quot;tooltip&quot;,&quot;x&quot;:&quot;0.2869&quot;,&quot;y&quot;:&quot;0.5851&quot;,&quot;level&quot;:&quot;world&quot;,&quot;color&quot;:&quot;#3f67ae&quot;,&quot;description&quot;:&quot;&lt;p&gt;Piso 4 y 6&lt;br \\\/&gt;Ave. San Jer\\u00f3nimo 210 Pte.&lt;br \\\/&gt;Col. San Jer\\u00f3nimo,&lt;br \\\/&gt;Monterrey, N.L. M\\u00e9xico C.P. 64640&lt;\\\/p&gt;&quot;,&quot;fill&quot;:&quot;#3f67ae&quot;,&quot;title&quot;:&quot; V\\u00edvaro Comunidad&quot;,&quot;link&quot;:&quot;https:\\\/\\\/vivaro.com\\\/comunidad\\\/&quot;,&quot;zoom&quot;:&quot;10&quot;,&quot;category&quot;:&quot;vi&quot;},{&quot;id&quot;:&quot;init&quot;,&quot;pin&quot;:&quot;pin-bordered pin-label&quot;,&quot;label&quot;:&quot;http:\\\/\\\/vivaro.com\\\/wp-content\\\/uploads\\\/2021\\\/10\\\/favicon-vivaro-18.png&quot;,&quot;action&quot;:&quot;none&quot;,&quot;x&quot;:&quot;0.2878&quot;,&quot;y&quot;:&quot;0.5903&quot;,&quot;level&quot;:&quot;world&quot;,&quot;color&quot;:&quot;#3f67ae&quot;,&quot;zoom&quot;:&quot;20&quot;,&quot;reveal&quot;:&quot;18&quot;,&quot;description&quot;:&quot;&lt;p&gt;Ave. San Jer\\u00f3nimo 210 Pte. Col. San Jer\\u00f3nimo,&lt;br \\\/&gt;Monterrey, N.L. M\\u00e9xico C.P. 64640&lt;\\\/p&gt;&quot;,&quot;style&quot;:&quot;mapplic-external&quot;,&quot;title&quot;:&quot;Grupo V\\u00edvaro&quot;,&quot;hide&quot;:true}]}\" data-landmark=\"\u201cmx\u201d\" data-height=\"75%\"><\/div><\/div>\n\t\t\t\t\t\t<\/div>\n\t\t\t\t<\/div>\n\t\t\t\t\t<\/div>\n\t\t<\/div>\n\t\t\t\t\t<\/div>\n\t\t<\/section>\n\t\t\t\t<\/div>\n\t\t","protected":false},"excerpt":{"rendered":"<p>Directory<\/p>","protected":false},"author":1,"featured_media":0,"parent":0,"menu_order":0,"comment_status":"closed","ping_status":"closed","template":"elementor_canvas","meta":{"footnotes":""},"class_list":["post-7276","page","type-page","status-publish","hentry"],"yoast_head":"<!-- This site is optimized with the Yoast SEO plugin v27.5 - https:\/\/yoast.com\/product\/yoast-seo-wordpress\/ -->\n<title>Prueba mapclic - V\u00edvaro<\/title>\n<meta name=\"robots\" content=\"index, follow, max-snippet:-1, max-image-preview:large, max-video-preview:-1\" \/>\n<link rel=\"canonical\" href=\"https:\/\/vivaro.com\/en\/prueba-mapclic\/\" \/>\n<meta property=\"og:locale\" content=\"en_US\" \/>\n<meta property=\"og:type\" content=\"article\" \/>\n<meta property=\"og:title\" content=\"Prueba mapclic - V\u00edvaro\" \/>\n<meta property=\"og:description\" content=\"Directorio\" \/>\n<meta property=\"og:url\" content=\"https:\/\/vivaro.com\/en\/prueba-mapclic\/\" \/>\n<meta property=\"og:site_name\" content=\"V\u00edvaro\" \/>\n<meta property=\"article:publisher\" content=\"https:\/\/www.facebook.com\/grupovivaro\" \/>\n<meta property=\"article:modified_time\" content=\"2022-03-13T21:56:51+00:00\" \/>\n<meta name=\"twitter:card\" content=\"summary_large_image\" \/>\n<meta name=\"twitter:site\" content=\"@GrupoVivaro\" \/>\n<script type=\"application\/ld+json\" class=\"yoast-schema-graph\">{\"@context\":\"https:\\\/\\\/schema.org\",\"@graph\":[{\"@type\":\"WebPage\",\"@id\":\"https:\\\/\\\/vivaro.com\\\/prueba-mapclic\\\/\",\"url\":\"https:\\\/\\\/vivaro.com\\\/prueba-mapclic\\\/\",\"name\":\"Prueba mapclic - V\u00edvaro\",\"isPartOf\":{\"@id\":\"https:\\\/\\\/vivaro.com\\\/en\\\/#website\"},\"datePublished\":\"2022-03-13T03:57:37+00:00\",\"dateModified\":\"2022-03-13T21:56:51+00:00\",\"breadcrumb\":{\"@id\":\"https:\\\/\\\/vivaro.com\\\/prueba-mapclic\\\/#breadcrumb\"},\"inLanguage\":\"en-US\",\"potentialAction\":[{\"@type\":\"ReadAction\",\"target\":[\"https:\\\/\\\/vivaro.com\\\/prueba-mapclic\\\/\"]}]},{\"@type\":\"BreadcrumbList\",\"@id\":\"https:\\\/\\\/vivaro.com\\\/prueba-mapclic\\\/#breadcrumb\",\"itemListElement\":[{\"@type\":\"ListItem\",\"position\":1,\"name\":\"Portada\",\"item\":\"https:\\\/\\\/vivaro.com\\\/\"},{\"@type\":\"ListItem\",\"position\":2,\"name\":\"Prueba mapclic\"}]},{\"@type\":\"WebSite\",\"@id\":\"https:\\\/\\\/vivaro.com\\\/en\\\/#website\",\"url\":\"https:\\\/\\\/vivaro.com\\\/en\\\/\",\"name\":\"V\u00edvaro\",\"description\":\"Inovaci\u00f3n tecnol\u00f3gica y servicios de telecomunicaciones.\",\"publisher\":{\"@id\":\"https:\\\/\\\/vivaro.com\\\/en\\\/#organization\"},\"potentialAction\":[{\"@type\":\"SearchAction\",\"target\":{\"@type\":\"EntryPoint\",\"urlTemplate\":\"https:\\\/\\\/vivaro.com\\\/en\\\/?s={search_term_string}\"},\"query-input\":{\"@type\":\"PropertyValueSpecification\",\"valueRequired\":true,\"valueName\":\"search_term_string\"}}],\"inLanguage\":\"en-US\"},{\"@type\":\"Organization\",\"@id\":\"https:\\\/\\\/vivaro.com\\\/en\\\/#organization\",\"name\":\"V\u00edvaro\",\"url\":\"https:\\\/\\\/vivaro.com\\\/en\\\/\",\"logo\":{\"@type\":\"ImageObject\",\"inLanguage\":\"en-US\",\"@id\":\"https:\\\/\\\/vivaro.com\\\/en\\\/#\\\/schema\\\/logo\\\/image\\\/\",\"url\":\"https:\\\/\\\/vivaro.com\\\/wp-content\\\/uploads\\\/2022\\\/03\\\/vivaro-19-1.png\",\"contentUrl\":\"https:\\\/\\\/vivaro.com\\\/wp-content\\\/uploads\\\/2022\\\/03\\\/vivaro-19-1.png\",\"width\":599,\"height\":308,\"caption\":\"V\u00edvaro\"},\"image\":{\"@id\":\"https:\\\/\\\/vivaro.com\\\/en\\\/#\\\/schema\\\/logo\\\/image\\\/\"},\"sameAs\":[\"https:\\\/\\\/www.facebook.com\\\/grupovivaro\",\"https:\\\/\\\/x.com\\\/GrupoVivaro\",\"https:\\\/\\\/www.instagram.com\\\/grupovivaro\\\/?hl=es-la\",\"https:\\\/\\\/www.linkedin.com\\\/company\\\/grupovivaro\\\/\"]}]}<\/script>\n<!-- \/ Yoast SEO plugin. -->","yoast_head_json":{"title":"Prueba mapclic - V\u00edvaro","robots":{"index":"index","follow":"follow","max-snippet":"max-snippet:-1","max-image-preview":"max-image-preview:large","max-video-preview":"max-video-preview:-1"},"canonical":"https:\/\/vivaro.com\/en\/prueba-mapclic\/","og_locale":"en_US","og_type":"article","og_title":"Prueba mapclic - V\u00edvaro","og_description":"Directorio","og_url":"https:\/\/vivaro.com\/en\/prueba-mapclic\/","og_site_name":"V\u00edvaro","article_publisher":"https:\/\/www.facebook.com\/grupovivaro","article_modified_time":"2022-03-13T21:56:51+00:00","twitter_card":"summary_large_image","twitter_site":"@GrupoVivaro","schema":{"@context":"https:\/\/schema.org","@graph":[{"@type":"WebPage","@id":"https:\/\/vivaro.com\/prueba-mapclic\/","url":"https:\/\/vivaro.com\/prueba-mapclic\/","name":"Prueba mapclic - V\u00edvaro","isPartOf":{"@id":"https:\/\/vivaro.com\/en\/#website"},"datePublished":"2022-03-13T03:57:37+00:00","dateModified":"2022-03-13T21:56:51+00:00","breadcrumb":{"@id":"https:\/\/vivaro.com\/prueba-mapclic\/#breadcrumb"},"inLanguage":"en-US","potentialAction":[{"@type":"ReadAction","target":["https:\/\/vivaro.com\/prueba-mapclic\/"]}]},{"@type":"BreadcrumbList","@id":"https:\/\/vivaro.com\/prueba-mapclic\/#breadcrumb","itemListElement":[{"@type":"ListItem","position":1,"name":"Portada","item":"https:\/\/vivaro.com\/"},{"@type":"ListItem","position":2,"name":"Prueba mapclic"}]},{"@type":"WebSite","@id":"https:\/\/vivaro.com\/en\/#website","url":"https:\/\/vivaro.com\/en\/","name":"V\u00edvaro","description":"Inovaci\u00f3n tecnol\u00f3gica y servicios de telecomunicaciones.","publisher":{"@id":"https:\/\/vivaro.com\/en\/#organization"},"potentialAction":[{"@type":"SearchAction","target":{"@type":"EntryPoint","urlTemplate":"https:\/\/vivaro.com\/en\/?s={search_term_string}"},"query-input":{"@type":"PropertyValueSpecification","valueRequired":true,"valueName":"search_term_string"}}],"inLanguage":"en-US"},{"@type":"Organization","@id":"https:\/\/vivaro.com\/en\/#organization","name":"V\u00edvaro","url":"https:\/\/vivaro.com\/en\/","logo":{"@type":"ImageObject","inLanguage":"en-US","@id":"https:\/\/vivaro.com\/en\/#\/schema\/logo\/image\/","url":"https:\/\/vivaro.com\/wp-content\/uploads\/2022\/03\/vivaro-19-1.png","contentUrl":"https:\/\/vivaro.com\/wp-content\/uploads\/2022\/03\/vivaro-19-1.png","width":599,"height":308,"caption":"V\u00edvaro"},"image":{"@id":"https:\/\/vivaro.com\/en\/#\/schema\/logo\/image\/"},"sameAs":["https:\/\/www.facebook.com\/grupovivaro","https:\/\/x.com\/GrupoVivaro","https:\/\/www.instagram.com\/grupovivaro\/?hl=es-la","https:\/\/www.linkedin.com\/company\/grupovivaro\/"]}]}},"_links":{"self":[{"href":"https:\/\/vivaro.com\/en\/wp-json\/wp\/v2\/pages\/7276","targetHints":{"allow":["GET"]}}],"collection":[{"href":"https:\/\/vivaro.com\/en\/wp-json\/wp\/v2\/pages"}],"about":[{"href":"https:\/\/vivaro.com\/en\/wp-json\/wp\/v2\/types\/page"}],"author":[{"embeddable":true,"href":"https:\/\/vivaro.com\/en\/wp-json\/wp\/v2\/users\/1"}],"replies":[{"embeddable":true,"href":"https:\/\/vivaro.com\/en\/wp-json\/wp\/v2\/comments?post=7276"}],"version-history":[{"count":0,"href":"https:\/\/vivaro.com\/en\/wp-json\/wp\/v2\/pages\/7276\/revisions"}],"wp:attachment":[{"href":"https:\/\/vivaro.com\/en\/wp-json\/wp\/v2\/media?parent=7276"}],"curies":[{"name":"wp","href":"https:\/\/api.w.org\/{rel}","templated":true}]}}