{"id":12492,"date":"2023-04-28T08:34:54","date_gmt":"2023-04-28T13:34:54","guid":{"rendered":"https:\/\/vivaro.com\/?page_id=12492"},"modified":"2024-04-04T12:44:14","modified_gmt":"2024-04-04T18:44:14","slug":"alebrije_vip2023","status":"publish","type":"page","link":"https:\/\/vivaro.com\/fr\/alebrije_vip2023\/","title":{"rendered":"alebrije_vip2023"},"content":{"rendered":"<div data-elementor-type=\"wp-page\" data-elementor-id=\"12492\" class=\"elementor elementor-12492\" data-elementor-post-type=\"page\">\n\t\t\t\t\t\t<section class=\"elementor-section elementor-top-section elementor-element elementor-element-605b5de8 elementor-section-boxed elementor-section-height-default elementor-section-height-default\" data-id=\"605b5de8\" data-element_type=\"section\" data-e-type=\"section\" data-settings=\"{&quot;background_background&quot;:&quot;classic&quot;}\">\n\t\t\t\t\t\t<div class=\"elementor-container elementor-column-gap-default\">\n\t\t\t\t\t<div class=\"elementor-column elementor-col-100 elementor-top-column elementor-element elementor-element-54ce3a30\" data-id=\"54ce3a30\" data-element_type=\"column\" data-e-type=\"column\">\n\t\t\t<div class=\"elementor-widget-wrap elementor-element-populated\">\n\t\t\t\t\t\t<div class=\"elementor-element elementor-element-57fbba02 elementor-widget-divider--view-line elementor-widget elementor-widget-divider\" data-id=\"57fbba02\" data-element_type=\"widget\" data-e-type=\"widget\" data-widget_type=\"divider.default\">\n\t\t\t\t<div class=\"elementor-widget-container\">\n\t\t\t\t\t\t\t<div class=\"elementor-divider\">\n\t\t\t<span class=\"elementor-divider-separator\">\n\t\t\t\t\t\t<\/span>\n\t\t<\/div>\n\t\t\t\t\t\t<\/div>\n\t\t\t\t<\/div>\n\t\t\t\t\t<\/div>\n\t\t<\/div>\n\t\t\t\t\t<\/div>\n\t\t<\/section>\n\t\t\t\t<section class=\"elementor-section elementor-top-section elementor-element elementor-element-56205a4b elementor-section-boxed elementor-section-height-default elementor-section-height-default\" data-id=\"56205a4b\" data-element_type=\"section\" data-e-type=\"section\" data-settings=\"{&quot;background_background&quot;:&quot;classic&quot;}\">\n\t\t\t\t\t\t<div class=\"elementor-container elementor-column-gap-default\">\n\t\t\t\t\t<div class=\"elementor-column elementor-col-100 elementor-top-column elementor-element elementor-element-14f29217\" data-id=\"14f29217\" data-element_type=\"column\" data-e-type=\"column\">\n\t\t\t<div class=\"elementor-widget-wrap elementor-element-populated\">\n\t\t\t\t\t\t<div class=\"elementor-element elementor-element-13fd6238 elementor-widget elementor-widget-spacer\" data-id=\"13fd6238\" data-element_type=\"widget\" data-e-type=\"widget\" data-widget_type=\"spacer.default\">\n\t\t\t\t<div class=\"elementor-widget-container\">\n\t\t\t\t\t\t\t<div class=\"elementor-spacer\">\n\t\t\t<div class=\"elementor-spacer-inner\"><\/div>\n\t\t<\/div>\n\t\t\t\t\t\t<\/div>\n\t\t\t\t<\/div>\n\t\t\t\t\t<\/div>\n\t\t<\/div>\n\t\t\t\t\t<\/div>\n\t\t<\/section>\n\t\t\t\t<section class=\"elementor-section elementor-top-section elementor-element elementor-element-733315c3 elementor-section-full_width elementor-section-height-default elementor-section-height-default\" data-id=\"733315c3\" data-element_type=\"section\" data-e-type=\"section\" data-settings=\"{&quot;background_background&quot;:&quot;classic&quot;}\">\n\t\t\t\t\t\t<div class=\"elementor-container elementor-column-gap-default\">\n\t\t\t\t\t<div class=\"elementor-column elementor-col-50 elementor-top-column elementor-element elementor-element-52d8b2c4\" data-id=\"52d8b2c4\" data-element_type=\"column\" data-e-type=\"column\">\n\t\t\t<div class=\"elementor-widget-wrap elementor-element-populated\">\n\t\t\t\t\t\t<div class=\"elementor-element elementor-element-3a6bda6a elementor-widget__width-initial elementor-widget elementor-widget-image\" data-id=\"3a6bda6a\" data-element_type=\"widget\" data-e-type=\"widget\" data-widget_type=\"image.default\">\n\t\t\t\t<div class=\"elementor-widget-container\">\n\t\t\t\t\t\t\t\t\t\t\t\t\t\t\t<img fetchpriority=\"high\" decoding=\"async\" width=\"768\" height=\"1365\" src=\"https:\/\/vivaro.com\/wp-content\/uploads\/2023\/04\/Untitled-design38-1-768x1365.png\" class=\"attachment-medium_large size-medium_large wp-image-12520\" alt=\"\" srcset=\"https:\/\/vivaro.com\/wp-content\/uploads\/2023\/04\/Untitled-design38-1-768x1365.png 768w, https:\/\/vivaro.com\/wp-content\/uploads\/2023\/04\/Untitled-design38-1-169x300.png 169w, https:\/\/vivaro.com\/wp-content\/uploads\/2023\/04\/Untitled-design38-1-576x1024.png 576w, https:\/\/vivaro.com\/wp-content\/uploads\/2023\/04\/Untitled-design38-1-864x1536.png 864w, https:\/\/vivaro.com\/wp-content\/uploads\/2023\/04\/Untitled-design38-1-7x12.png 7w, https:\/\/vivaro.com\/wp-content\/uploads\/2023\/04\/Untitled-design38-1-14x24.png 14w, https:\/\/vivaro.com\/wp-content\/uploads\/2023\/04\/Untitled-design38-1-20x36.png 20w, https:\/\/vivaro.com\/wp-content\/uploads\/2023\/04\/Untitled-design38-1-27x48.png 27w, https:\/\/vivaro.com\/wp-content\/uploads\/2023\/04\/Untitled-design38-1.png 1080w\" sizes=\"(max-width: 768px) 100vw, 768px\" \/>\t\t\t\t\t\t\t\t\t\t\t\t\t\t\t<\/div>\n\t\t\t\t<\/div>\n\t\t\t\t\t<\/div>\n\t\t<\/div>\n\t\t\t\t<div class=\"elementor-column elementor-col-50 elementor-top-column elementor-element elementor-element-253f715d\" data-id=\"253f715d\" data-element_type=\"column\" data-e-type=\"column\">\n\t\t\t<div class=\"elementor-widget-wrap elementor-element-populated\">\n\t\t\t\t\t\t<div class=\"elementor-element elementor-element-589f9168 elementor-widget elementor-widget-html\" data-id=\"589f9168\" data-element_type=\"widget\" data-e-type=\"widget\" data-widget_type=\"html.default\">\n\t\t\t\t<div class=\"elementor-widget-container\">\n\t\t\t\t\t<div class=\"video_wrapper\">\n<iframe frameborder=\"0\" width=\"100%\" height=\"100%\" src=\"https:\/\/vivaro.ovp-vivaro.digital\/embed\/?v=32268643ee194c68c6\" allowfullscreen allow=\"autoplay\">\n<\/iframe><\/div>\t\t\t\t<\/div>\n\t\t\t\t<\/div>\n\t\t\t\t\t<\/div>\n\t\t<\/div>\n\t\t\t\t\t<\/div>\n\t\t<\/section>\n\t\t\t\t<section class=\"elementor-section elementor-top-section elementor-element elementor-element-78173758 elementor-section-boxed elementor-section-height-default elementor-section-height-default\" data-id=\"78173758\" data-element_type=\"section\" data-e-type=\"section\" data-settings=\"{&quot;background_background&quot;:&quot;classic&quot;}\">\n\t\t\t\t\t\t<div class=\"elementor-container elementor-column-gap-default\">\n\t\t\t\t\t<div class=\"elementor-column elementor-col-100 elementor-top-column elementor-element elementor-element-79a09097\" data-id=\"79a09097\" data-element_type=\"column\" data-e-type=\"column\">\n\t\t\t<div class=\"elementor-widget-wrap elementor-element-populated\">\n\t\t\t\t\t\t<div class=\"elementor-element elementor-element-7169d8d2 elementor-widget elementor-widget-spacer\" data-id=\"7169d8d2\" data-element_type=\"widget\" data-e-type=\"widget\" data-widget_type=\"spacer.default\">\n\t\t\t\t<div class=\"elementor-widget-container\">\n\t\t\t\t\t\t\t<div class=\"elementor-spacer\">\n\t\t\t<div class=\"elementor-spacer-inner\"><\/div>\n\t\t<\/div>\n\t\t\t\t\t\t<\/div>\n\t\t\t\t<\/div>\n\t\t\t\t\t<\/div>\n\t\t<\/div>\n\t\t\t\t\t<\/div>\n\t\t<\/section>\n\t\t\t\t<section class=\"elementor-section elementor-top-section elementor-element elementor-element-6e2ccade elementor-section-boxed elementor-section-height-default elementor-section-height-default\" data-id=\"6e2ccade\" data-element_type=\"section\" data-e-type=\"section\" data-settings=\"{&quot;background_background&quot;:&quot;classic&quot;}\">\n\t\t\t\t\t\t<div class=\"elementor-container elementor-column-gap-default\">\n\t\t\t\t\t<div class=\"elementor-column elementor-col-100 elementor-top-column elementor-element elementor-element-45e76e1b\" data-id=\"45e76e1b\" data-element_type=\"column\" data-e-type=\"column\">\n\t\t\t<div class=\"elementor-widget-wrap elementor-element-populated\">\n\t\t\t\t\t\t<div class=\"elementor-element elementor-element-3c490e4c elementor-widget-divider--view-line elementor-widget elementor-widget-divider\" data-id=\"3c490e4c\" data-element_type=\"widget\" data-e-type=\"widget\" data-widget_type=\"divider.default\">\n\t\t\t\t<div class=\"elementor-widget-container\">\n\t\t\t\t\t\t\t<div class=\"elementor-divider\">\n\t\t\t<span class=\"elementor-divider-separator\">\n\t\t\t\t\t\t<\/span>\n\t\t<\/div>\n\t\t\t\t\t\t<\/div>\n\t\t\t\t<\/div>\n\t\t\t\t\t<\/div>\n\t\t<\/div>\n\t\t\t\t\t<\/div>\n\t\t<\/section>\n\t\t\t\t<\/div>","protected":false},"excerpt":{"rendered":"","protected":false},"author":1,"featured_media":0,"parent":0,"menu_order":0,"comment_status":"closed","ping_status":"closed","template":"","meta":{"footnotes":""},"class_list":["post-12492","page","type-page","status-publish","hentry"],"yoast_head":"<!-- This site is optimized with the Yoast SEO plugin v27.3 - https:\/\/yoast.com\/product\/yoast-seo-wordpress\/ -->\n<title>alebrije_vip2023 - V\u00edvaro<\/title>\n<meta name=\"robots\" content=\"index, follow, max-snippet:-1, max-image-preview:large, max-video-preview:-1\" \/>\n<link rel=\"canonical\" href=\"https:\/\/vivaro.com\/fr\/alebrije_vip2023\/\" \/>\n<meta property=\"og:locale\" content=\"fr_CA\" \/>\n<meta property=\"og:type\" content=\"article\" \/>\n<meta property=\"og:title\" content=\"alebrije_vip2023 - V\u00edvaro\" \/>\n<meta property=\"og:url\" content=\"https:\/\/vivaro.com\/fr\/alebrije_vip2023\/\" \/>\n<meta property=\"og:site_name\" content=\"V\u00edvaro\" \/>\n<meta property=\"article:publisher\" content=\"https:\/\/www.facebook.com\/grupovivaro\" \/>\n<meta property=\"article:modified_time\" content=\"2024-04-04T18:44:14+00:00\" \/>\n<meta property=\"og:image\" content=\"http:\/\/vivaro.com\/wp-content\/uploads\/2023\/04\/Untitled-design38-1-768x1365.png\" \/>\n<meta name=\"twitter:card\" content=\"summary_large_image\" \/>\n<meta name=\"twitter:site\" content=\"@GrupoVivaro\" \/>\n<meta name=\"twitter:label1\" content=\"Estimation du temps de lecture\" \/>\n\t<meta name=\"twitter:data1\" content=\"1 minute\" \/>\n<script type=\"application\/ld+json\" class=\"yoast-schema-graph\">{\"@context\":\"https:\\\/\\\/schema.org\",\"@graph\":[{\"@type\":\"WebPage\",\"@id\":\"https:\\\/\\\/vivaro.com\\\/alebrije_vip2023\\\/\",\"url\":\"https:\\\/\\\/vivaro.com\\\/alebrije_vip2023\\\/\",\"name\":\"alebrije_vip2023 - V\u00edvaro\",\"isPartOf\":{\"@id\":\"https:\\\/\\\/vivaro.com\\\/en\\\/#website\"},\"primaryImageOfPage\":{\"@id\":\"https:\\\/\\\/vivaro.com\\\/alebrije_vip2023\\\/#primaryimage\"},\"image\":{\"@id\":\"https:\\\/\\\/vivaro.com\\\/alebrije_vip2023\\\/#primaryimage\"},\"thumbnailUrl\":\"http:\\\/\\\/vivaro.com\\\/wp-content\\\/uploads\\\/2023\\\/04\\\/Untitled-design38-1-768x1365.png\",\"datePublished\":\"2023-04-28T13:34:54+00:00\",\"dateModified\":\"2024-04-04T18:44:14+00:00\",\"breadcrumb\":{\"@id\":\"https:\\\/\\\/vivaro.com\\\/alebrije_vip2023\\\/#breadcrumb\"},\"inLanguage\":\"fr-CA\",\"potentialAction\":[{\"@type\":\"ReadAction\",\"target\":[\"https:\\\/\\\/vivaro.com\\\/alebrije_vip2023\\\/\"]}]},{\"@type\":\"ImageObject\",\"inLanguage\":\"fr-CA\",\"@id\":\"https:\\\/\\\/vivaro.com\\\/alebrije_vip2023\\\/#primaryimage\",\"url\":\"http:\\\/\\\/vivaro.com\\\/wp-content\\\/uploads\\\/2023\\\/04\\\/Untitled-design38-1-768x1365.png\",\"contentUrl\":\"http:\\\/\\\/vivaro.com\\\/wp-content\\\/uploads\\\/2023\\\/04\\\/Untitled-design38-1-768x1365.png\"},{\"@type\":\"BreadcrumbList\",\"@id\":\"https:\\\/\\\/vivaro.com\\\/alebrije_vip2023\\\/#breadcrumb\",\"itemListElement\":[{\"@type\":\"ListItem\",\"position\":1,\"name\":\"Portada\",\"item\":\"https:\\\/\\\/vivaro.com\\\/\"},{\"@type\":\"ListItem\",\"position\":2,\"name\":\"alebrije_vip2023\"}]},{\"@type\":\"WebSite\",\"@id\":\"https:\\\/\\\/vivaro.com\\\/en\\\/#website\",\"url\":\"https:\\\/\\\/vivaro.com\\\/en\\\/\",\"name\":\"V\u00edvaro\",\"description\":\"Inovaci\u00f3n tecnol\u00f3gica y servicios de telecomunicaciones.\",\"publisher\":{\"@id\":\"https:\\\/\\\/vivaro.com\\\/en\\\/#organization\"},\"potentialAction\":[{\"@type\":\"SearchAction\",\"target\":{\"@type\":\"EntryPoint\",\"urlTemplate\":\"https:\\\/\\\/vivaro.com\\\/en\\\/?s={search_term_string}\"},\"query-input\":{\"@type\":\"PropertyValueSpecification\",\"valueRequired\":true,\"valueName\":\"search_term_string\"}}],\"inLanguage\":\"fr-CA\"},{\"@type\":\"Organization\",\"@id\":\"https:\\\/\\\/vivaro.com\\\/en\\\/#organization\",\"name\":\"V\u00edvaro\",\"url\":\"https:\\\/\\\/vivaro.com\\\/en\\\/\",\"logo\":{\"@type\":\"ImageObject\",\"inLanguage\":\"fr-CA\",\"@id\":\"https:\\\/\\\/vivaro.com\\\/en\\\/#\\\/schema\\\/logo\\\/image\\\/\",\"url\":\"https:\\\/\\\/vivaro.com\\\/wp-content\\\/uploads\\\/2022\\\/03\\\/vivaro-19-1.png\",\"contentUrl\":\"https:\\\/\\\/vivaro.com\\\/wp-content\\\/uploads\\\/2022\\\/03\\\/vivaro-19-1.png\",\"width\":599,\"height\":308,\"caption\":\"V\u00edvaro\"},\"image\":{\"@id\":\"https:\\\/\\\/vivaro.com\\\/en\\\/#\\\/schema\\\/logo\\\/image\\\/\"},\"sameAs\":[\"https:\\\/\\\/www.facebook.com\\\/grupovivaro\",\"https:\\\/\\\/x.com\\\/GrupoVivaro\",\"https:\\\/\\\/www.instagram.com\\\/grupovivaro\\\/?hl=es-la\",\"https:\\\/\\\/www.linkedin.com\\\/company\\\/grupovivaro\\\/\"]}]}<\/script>\n<!-- \/ Yoast SEO plugin. -->","yoast_head_json":{"title":"alebrije_vip2023 - V\u00edvaro","robots":{"index":"index","follow":"follow","max-snippet":"max-snippet:-1","max-image-preview":"max-image-preview:large","max-video-preview":"max-video-preview:-1"},"canonical":"https:\/\/vivaro.com\/fr\/alebrije_vip2023\/","og_locale":"fr_CA","og_type":"article","og_title":"alebrije_vip2023 - V\u00edvaro","og_url":"https:\/\/vivaro.com\/fr\/alebrije_vip2023\/","og_site_name":"V\u00edvaro","article_publisher":"https:\/\/www.facebook.com\/grupovivaro","article_modified_time":"2024-04-04T18:44:14+00:00","og_image":[{"url":"http:\/\/vivaro.com\/wp-content\/uploads\/2023\/04\/Untitled-design38-1-768x1365.png","type":"","width":"","height":""}],"twitter_card":"summary_large_image","twitter_site":"@GrupoVivaro","twitter_misc":{"Estimation du temps de lecture":"1 minute"},"schema":{"@context":"https:\/\/schema.org","@graph":[{"@type":"WebPage","@id":"https:\/\/vivaro.com\/alebrije_vip2023\/","url":"https:\/\/vivaro.com\/alebrije_vip2023\/","name":"alebrije_vip2023 - V\u00edvaro","isPartOf":{"@id":"https:\/\/vivaro.com\/en\/#website"},"primaryImageOfPage":{"@id":"https:\/\/vivaro.com\/alebrije_vip2023\/#primaryimage"},"image":{"@id":"https:\/\/vivaro.com\/alebrije_vip2023\/#primaryimage"},"thumbnailUrl":"http:\/\/vivaro.com\/wp-content\/uploads\/2023\/04\/Untitled-design38-1-768x1365.png","datePublished":"2023-04-28T13:34:54+00:00","dateModified":"2024-04-04T18:44:14+00:00","breadcrumb":{"@id":"https:\/\/vivaro.com\/alebrije_vip2023\/#breadcrumb"},"inLanguage":"fr-CA","potentialAction":[{"@type":"ReadAction","target":["https:\/\/vivaro.com\/alebrije_vip2023\/"]}]},{"@type":"ImageObject","inLanguage":"fr-CA","@id":"https:\/\/vivaro.com\/alebrije_vip2023\/#primaryimage","url":"http:\/\/vivaro.com\/wp-content\/uploads\/2023\/04\/Untitled-design38-1-768x1365.png","contentUrl":"http:\/\/vivaro.com\/wp-content\/uploads\/2023\/04\/Untitled-design38-1-768x1365.png"},{"@type":"BreadcrumbList","@id":"https:\/\/vivaro.com\/alebrije_vip2023\/#breadcrumb","itemListElement":[{"@type":"ListItem","position":1,"name":"Portada","item":"https:\/\/vivaro.com\/"},{"@type":"ListItem","position":2,"name":"alebrije_vip2023"}]},{"@type":"WebSite","@id":"https:\/\/vivaro.com\/en\/#website","url":"https:\/\/vivaro.com\/en\/","name":"V\u00edvaro","description":"Inovaci\u00f3n tecnol\u00f3gica y servicios de telecomunicaciones.","publisher":{"@id":"https:\/\/vivaro.com\/en\/#organization"},"potentialAction":[{"@type":"SearchAction","target":{"@type":"EntryPoint","urlTemplate":"https:\/\/vivaro.com\/en\/?s={search_term_string}"},"query-input":{"@type":"PropertyValueSpecification","valueRequired":true,"valueName":"search_term_string"}}],"inLanguage":"fr-CA"},{"@type":"Organization","@id":"https:\/\/vivaro.com\/en\/#organization","name":"V\u00edvaro","url":"https:\/\/vivaro.com\/en\/","logo":{"@type":"ImageObject","inLanguage":"fr-CA","@id":"https:\/\/vivaro.com\/en\/#\/schema\/logo\/image\/","url":"https:\/\/vivaro.com\/wp-content\/uploads\/2022\/03\/vivaro-19-1.png","contentUrl":"https:\/\/vivaro.com\/wp-content\/uploads\/2022\/03\/vivaro-19-1.png","width":599,"height":308,"caption":"V\u00edvaro"},"image":{"@id":"https:\/\/vivaro.com\/en\/#\/schema\/logo\/image\/"},"sameAs":["https:\/\/www.facebook.com\/grupovivaro","https:\/\/x.com\/GrupoVivaro","https:\/\/www.instagram.com\/grupovivaro\/?hl=es-la","https:\/\/www.linkedin.com\/company\/grupovivaro\/"]}]}},"_links":{"self":[{"href":"https:\/\/vivaro.com\/fr\/wp-json\/wp\/v2\/pages\/12492","targetHints":{"allow":["GET"]}}],"collection":[{"href":"https:\/\/vivaro.com\/fr\/wp-json\/wp\/v2\/pages"}],"about":[{"href":"https:\/\/vivaro.com\/fr\/wp-json\/wp\/v2\/types\/page"}],"author":[{"embeddable":true,"href":"https:\/\/vivaro.com\/fr\/wp-json\/wp\/v2\/users\/1"}],"replies":[{"embeddable":true,"href":"https:\/\/vivaro.com\/fr\/wp-json\/wp\/v2\/comments?post=12492"}],"version-history":[{"count":1,"href":"https:\/\/vivaro.com\/fr\/wp-json\/wp\/v2\/pages\/12492\/revisions"}],"predecessor-version":[{"id":13854,"href":"https:\/\/vivaro.com\/fr\/wp-json\/wp\/v2\/pages\/12492\/revisions\/13854"}],"wp:attachment":[{"href":"https:\/\/vivaro.com\/fr\/wp-json\/wp\/v2\/media?parent=12492"}],"curies":[{"name":"wp","href":"https:\/\/api.w.org\/{rel}","templated":true}]}}