{"id":13783,"date":"2024-03-12T11:24:59","date_gmt":"2024-03-12T17:24:59","guid":{"rendered":"https:\/\/vivaro.com\/?page_id=13783"},"modified":"2024-03-12T11:29:54","modified_gmt":"2024-03-12T17:29:54","slug":"desfilan-por-el-futuro-de-nuevo-leon","status":"publish","type":"page","link":"https:\/\/vivaro.com\/fr\/desfilan-por-el-futuro-de-nuevo-leon\/","title":{"rendered":"Desfilan por el futuro de Nuevo Le\u00f3n"},"content":{"rendered":"<div data-elementor-type=\"wp-page\" data-elementor-id=\"13783\" class=\"elementor elementor-13783\" data-elementor-post-type=\"page\">\n\t\t\t\t\t\t<section class=\"elementor-section elementor-top-section elementor-element elementor-element-af2d6b0 elementor-section-boxed elementor-section-height-default elementor-section-height-default\" data-id=\"af2d6b0\" data-element_type=\"section\" data-e-type=\"section\">\n\t\t\t\t\t\t<div class=\"elementor-container elementor-column-gap-default\">\n\t\t\t\t\t<div class=\"elementor-column elementor-col-100 elementor-top-column elementor-element elementor-element-211a899\" data-id=\"211a899\" data-element_type=\"column\" data-e-type=\"column\">\n\t\t\t<div class=\"elementor-widget-wrap\">\n\t\t\t\t\t\t\t<\/div>\n\t\t<\/div>\n\t\t\t\t\t<\/div>\n\t\t<\/section>\n\t\t\t\t<section class=\"elementor-section elementor-top-section elementor-element elementor-element-77edd41c elementor-section-height-min-height elementor-section-boxed elementor-section-height-default elementor-section-items-middle\" data-id=\"77edd41c\" data-element_type=\"section\" data-e-type=\"section\" data-settings=\"{&quot;background_background&quot;:&quot;classic&quot;}\">\n\t\t\t\t\t\t\t<div class=\"elementor-background-overlay\"><\/div>\n\t\t\t\t\t\t\t<div class=\"elementor-container elementor-column-gap-default\">\n\t\t\t\t\t<div class=\"elementor-column elementor-col-100 elementor-top-column elementor-element elementor-element-3d5a8e2f\" data-id=\"3d5a8e2f\" data-element_type=\"column\" data-e-type=\"column\">\n\t\t\t<div class=\"elementor-widget-wrap\">\n\t\t\t\t\t\t\t<\/div>\n\t\t<\/div>\n\t\t\t\t\t<\/div>\n\t\t<\/section>\n\t\t\t\t<section class=\"elementor-section elementor-top-section elementor-element elementor-element-58f5f0de elementor-section-boxed elementor-section-height-default elementor-section-height-default\" data-id=\"58f5f0de\" data-element_type=\"section\" data-e-type=\"section\">\n\t\t\t\t\t\t<div class=\"elementor-container elementor-column-gap-default\">\n\t\t\t\t\t<div class=\"elementor-column elementor-col-100 elementor-top-column elementor-element elementor-element-40518f9a\" data-id=\"40518f9a\" data-element_type=\"column\" data-e-type=\"column\" data-settings=\"{&quot;background_background&quot;:&quot;classic&quot;}\">\n\t\t\t<div class=\"elementor-widget-wrap elementor-element-populated\">\n\t\t\t\t\t\t<div class=\"elementor-element elementor-element-455f864d elementor-widget elementor-widget-heading\" data-id=\"455f864d\" data-element_type=\"widget\" data-e-type=\"widget\" data-widget_type=\"heading.default\">\n\t\t\t\t<div class=\"elementor-widget-container\">\n\t\t\t\t\t<h2 class=\"elementor-heading-title elementor-size-default\">Desfilan por el futuro de Nuevo Le\u00f3n<\/h2>\t\t\t\t<\/div>\n\t\t\t\t<\/div>\n\t\t\t\t<div class=\"elementor-element elementor-element-4c0f7073 elementor-align-center elementor-widget elementor-widget-post-info\" data-id=\"4c0f7073\" data-element_type=\"widget\" data-e-type=\"widget\" data-widget_type=\"post-info.default\">\n\t\t\t\t<div class=\"elementor-widget-container\">\n\t\t\t\t\t\t\t<ul class=\"elementor-inline-items elementor-icon-list-items elementor-post-info\">\n\t\t\t\t\t\t\t\t<li class=\"elementor-icon-list-item elementor-repeater-item-6bd1949 elementor-inline-item\">\n\t\t\t\t\t\t\t\t\t\t<span class=\"elementor-icon-list-icon\">\n\t\t\t\t\t\t\t\t<i aria-hidden=\"true\" class=\"far fa-tags\"><\/i>\t\t\t\t\t\t\t<\/span>\n\t\t\t\t\t\t\t\t\t<span class=\"elementor-icon-list-text elementor-post-info__item elementor-post-info__item--type-custom\">\n\t\t\t\t\t\t\t\t\t\t10 DE MARZO DE 2024.\t\t\t\t\t<\/span>\n\t\t\t\t\t\t\t\t<\/li>\n\t\t\t\t<\/ul>\n\t\t\t\t\t\t<\/div>\n\t\t\t\t<\/div>\n\t\t\t\t<div class=\"elementor-element elementor-element-03cb5e3 elementor-widget elementor-widget-image\" data-id=\"03cb5e3\" data-element_type=\"widget\" data-e-type=\"widget\" data-widget_type=\"image.default\">\n\t\t\t\t<div class=\"elementor-widget-container\">\n\t\t\t\t\t\t\t\t\t\t\t\t\t\t\t<img fetchpriority=\"high\" decoding=\"async\" width=\"800\" height=\"600\" src=\"https:\/\/vivaro.com\/wp-content\/uploads\/2024\/03\/8002.jpg\" class=\"attachment-full size-full wp-image-13787\" alt=\"\" srcset=\"https:\/\/vivaro.com\/wp-content\/uploads\/2024\/03\/8002.jpg 800w, https:\/\/vivaro.com\/wp-content\/uploads\/2024\/03\/8002-300x225.jpg 300w, https:\/\/vivaro.com\/wp-content\/uploads\/2024\/03\/8002-768x576.jpg 768w, https:\/\/vivaro.com\/wp-content\/uploads\/2024\/03\/8002-16x12.jpg 16w, https:\/\/vivaro.com\/wp-content\/uploads\/2024\/03\/8002-24x18.jpg 24w, https:\/\/vivaro.com\/wp-content\/uploads\/2024\/03\/8002-36x27.jpg 36w, https:\/\/vivaro.com\/wp-content\/uploads\/2024\/03\/8002-48x36.jpg 48w\" sizes=\"(max-width: 800px) 100vw, 800px\" \/>\t\t\t\t\t\t\t\t\t\t\t\t\t\t\t<\/div>\n\t\t\t\t<\/div>\n\t\t\t\t<div class=\"elementor-element elementor-element-2f0e2b9c elementor-widget elementor-widget-text-editor\" data-id=\"2f0e2b9c\" data-element_type=\"widget\" data-e-type=\"widget\" data-widget_type=\"text-editor.default\">\n\t\t\t\t<div class=\"elementor-widget-container\">\n\t\t\t\t\t\t\t\t\t<p class=\"p1\"><b>Desfilan por el futuro de Nuevo Le\u00f3n<br \/><\/b><\/p><p>\u2022 Casi un centenar de modelos recorren pasarela, para recaudar fondos en<br \/>pro de la Beca Jorge Garc\u00eda Abaroa, A.C., programa de V\u00edvaro Comunidad<\/p><p>\u2022 Aseguran un semestre m\u00e1s de estudios para m\u00e1s de 200 destacados<br \/>j\u00f3venes de Nuevo Le\u00f3n<\/p><p class=\"p1\"><b>Monterrey, Nuevo Le\u00f3n, M\u00e9xico, a 29 de febrero de 2024.<\/b><\/p><p>&#8211; Para dar continuidad a la preparaci\u00f3n acad\u00e9mica de cientos de estudiantes de la entidad, la Beca Jorge Garc\u00eda Abaroa, A.C. realiz\u00f3 esta tarde el evento Moda con Causa, al que se sumaron cientos de benefactores.<\/p><p>El Gran Sal\u00f3n, del Hotel Safi Metropolitan Center, se convirti\u00f3 en la pasarela de modelos locales que se unieron para cumplir el sue\u00f1o acad\u00e9mico de estudiantes de bachillerato y carreras profesionales -espec\u00edficamente de la Universidad Aut\u00f3noma de Nuevo Le\u00f3n y Conalep NL- que reciben la beca por parte de este programa de V\u00edvaro Comunidad.<\/p><p>En el desfile tambi\u00e9n participaron modelos varones, que portaron dise\u00f1os de playeras con las leyendas \u2018esta camiseta beca sue\u00f1os\u2019 y \u2018be can do sue\u00f1os\u2019.<\/p><p>Un total de 60 modelos mostraron a los asistentes benefactores, distintos atuendos del reconocido dise\u00f1ador internacional Jacobo Borge; y de la prestigiada boutique Zalma.<br \/>Habr\u00e1 que destacar que los participantes en la pasarela, eran j\u00f3venes y adultos de entre 16 y 60 a\u00f1os de edad, y fue coordinada por Rafael Z\u00fa\u00f1iga.<br \/>Los anfitriones del evento fueron el presidente y fundador del programa, Don Gustavo M. de la Garza Ortega; el director de V\u00edvaro Comunidad, Jorge Eugenio de la Garza Flores,<br \/>acompa\u00f1ado de su esposa y organizadora del desfile, C\u00f3nsul Honoraria de Tailandia en Monterrey, la se\u00f1ora Piyakamol Limpabandhu (Sra. Puk de De la Garza).<\/p><p><img decoding=\"async\" class=\"wp-image-13791 aligncenter\" src=\"https:\/\/vivaro.com\/wp-content\/uploads\/2024\/03\/beca-300x225.jpg\" alt=\"\" width=\"475\" height=\"356\" srcset=\"https:\/\/vivaro.com\/wp-content\/uploads\/2024\/03\/beca-300x225.jpg 300w, https:\/\/vivaro.com\/wp-content\/uploads\/2024\/03\/beca-1024x768.jpg 1024w, https:\/\/vivaro.com\/wp-content\/uploads\/2024\/03\/beca-768x576.jpg 768w, https:\/\/vivaro.com\/wp-content\/uploads\/2024\/03\/beca-16x12.jpg 16w, https:\/\/vivaro.com\/wp-content\/uploads\/2024\/03\/beca-24x18.jpg 24w, https:\/\/vivaro.com\/wp-content\/uploads\/2024\/03\/beca-36x27.jpg 36w, https:\/\/vivaro.com\/wp-content\/uploads\/2024\/03\/beca-48x36.jpg 48w, https:\/\/vivaro.com\/wp-content\/uploads\/2024\/03\/beca.jpg 1200w\" sizes=\"(max-width: 475px) 100vw, 475px\" \/><\/p><p>\u201cEs un placer que nos acompa\u00f1en a la primera edici\u00f3n de \u2018Moda con Causa\u2019, que se suma a otros eventos que hemos realizado, como conciertos y subastas. Quiero dar un agradecimiento a mi padre y a los patrocinadores que nos hay apoyado\u201d, expres\u00f3 De la Garza Flores, \u201cquiero darle las gracias a mi se\u00f1ora, por la organizaci\u00f3n de los eventos, para seguir apoyando a muchos muchachos para que sigan estudiando. Con el apoyo de todos ustedes, lo estamos logrando\u201d.<\/p><p>Fue en el a\u00f1o 2000 cuando Don Gustavo M. de la Garza Ortega fund\u00f3 esta asociaci\u00f3n civil, que ha apoyado y respaldado, incondicionalmente, a la juventud de Nuevo Le\u00f3n, cuyo sue\u00f1o es crecer profesionalmente, pero que no cuenta con los medios para costear su preparaci\u00f3n media superior y superior.<\/p><p>Actualmente, la Beca Jorge Garc\u00eda Abaroa, A.C. apoya a un total de 230 estudiantes, entre las dos instituciones educativas ya mencionadas.<br \/>Lo recaudado en Moda con Causa permitir\u00e1 asegurar el apoyo durante un semestre m\u00e1s para los beneficiados.<\/p><p>Sobre V\u00edvaro Comunidad<br \/>V\u00edvaro Comunidad es una instituci\u00f3n sin fines de lucro que muestra nuestro lado social de V\u00edvaro que incluye la fundaci\u00f3n y la Beca Jorge Garc\u00eda Abaroa, A.C. La fundaci\u00f3n est\u00e1 enfocada en apoyar proyectos<br \/>educativos, de salud, arte y cultura. La Beca Jorge Garc\u00eda Abaroa, A.C. apoya a ni\u00f1os y j\u00f3venes en el estado de Nuevo Le\u00f3n para continuar sus estudios de educaci\u00f3n media superior. V\u00edvaro Comunidad, es<br \/>una filial de V\u00edvaro. Tiene su sede en Monterrey, M\u00e9xico.<\/p><p>Sitio: https:\/\/www.vivaro.com\/Comunidad<\/p><p>Sitio de la Beca Jorge Garc\u00eda Abaroa, A.C.: <br \/>https:\/\/www.becajgabaroa.org.mx\/<\/p><p>Contacto:<br \/>Elena Torres<br \/>Relaciones P\u00fablicas<br \/>81.17.04.95.18<br \/>etorres@vivaro.com<\/p>\t\t\t\t\t\t\t\t<\/div>\n\t\t\t\t<\/div>\n\t\t\t\t<div class=\"elementor-element elementor-element-4bf24026 elementor-grid-2 elementor-share-buttons--view-icon-text elementor-share-buttons--skin-gradient elementor-share-buttons--shape-square elementor-share-buttons--color-official elementor-widget elementor-widget-share-buttons\" data-id=\"4bf24026\" data-element_type=\"widget\" data-e-type=\"widget\" data-widget_type=\"share-buttons.default\">\n\t\t\t\t<div class=\"elementor-widget-container\">\n\t\t\t\t\t\t\t<div class=\"elementor-grid\" role=\"list\">\n\t\t\t\t\t\t\t\t<div class=\"elementor-grid-item\" role=\"listitem\">\n\t\t\t\t\t\t<div class=\"elementor-share-btn elementor-share-btn_facebook\" role=\"button\" tabindex=\"0\" aria-label=\"Share on facebook\">\n\t\t\t\t\t\t\t\t\t\t\t\t\t\t\t<span class=\"elementor-share-btn__icon\">\n\t\t\t\t\t\t\t\t<svg aria-hidden=\"true\" class=\"e-font-icon-svg e-fab-facebook\" viewbox=\"0 0 512 512\" xmlns=\"http:\/\/www.w3.org\/2000\/svg\"><path d=\"M504 256C504 119 393 8 256 8S8 119 8 256c0 123.78 90.69 226.38 209.25 245V327.69h-63V256h63v-54.64c0-62.15 37-96.48 93.67-96.48 27.14 0 55.52 4.84 55.52 4.84v61h-31.28c-30.8 0-40.41 19.12-40.41 38.73V256h68.78l-11 71.69h-57.78V501C413.31 482.38 504 379.78 504 256z\"><\/path><\/svg>\t\t\t\t\t\t\t<\/span>\n\t\t\t\t\t\t\t\t\t\t\t\t\t\t\t\t\t\t\t\t\t\t<div class=\"elementor-share-btn__text\">\n\t\t\t\t\t\t\t\t\t\t\t\t\t\t\t\t\t\t\t<span class=\"elementor-share-btn__title\">\n\t\t\t\t\t\t\t\t\t\tShare on Facebook\t\t\t\t\t\t\t\t\t<\/span>\n\t\t\t\t\t\t\t\t\t\t\t\t\t\t\t\t\t<\/div>\n\t\t\t\t\t\t\t\t\t\t\t\t\t<\/div>\n\t\t\t\t\t<\/div>\n\t\t\t\t\t\t\t\t\t<div class=\"elementor-grid-item\" role=\"listitem\">\n\t\t\t\t\t\t<div class=\"elementor-share-btn elementor-share-btn_linkedin\" role=\"button\" tabindex=\"0\" aria-label=\"Share on linkedin\">\n\t\t\t\t\t\t\t\t\t\t\t\t\t\t\t<span class=\"elementor-share-btn__icon\">\n\t\t\t\t\t\t\t\t<svg aria-hidden=\"true\" class=\"e-font-icon-svg e-fab-linkedin\" viewbox=\"0 0 448 512\" xmlns=\"http:\/\/www.w3.org\/2000\/svg\"><path d=\"M416 32H31.9C14.3 32 0 46.5 0 64.3v383.4C0 465.5 14.3 480 31.9 480H416c17.6 0 32-14.5 32-32.3V64.3c0-17.8-14.4-32.3-32-32.3zM135.4 416H69V202.2h66.5V416zm-33.2-243c-21.3 0-38.5-17.3-38.5-38.5S80.9 96 102.2 96c21.2 0 38.5 17.3 38.5 38.5 0 21.3-17.2 38.5-38.5 38.5zm282.1 243h-66.4V312c0-24.8-.5-56.7-34.5-56.7-34.6 0-39.9 27-39.9 54.9V416h-66.4V202.2h63.7v29.2h.9c8.9-16.8 30.6-34.5 62.9-34.5 67.2 0 79.7 44.3 79.7 101.9V416z\"><\/path><\/svg>\t\t\t\t\t\t\t<\/span>\n\t\t\t\t\t\t\t\t\t\t\t\t\t\t\t\t\t\t\t\t\t\t<div class=\"elementor-share-btn__text\">\n\t\t\t\t\t\t\t\t\t\t\t\t\t\t\t\t\t\t\t<span class=\"elementor-share-btn__title\">\n\t\t\t\t\t\t\t\t\t\tShare on Linkdin\t\t\t\t\t\t\t\t\t<\/span>\n\t\t\t\t\t\t\t\t\t\t\t\t\t\t\t\t\t<\/div>\n\t\t\t\t\t\t\t\t\t\t\t\t\t<\/div>\n\t\t\t\t\t<\/div>\n\t\t\t\t\t\t\t\t\t<div class=\"elementor-grid-item\" role=\"listitem\">\n\t\t\t\t\t\t<div class=\"elementor-share-btn elementor-share-btn_twitter\" role=\"button\" tabindex=\"0\" aria-label=\"Share on twitter\">\n\t\t\t\t\t\t\t\t\t\t\t\t\t\t\t<span class=\"elementor-share-btn__icon\">\n\t\t\t\t\t\t\t\t<svg aria-hidden=\"true\" class=\"e-font-icon-svg e-fab-twitter\" viewbox=\"0 0 512 512\" xmlns=\"http:\/\/www.w3.org\/2000\/svg\"><path d=\"M459.37 151.716c.325 4.548.325 9.097.325 13.645 0 138.72-105.583 298.558-298.558 298.558-59.452 0-114.68-17.219-161.137-47.106 8.447.974 16.568 1.299 25.34 1.299 49.055 0 94.213-16.568 130.274-44.832-46.132-.975-84.792-31.188-98.112-72.772 6.498.974 12.995 1.624 19.818 1.624 9.421 0 18.843-1.3 27.614-3.573-48.081-9.747-84.143-51.98-84.143-102.985v-1.299c13.969 7.797 30.214 12.67 47.431 13.319-28.264-18.843-46.781-51.005-46.781-87.391 0-19.492 5.197-37.36 14.294-52.954 51.655 63.675 129.3 105.258 216.365 109.807-1.624-7.797-2.599-15.918-2.599-24.04 0-57.828 46.782-104.934 104.934-104.934 30.213 0 57.502 12.67 76.67 33.137 23.715-4.548 46.456-13.32 66.599-25.34-7.798 24.366-24.366 44.833-46.132 57.827 21.117-2.273 41.584-8.122 60.426-16.243-14.292 20.791-32.161 39.308-52.628 54.253z\"><\/path><\/svg>\t\t\t\t\t\t\t<\/span>\n\t\t\t\t\t\t\t\t\t\t\t\t\t\t\t\t\t\t\t\t\t\t<div class=\"elementor-share-btn__text\">\n\t\t\t\t\t\t\t\t\t\t\t\t\t\t\t\t\t\t\t<span class=\"elementor-share-btn__title\">\n\t\t\t\t\t\t\t\t\t\tShare on Twitter\t\t\t\t\t\t\t\t\t<\/span>\n\t\t\t\t\t\t\t\t\t\t\t\t\t\t\t\t\t<\/div>\n\t\t\t\t\t\t\t\t\t\t\t\t\t<\/div>\n\t\t\t\t\t<\/div>\n\t\t\t\t\t\t\t\t\t<div class=\"elementor-grid-item\" role=\"listitem\">\n\t\t\t\t\t\t<div class=\"elementor-share-btn elementor-share-btn_email\" role=\"button\" tabindex=\"0\" aria-label=\"Share on email\">\n\t\t\t\t\t\t\t\t\t\t\t\t\t\t\t<span class=\"elementor-share-btn__icon\">\n\t\t\t\t\t\t\t\t<svg aria-hidden=\"true\" class=\"e-font-icon-svg e-fas-envelope\" viewbox=\"0 0 512 512\" xmlns=\"http:\/\/www.w3.org\/2000\/svg\"><path d=\"M502.3 190.8c3.9-3.1 9.7-.2 9.7 4.7V400c0 26.5-21.5 48-48 48H48c-26.5 0-48-21.5-48-48V195.6c0-5 5.7-7.8 9.7-4.7 22.4 17.4 52.1 39.5 154.1 113.6 21.1 15.4 56.7 47.8 92.2 47.6 35.7.3 72-32.8 92.3-47.6 102-74.1 131.6-96.3 154-113.7zM256 320c23.2.4 56.6-29.2 73.4-41.4 132.7-96.3 142.8-104.7 173.4-128.7 5.8-4.5 9.2-11.5 9.2-18.9v-19c0-26.5-21.5-48-48-48H48C21.5 64 0 85.5 0 112v19c0 7.4 3.4 14.3 9.2 18.9 30.6 23.9 40.7 32.4 173.4 128.7 16.8 12.2 50.2 41.8 73.4 41.4z\"><\/path><\/svg>\t\t\t\t\t\t\t<\/span>\n\t\t\t\t\t\t\t\t\t\t\t\t\t\t\t\t\t\t\t\t\t\t<div class=\"elementor-share-btn__text\">\n\t\t\t\t\t\t\t\t\t\t\t\t\t\t\t\t\t\t\t<span class=\"elementor-share-btn__title\">\n\t\t\t\t\t\t\t\t\t\tShare on Email\t\t\t\t\t\t\t\t\t<\/span>\n\t\t\t\t\t\t\t\t\t\t\t\t\t\t\t\t\t<\/div>\n\t\t\t\t\t\t\t\t\t\t\t\t\t<\/div>\n\t\t\t\t\t<\/div>\n\t\t\t\t\t\t<\/div>\n\t\t\t\t\t\t<\/div>\n\t\t\t\t<\/div>\n\t\t\t\t\t<\/div>\n\t\t<\/div>\n\t\t\t\t\t<\/div>\n\t\t<\/section>\n\t\t\t\t<\/div>","protected":false},"excerpt":{"rendered":"<p>Desfilan por el futuro de Nuevo Le\u00f3n Desfilan por el futuro de Nuevo Le\u00f3n \u2022 Casi un centenar de modelos recorren pasarela, para recaudar fondos enpro de la Beca Jorge Garc\u00eda Abaroa, A.C., programa de V\u00edvaro Comunidad \u2022 Aseguran un semestre m\u00e1s de estudios para m\u00e1s de 200 destacadosj\u00f3venes de Nuevo Le\u00f3n Monterrey, Nuevo Le\u00f3n, [&hellip;]<\/p>\n","protected":false},"author":1,"featured_media":0,"parent":0,"menu_order":0,"comment_status":"closed","ping_status":"closed","template":"","meta":{"footnotes":""},"class_list":["post-13783","page","type-page","status-publish","hentry"],"yoast_head":"<!-- This site is optimized with the Yoast SEO plugin v27.3 - https:\/\/yoast.com\/product\/yoast-seo-wordpress\/ -->\n<title>Desfilan por el futuro de Nuevo Le\u00f3n - V\u00edvaro<\/title>\n<meta name=\"robots\" content=\"index, follow, max-snippet:-1, max-image-preview:large, max-video-preview:-1\" \/>\n<link rel=\"canonical\" href=\"https:\/\/vivaro.com\/fr\/desfilan-por-el-futuro-de-nuevo-leon\/\" \/>\n<meta property=\"og:locale\" content=\"fr_CA\" \/>\n<meta property=\"og:type\" content=\"article\" \/>\n<meta property=\"og:title\" content=\"Desfilan por el futuro de Nuevo Le\u00f3n - V\u00edvaro\" \/>\n<meta property=\"og:description\" content=\"Desfilan por el futuro de Nuevo Le\u00f3n Desfilan por el futuro de Nuevo Le\u00f3n \u2022 Casi un centenar de modelos recorren pasarela, para recaudar fondos enpro de la Beca Jorge Garc\u00eda Abaroa, A.C., programa de V\u00edvaro Comunidad \u2022 Aseguran un semestre m\u00e1s de estudios para m\u00e1s de 200 destacadosj\u00f3venes de Nuevo Le\u00f3n Monterrey, Nuevo Le\u00f3n, [&hellip;]\" \/>\n<meta property=\"og:url\" content=\"https:\/\/vivaro.com\/fr\/desfilan-por-el-futuro-de-nuevo-leon\/\" \/>\n<meta property=\"og:site_name\" content=\"V\u00edvaro\" \/>\n<meta property=\"article:publisher\" content=\"https:\/\/www.facebook.com\/grupovivaro\" \/>\n<meta property=\"article:modified_time\" content=\"2024-03-12T17:29:54+00:00\" \/>\n<meta property=\"og:image\" content=\"https:\/\/vivaro.com\/wp-content\/uploads\/2024\/03\/8002.jpg\" \/>\n<meta name=\"twitter:card\" content=\"summary_large_image\" \/>\n<meta name=\"twitter:site\" content=\"@GrupoVivaro\" \/>\n<meta name=\"twitter:label1\" content=\"Estimation du temps de lecture\" \/>\n\t<meta name=\"twitter:data1\" content=\"3 minutes\" \/>\n<script type=\"application\/ld+json\" class=\"yoast-schema-graph\">{\"@context\":\"https:\\\/\\\/schema.org\",\"@graph\":[{\"@type\":\"WebPage\",\"@id\":\"https:\\\/\\\/vivaro.com\\\/desfilan-por-el-futuro-de-nuevo-leon\\\/\",\"url\":\"https:\\\/\\\/vivaro.com\\\/desfilan-por-el-futuro-de-nuevo-leon\\\/\",\"name\":\"Desfilan por el futuro de Nuevo Le\u00f3n - V\u00edvaro\",\"isPartOf\":{\"@id\":\"https:\\\/\\\/vivaro.com\\\/en\\\/#website\"},\"primaryImageOfPage\":{\"@id\":\"https:\\\/\\\/vivaro.com\\\/desfilan-por-el-futuro-de-nuevo-leon\\\/#primaryimage\"},\"image\":{\"@id\":\"https:\\\/\\\/vivaro.com\\\/desfilan-por-el-futuro-de-nuevo-leon\\\/#primaryimage\"},\"thumbnailUrl\":\"https:\\\/\\\/vivaro.com\\\/wp-content\\\/uploads\\\/2024\\\/03\\\/8002.jpg\",\"datePublished\":\"2024-03-12T17:24:59+00:00\",\"dateModified\":\"2024-03-12T17:29:54+00:00\",\"breadcrumb\":{\"@id\":\"https:\\\/\\\/vivaro.com\\\/desfilan-por-el-futuro-de-nuevo-leon\\\/#breadcrumb\"},\"inLanguage\":\"fr-CA\",\"potentialAction\":[{\"@type\":\"ReadAction\",\"target\":[\"https:\\\/\\\/vivaro.com\\\/desfilan-por-el-futuro-de-nuevo-leon\\\/\"]}]},{\"@type\":\"ImageObject\",\"inLanguage\":\"fr-CA\",\"@id\":\"https:\\\/\\\/vivaro.com\\\/desfilan-por-el-futuro-de-nuevo-leon\\\/#primaryimage\",\"url\":\"https:\\\/\\\/vivaro.com\\\/wp-content\\\/uploads\\\/2024\\\/03\\\/8002.jpg\",\"contentUrl\":\"https:\\\/\\\/vivaro.com\\\/wp-content\\\/uploads\\\/2024\\\/03\\\/8002.jpg\"},{\"@type\":\"BreadcrumbList\",\"@id\":\"https:\\\/\\\/vivaro.com\\\/desfilan-por-el-futuro-de-nuevo-leon\\\/#breadcrumb\",\"itemListElement\":[{\"@type\":\"ListItem\",\"position\":1,\"name\":\"Portada\",\"item\":\"https:\\\/\\\/vivaro.com\\\/\"},{\"@type\":\"ListItem\",\"position\":2,\"name\":\"Desfilan por el futuro de Nuevo Le\u00f3n\"}]},{\"@type\":\"WebSite\",\"@id\":\"https:\\\/\\\/vivaro.com\\\/en\\\/#website\",\"url\":\"https:\\\/\\\/vivaro.com\\\/en\\\/\",\"name\":\"V\u00edvaro\",\"description\":\"Inovaci\u00f3n tecnol\u00f3gica y servicios de telecomunicaciones.\",\"publisher\":{\"@id\":\"https:\\\/\\\/vivaro.com\\\/en\\\/#organization\"},\"potentialAction\":[{\"@type\":\"SearchAction\",\"target\":{\"@type\":\"EntryPoint\",\"urlTemplate\":\"https:\\\/\\\/vivaro.com\\\/en\\\/?s={search_term_string}\"},\"query-input\":{\"@type\":\"PropertyValueSpecification\",\"valueRequired\":true,\"valueName\":\"search_term_string\"}}],\"inLanguage\":\"fr-CA\"},{\"@type\":\"Organization\",\"@id\":\"https:\\\/\\\/vivaro.com\\\/en\\\/#organization\",\"name\":\"V\u00edvaro\",\"url\":\"https:\\\/\\\/vivaro.com\\\/en\\\/\",\"logo\":{\"@type\":\"ImageObject\",\"inLanguage\":\"fr-CA\",\"@id\":\"https:\\\/\\\/vivaro.com\\\/en\\\/#\\\/schema\\\/logo\\\/image\\\/\",\"url\":\"https:\\\/\\\/vivaro.com\\\/wp-content\\\/uploads\\\/2022\\\/03\\\/vivaro-19-1.png\",\"contentUrl\":\"https:\\\/\\\/vivaro.com\\\/wp-content\\\/uploads\\\/2022\\\/03\\\/vivaro-19-1.png\",\"width\":599,\"height\":308,\"caption\":\"V\u00edvaro\"},\"image\":{\"@id\":\"https:\\\/\\\/vivaro.com\\\/en\\\/#\\\/schema\\\/logo\\\/image\\\/\"},\"sameAs\":[\"https:\\\/\\\/www.facebook.com\\\/grupovivaro\",\"https:\\\/\\\/x.com\\\/GrupoVivaro\",\"https:\\\/\\\/www.instagram.com\\\/grupovivaro\\\/?hl=es-la\",\"https:\\\/\\\/www.linkedin.com\\\/company\\\/grupovivaro\\\/\"]}]}<\/script>\n<!-- \/ Yoast SEO plugin. -->","yoast_head_json":{"title":"Desfilan por el futuro de Nuevo Le\u00f3n - V\u00edvaro","robots":{"index":"index","follow":"follow","max-snippet":"max-snippet:-1","max-image-preview":"max-image-preview:large","max-video-preview":"max-video-preview:-1"},"canonical":"https:\/\/vivaro.com\/fr\/desfilan-por-el-futuro-de-nuevo-leon\/","og_locale":"fr_CA","og_type":"article","og_title":"Desfilan por el futuro de Nuevo Le\u00f3n - V\u00edvaro","og_description":"Desfilan por el futuro de Nuevo Le\u00f3n Desfilan por el futuro de Nuevo Le\u00f3n \u2022 Casi un centenar de modelos recorren pasarela, para recaudar fondos enpro de la Beca Jorge Garc\u00eda Abaroa, A.C., programa de V\u00edvaro Comunidad \u2022 Aseguran un semestre m\u00e1s de estudios para m\u00e1s de 200 destacadosj\u00f3venes de Nuevo Le\u00f3n Monterrey, Nuevo Le\u00f3n, [&hellip;]","og_url":"https:\/\/vivaro.com\/fr\/desfilan-por-el-futuro-de-nuevo-leon\/","og_site_name":"V\u00edvaro","article_publisher":"https:\/\/www.facebook.com\/grupovivaro","article_modified_time":"2024-03-12T17:29:54+00:00","og_image":[{"url":"https:\/\/vivaro.com\/wp-content\/uploads\/2024\/03\/8002.jpg","type":"","width":"","height":""}],"twitter_card":"summary_large_image","twitter_site":"@GrupoVivaro","twitter_misc":{"Estimation du temps de lecture":"3 minutes"},"schema":{"@context":"https:\/\/schema.org","@graph":[{"@type":"WebPage","@id":"https:\/\/vivaro.com\/desfilan-por-el-futuro-de-nuevo-leon\/","url":"https:\/\/vivaro.com\/desfilan-por-el-futuro-de-nuevo-leon\/","name":"Desfilan por el futuro de Nuevo Le\u00f3n - V\u00edvaro","isPartOf":{"@id":"https:\/\/vivaro.com\/en\/#website"},"primaryImageOfPage":{"@id":"https:\/\/vivaro.com\/desfilan-por-el-futuro-de-nuevo-leon\/#primaryimage"},"image":{"@id":"https:\/\/vivaro.com\/desfilan-por-el-futuro-de-nuevo-leon\/#primaryimage"},"thumbnailUrl":"https:\/\/vivaro.com\/wp-content\/uploads\/2024\/03\/8002.jpg","datePublished":"2024-03-12T17:24:59+00:00","dateModified":"2024-03-12T17:29:54+00:00","breadcrumb":{"@id":"https:\/\/vivaro.com\/desfilan-por-el-futuro-de-nuevo-leon\/#breadcrumb"},"inLanguage":"fr-CA","potentialAction":[{"@type":"ReadAction","target":["https:\/\/vivaro.com\/desfilan-por-el-futuro-de-nuevo-leon\/"]}]},{"@type":"ImageObject","inLanguage":"fr-CA","@id":"https:\/\/vivaro.com\/desfilan-por-el-futuro-de-nuevo-leon\/#primaryimage","url":"https:\/\/vivaro.com\/wp-content\/uploads\/2024\/03\/8002.jpg","contentUrl":"https:\/\/vivaro.com\/wp-content\/uploads\/2024\/03\/8002.jpg"},{"@type":"BreadcrumbList","@id":"https:\/\/vivaro.com\/desfilan-por-el-futuro-de-nuevo-leon\/#breadcrumb","itemListElement":[{"@type":"ListItem","position":1,"name":"Portada","item":"https:\/\/vivaro.com\/"},{"@type":"ListItem","position":2,"name":"Desfilan por el futuro de Nuevo Le\u00f3n"}]},{"@type":"WebSite","@id":"https:\/\/vivaro.com\/en\/#website","url":"https:\/\/vivaro.com\/en\/","name":"V\u00edvaro","description":"Inovaci\u00f3n tecnol\u00f3gica y servicios de telecomunicaciones.","publisher":{"@id":"https:\/\/vivaro.com\/en\/#organization"},"potentialAction":[{"@type":"SearchAction","target":{"@type":"EntryPoint","urlTemplate":"https:\/\/vivaro.com\/en\/?s={search_term_string}"},"query-input":{"@type":"PropertyValueSpecification","valueRequired":true,"valueName":"search_term_string"}}],"inLanguage":"fr-CA"},{"@type":"Organization","@id":"https:\/\/vivaro.com\/en\/#organization","name":"V\u00edvaro","url":"https:\/\/vivaro.com\/en\/","logo":{"@type":"ImageObject","inLanguage":"fr-CA","@id":"https:\/\/vivaro.com\/en\/#\/schema\/logo\/image\/","url":"https:\/\/vivaro.com\/wp-content\/uploads\/2022\/03\/vivaro-19-1.png","contentUrl":"https:\/\/vivaro.com\/wp-content\/uploads\/2022\/03\/vivaro-19-1.png","width":599,"height":308,"caption":"V\u00edvaro"},"image":{"@id":"https:\/\/vivaro.com\/en\/#\/schema\/logo\/image\/"},"sameAs":["https:\/\/www.facebook.com\/grupovivaro","https:\/\/x.com\/GrupoVivaro","https:\/\/www.instagram.com\/grupovivaro\/?hl=es-la","https:\/\/www.linkedin.com\/company\/grupovivaro\/"]}]}},"_links":{"self":[{"href":"https:\/\/vivaro.com\/fr\/wp-json\/wp\/v2\/pages\/13783","targetHints":{"allow":["GET"]}}],"collection":[{"href":"https:\/\/vivaro.com\/fr\/wp-json\/wp\/v2\/pages"}],"about":[{"href":"https:\/\/vivaro.com\/fr\/wp-json\/wp\/v2\/types\/page"}],"author":[{"embeddable":true,"href":"https:\/\/vivaro.com\/fr\/wp-json\/wp\/v2\/users\/1"}],"replies":[{"embeddable":true,"href":"https:\/\/vivaro.com\/fr\/wp-json\/wp\/v2\/comments?post=13783"}],"version-history":[{"count":7,"href":"https:\/\/vivaro.com\/fr\/wp-json\/wp\/v2\/pages\/13783\/revisions"}],"predecessor-version":[{"id":13794,"href":"https:\/\/vivaro.com\/fr\/wp-json\/wp\/v2\/pages\/13783\/revisions\/13794"}],"wp:attachment":[{"href":"https:\/\/vivaro.com\/fr\/wp-json\/wp\/v2\/media?parent=13783"}],"curies":[{"name":"wp","href":"https:\/\/api.w.org\/{rel}","templated":true}]}}