{"id":14040,"date":"2024-05-03T16:46:17","date_gmt":"2024-05-03T22:46:17","guid":{"rendered":"https:\/\/vivaro.com\/?page_id=14040"},"modified":"2024-07-18T19:18:59","modified_gmt":"2024-07-19T01:18:59","slug":"aviso-de-privacidad-integral","status":"publish","type":"page","link":"https:\/\/vivaro.com\/fr\/aviso-de-privacidad-integral\/","title":{"rendered":"Aviso de Privacidad Integral"},"content":{"rendered":"<div data-elementor-type=\"wp-page\" data-elementor-id=\"14040\" class=\"elementor elementor-14040\" data-elementor-post-type=\"page\">\n\t\t\t\t<div class=\"elementor-element elementor-element-6ad941bf e-flex e-con-boxed e-con e-parent\" data-id=\"6ad941bf\" data-element_type=\"container\" data-e-type=\"container\">\n\t\t\t\t\t<div class=\"e-con-inner\">\n\t\t\t\t<div class=\"elementor-element elementor-element-052b942 elementor-widget elementor-widget-spacer\" data-id=\"052b942\" data-element_type=\"widget\" data-e-type=\"widget\" data-widget_type=\"spacer.default\">\n\t\t\t\t<div class=\"elementor-widget-container\">\n\t\t\t\t\t\t\t<div class=\"elementor-spacer\">\n\t\t\t<div class=\"elementor-spacer-inner\"><\/div>\n\t\t<\/div>\n\t\t\t\t\t\t<\/div>\n\t\t\t\t<\/div>\n\t\t\t\t<div class=\"elementor-element elementor-element-ab0d8ca elementor-widget elementor-widget-image\" data-id=\"ab0d8ca\" data-element_type=\"widget\" data-e-type=\"widget\" data-widget_type=\"image.default\">\n\t\t\t\t<div class=\"elementor-widget-container\">\n\t\t\t\t\t\t\t\t\t\t\t\t\t\t\t<img decoding=\"async\" width=\"300\" height=\"156\" src=\"https:\/\/vivaro.com\/wp-content\/uploads\/2022\/06\/LOGO-VIVARO-09-300x156.png\" class=\"attachment-medium size-medium wp-image-9191\" alt=\"\" srcset=\"https:\/\/vivaro.com\/wp-content\/uploads\/2022\/06\/LOGO-VIVARO-09-300x156.png 300w, https:\/\/vivaro.com\/wp-content\/uploads\/2022\/06\/LOGO-VIVARO-09-18x9.png 18w, https:\/\/vivaro.com\/wp-content\/uploads\/2022\/06\/LOGO-VIVARO-09-24x13.png 24w, https:\/\/vivaro.com\/wp-content\/uploads\/2022\/06\/LOGO-VIVARO-09-36x19.png 36w, https:\/\/vivaro.com\/wp-content\/uploads\/2022\/06\/LOGO-VIVARO-09-48x25.png 48w, https:\/\/vivaro.com\/wp-content\/uploads\/2022\/06\/LOGO-VIVARO-09.png 453w\" sizes=\"(max-width: 300px) 100vw, 300px\" \/>\t\t\t\t\t\t\t\t\t\t\t\t\t\t\t<\/div>\n\t\t\t\t<\/div>\n\t\t\t\t<div class=\"elementor-element elementor-element-e96b0de elementor-widget elementor-widget-heading\" data-id=\"e96b0de\" data-element_type=\"widget\" data-e-type=\"widget\" data-widget_type=\"heading.default\">\n\t\t\t\t<div class=\"elementor-widget-container\">\n\t\t\t\t\t<h2 class=\"elementor-heading-title elementor-size-default\">Aviso de Privacidad Integral<\/h2>\t\t\t\t<\/div>\n\t\t\t\t<\/div>\n\t\t\t\t<div class=\"elementor-element elementor-element-122c113 elementor-widget elementor-widget-spacer\" data-id=\"122c113\" data-element_type=\"widget\" data-e-type=\"widget\" data-widget_type=\"spacer.default\">\n\t\t\t\t<div class=\"elementor-widget-container\">\n\t\t\t\t\t\t\t<div class=\"elementor-spacer\">\n\t\t\t<div class=\"elementor-spacer-inner\"><\/div>\n\t\t<\/div>\n\t\t\t\t\t\t<\/div>\n\t\t\t\t<\/div>\n\t\t\t\t<div class=\"elementor-element elementor-element-2b22a429 elementor-widget elementor-widget-text-editor\" data-id=\"2b22a429\" data-element_type=\"widget\" data-e-type=\"widget\" data-widget_type=\"text-editor.default\">\n\t\t\t\t<div class=\"elementor-widget-container\">\n\t\t\t\t\t\t\t\t\t<p class=\"p1\">La confidencialidad y debida protecci\u00f3n de la informaci\u00f3n personal obtenida por Coordinadora de Carrier\u00b4s, S.A. de C.V., sus afiliadas y\/o subsidiarias (en lo sucesivo, \u201cV\u00cdVARO\u201d) es de m\u00e1xima importancia. V\u00cdVARO est\u00e1 comprometida a proteger los datos personales (los \u201cDatos Personales\u201d) que nos proporciona de manera responsable y con apego a lo previsto por la Ley Federal de Protecci\u00f3n de Datos Personales en Posesi\u00f3n de los Particulares, su Reglamento y dem\u00e1s normatividad aplicable. Para V\u00cdVARO resulta necesaria la recopilaci\u00f3n de ciertos Datos Personales para llevar a cabo las actividades intr\u00ednsecas a su giro comercial y mercantil. V\u00cdVARO tiene la obligaci\u00f3n legal y social de cumplir con las medidas, legales y de seguridad suficientes para proteger aquellos Datos Personales que haya recabado para las finalidades que en el presente Aviso de Privacidad ser\u00e1n descritas. Todo lo anterior se realiza con el objetivo de que usted tenga pleno control y decisi\u00f3n sobre sus Datos Personales. Por ello, le recomendamos que lea atentamente la siguiente informaci\u00f3n.<\/p>\n<p class=\"p1\">Usted tendr\u00e1 disponible en todo momento el presente Aviso de Privacidad en nuestro sitio web www.vivaro.com<span class=\"Apple-converted-space\">\u00a0 <\/span>\u00a0<\/p>\n<p class=\"p3\"><b>Identidad y domicilio del responsable.<\/b><\/p>\n<p class=\"p1\"><br \/>V\u00cdVARO, con domicilio en Avenida San Jer\u00f3nimo No. 210 poniente, Colonia San Jer\u00f3nimo, Monterrey, Nuevo Le\u00f3n, C.P. 64640, M\u00e9xico es el responsable de salvaguardar la integridad, privacidad y protecci\u00f3n de los Datos Personales que nos proporcione. Los Datos Personales y Datos Personales Sensibles sometidos a tratamiento por V\u00cdVARO para cumplir con las finalidades se\u00f1aladas en el presente Aviso por mencionar podr\u00e1n ser: Datos Personales de identificaci\u00f3n, Datos Personales de contacto, datos patrimoniales y\/o financieros, direcci\u00f3n, correo electr\u00f3nico, sexo, edad, lugar de nacimiento, ocupaci\u00f3n, Registro Federal de Contribuyentes y Clave \u00danica de Registro de Poblaci\u00f3n, historial crediticio, as\u00ed como su historial de servicios de telecomunicaciones recibidos por parte de V\u00cdVARO o adquiridos a esta \u00faltima. De la misma manera se hace de su conocimiento que el objeto de dar cumplimiento a cualquier legislaci\u00f3n vigente o requerimiento de autoridad competente, se podr\u00e1n recabar sus Datos Personales.<\/p>\n<p class=\"p1\">V\u00cdVARO a trav\u00e9s de las diferentes tecnolog\u00edas al alcance de su servicio, podr\u00e1 obtener sus Datos Personales, incluso im\u00e1genes, fotos y videos, con la finalidad de brindarle una mejor experiencia de compra a trav\u00e9s de: categor\u00edas de producto pensadas en cada uno de nuestros clientes y sus necesidades; beneficios y ofertas personalizadas de acuerdo con sus servicios contratados, diversos canales de venta, entre otros. Se le informa que toda persona que ingrese a las instalaciones de V\u00cdVARO podr\u00e1 ser video grabada por c\u00e1maras de vigilancia. Dichas im\u00e1genes son utilizadas para su seguridad y de las personas que las visitan.<\/p>\n<p class=\"p3\"><b>Finalidades Primarias.<\/b><\/p>\n<p class=\"p1\"><span class=\"s1\"><br \/><\/span>V\u00cdVARO tratar\u00e1 sus Datos Personales para las siguientes finalidades primarias y necesarias: Identificarlo; Atender y gestionar cualquier solicitud relacionada con los bienes y\/o productos y\/o servicios que ofrecemos; Facilitar la localizaci\u00f3n, tramitaci\u00f3n, suministro y venta de productos y\/o servicios; Contactarle para dar seguimiento al producto y\/o servicio contratado; Realizar consultas, investigaciones y revisiones con relaci\u00f3n a quejas, reclamaciones o contrataci\u00f3n de los servicios; Participar en din\u00e1micas, trivias, concursos, rifas, juegos y\/o sorteos; Informarle el resultado de las din\u00e1micas, trivias, rifas, juegos y\/o sorteos; y Realizar la publicaci\u00f3n de la lista de ganadores.<\/p>\n<p class=\"p4\">\u00a0<\/p>\n<p class=\"p3\"><b>Finalidades Secundarias.<\/b><\/p>\n<p class=\"p1\"><span class=\"s1\"><br \/><\/span>Elaborar fines estad\u00edsticos; posibles contactos posteriores y facilitar compras futuras; enviarle comunicaciones; informarle sobre nuevos planes de servicios de telecomunicaciones, promociones y ofertas de acuerdo con sus intereses; tratar sus datos relacionados con su historial de compras para realizarle perfiles de consumo; para informarle del lanzamiento de nuevos productos, programas de apego, promociones y\/u ofertas de acuerdo a sus intereses. Si Usted no desea que V\u00cdVARO trate su informaci\u00f3n para alguna de las finalidades secundarias, podr\u00e1 solicitarlo a trav\u00e9s del correo electr\u00f3nico: <a href=\"mailto:arco@vivaro.com\"><span class=\"s2\">arco@vivaro.com<\/span><\/a> donde nuestro Departamento de Protecci\u00f3n de Datos Personales le atender\u00e1 en tiempo y forma.<\/p>\n<p class=\"p3\"><b>Transferencias.<\/b><\/p>\n<p class=\"p1\"><span class=\"s1\"><br \/><\/span>V\u00cdVARO para cumplir la(s) finalidad(es) anteriormente descrita(s) u otras aquellas exigidas legalmente o por las autoridades competentes, transferir\u00e1 los datos necesarios en los casos legalmente previstos, as\u00ed como aquellos vinculados con la relaci\u00f3n jur\u00eddica entre usted y V\u00cdVARO. Los mencionados datos podr\u00e1n transferirse a cualquier empresa filial y\/o subsidiaria o empresa con quien V\u00cdVARO tenga un v\u00ednculo comercial, con el objeto de cumplir con las finalidades mencionadas para las cuales se obtuvieron sus Datos Personales y Datos Personales Sensibles.\u00a0<\/p>\n<p class=\"p3\"><b>Medio y procedimiento para Derechos ARCO y Revocaci\u00f3n del Consentimiento.<\/b><\/p>\n<p class=\"p1\"><br \/>Usted o su representante legal podr\u00e1 ejercer cualquiera de los derechos de acceso, rectificaci\u00f3n, cancelaci\u00f3n u oposici\u00f3n (en lo sucesivo \u201cDerechos ARCO\u201d), as\u00ed como revocar su consentimiento para el tratamiento de sus Datos Personales, sin embargo, \u00fanicamente podr\u00e1 oponerse al tratamiento de sus Datos Personales para finalidades distintas a aqu\u00e9llas que son necesarias y dan origen a la relaci\u00f3n jur\u00eddica, sin que ello tenga como consecuencia la conclusi\u00f3n del tratamiento para finalidades primarias. Los Derechos ARCO se podr\u00e1n ejercer a trav\u00e9s de la solicitud que se encuentra a su disposici\u00f3n en la p\u00e1gina web<span class=\"s1\">\u00a0<a href=\"https:\/\/vivaro.com\/fr\/\"><span class=\"s2\">www.vivaro.com<\/span><\/a><\/span> la cual deber\u00e1 ser enviada v\u00eda correo electr\u00f3nico al Departamento de Protecci\u00f3n de Datos Personales de V\u00cdVARO a la direcci\u00f3n electr\u00f3nica\u00a0<a href=\"mailto:arco@vivaro.com\"><span class=\"s2\">arco@vivaro.com<\/span><\/a> donde dicho Departamento le atender\u00e1 en tiempo y forma. Para que nuestro Departamento de Protecci\u00f3n de Datos Personales pueda darle seguimiento a su solicitud, usted o su representante legal, deber\u00e1 acreditar correctamente su identidad por lo que ser\u00e1 necesario que complete todos los campos indicados en la solicitud antes descrita y la acompa\u00f1e con copia de alguna de las identificaciones oficiales vigentes que se se\u00f1alan. En caso de que la informaci\u00f3n proporcionada en la solicitud sea err\u00f3nea o insuficiente, o bien, no se acompa\u00f1en los documentos de acreditaci\u00f3n correspondientes, nuestro Departamento de Protecci\u00f3n de Datos Personales, dentro de los cinco (5) d\u00edas h\u00e1biles siguientes a la recepci\u00f3n de la solicitud, podr\u00e1 requerirle que aporte los elementos o documentos necesarios para dar tr\u00e1mite a la misma. Usted contar\u00e1 con diez (10) d\u00edas h\u00e1biles para atender el requerimiento, contados a partir del d\u00eda siguiente en que lo haya recibido. De no dar respuesta en dicho plazo, se tendr\u00e1 por no presentada la solicitud correspondiente. Nuestro Departamento de Protecci\u00f3n de Datos Personales le comunicar\u00e1 la determinaci\u00f3n adoptada, en un plazo m\u00e1ximo de veinte (20) d\u00edas h\u00e1biles contados desde la fecha en que se recibi\u00f3 la solicitud, a efecto de que, si resulta procedente, haga efectiva la misma dentro de los quince (15) d\u00edas h\u00e1biles siguientes a que se comunique la respuesta. La respuesta se dar\u00e1 v\u00eda electr\u00f3nica a la direcci\u00f3n de correo que se especifique en la solicitud.<\/p>\n<p class=\"p3\"><b>Limitaci\u00f3n y\/o Divulgaci\u00f3n de sus Datos Personales.<\/b><\/p>\n<p class=\"p1\">Usted podr\u00e1 limitar el uso o divulgaci\u00f3n de sus Datos Personales enviando su solicitud a nuestro Departamento de Protecci\u00f3n de Datos Personales a la direcci\u00f3n <a href=\"mailto:arco@vivaro.com\"><span class=\"s2\">arco@vivaro.com<\/span><\/a><span class=\"s1\">. <\/span>Los requisitos para acreditar su identidad, as\u00ed como el procedimiento para atender su solicitud se regir\u00e1n por los mismos criterios se\u00f1alados en el apartado anterior. En caso de que su solicitud resulte procedente, V\u00cdVARO lo registrar\u00e1 en el listado de exclusi\u00f3n correspondiente.<\/p>\n<p class=\"p3\"><span class=\"s3\"><br \/><\/span><b>Cookies y\/o Web Beacons.<\/b><\/p>\n<p class=\"p1\">V\u00cdVARO utiliza varias tecnolog\u00edas para mejorar la eficiencia de sus sitios web, incluyendo su experiencia cuando navega por dichos sitios. Entre estas tecnolog\u00edas se incluye el uso de cookies. Las cookies son peque\u00f1as cantidades de informaci\u00f3n que se almacenan en el navegador utilizado por cada usuario para que el servidor recuerde cierta informaci\u00f3n que posteriormente pueda utilizar. Esta informaci\u00f3n permite identificarle y guardar sus preferencias personales para brindarle una mejor experiencia de navegaci\u00f3n. Usted puede en todo momento deshabilitar el uso de este tipo de tecnolog\u00edas.<\/p>\n<p class=\"p3\"><b>Cambios al Aviso de Privacidad<\/b><\/p>\n<p class=\"p1\"><br \/>Cualquier cambio o modificaci\u00f3n al presente aviso podr\u00e1 efectuarse por V\u00cdVARO en cualquier momento y se dar\u00e1 a conocer a trav\u00e9s del sitio web <a href=\"https:\/\/vivaro.com\/fr\/\"><span class=\"s2\">www.vivaro.com<\/span><\/a>.<\/p>\n<p class=\"p3\"><b>Departamento de Protecci\u00f3n de Datos Personales de V\u00cdVARO:<\/b><\/p>\n<p class=\"p1\">Direcci\u00f3n: Avenida San Jer\u00f3nimo No. 210 poniente, Colonia San Jer\u00f3nimo, Monterrey, Nuevo Le\u00f3n, C.P. 64640, M\u00e9xico.<\/p>\n<p class=\"p1\">Correo electr\u00f3nico: <a href=\"mailto:arco@vivaro.com\"><span class=\"s2\">arco@vivaro.com<\/span><\/a><\/p>\n<p class=\"p1\">Horario: 9:00 a 18:00 de lunes a viernes.<\/p>\n<p class=\"p1\">Fecha de actualizaci\u00f3n: 5 (cinco) de julio 2024 (dos mil veinticuatro).<\/p>\t\t\t\t\t\t\t\t<\/div>\n\t\t\t\t<\/div>\n\t\t\t\t\t<\/div>\n\t\t\t\t<\/div>\n\t\t\t\t<\/div>","protected":false},"excerpt":{"rendered":"<p>Aviso de Privacidad Integral La confidencialidad y debida protecci\u00f3n de la informaci\u00f3n personal obtenida por Coordinadora de Carrier\u00b4s, S.A. de C.V., sus afiliadas y\/o subsidiarias (en lo sucesivo, \u201cV\u00cdVARO\u201d) es de m\u00e1xima importancia. V\u00cdVARO est\u00e1 comprometida a proteger los datos personales (los \u201cDatos Personales\u201d) que nos proporciona de manera responsable y con apego a lo [&hellip;]<\/p>\n","protected":false},"author":1,"featured_media":0,"parent":0,"menu_order":0,"comment_status":"closed","ping_status":"closed","template":"","meta":{"footnotes":""},"class_list":["post-14040","page","type-page","status-publish","hentry"],"yoast_head":"<!-- This site is optimized with the Yoast SEO plugin v27.5 - https:\/\/yoast.com\/product\/yoast-seo-wordpress\/ -->\n<title>Aviso de Privacidad Integral - V\u00edvaro<\/title>\n<meta name=\"robots\" content=\"index, follow, max-snippet:-1, max-image-preview:large, max-video-preview:-1\" \/>\n<link rel=\"canonical\" href=\"https:\/\/vivaro.com\/fr\/aviso-de-privacidad-integral\/\" \/>\n<meta property=\"og:locale\" content=\"fr_CA\" \/>\n<meta property=\"og:type\" content=\"article\" \/>\n<meta property=\"og:title\" content=\"Aviso de Privacidad Integral - V\u00edvaro\" \/>\n<meta property=\"og:description\" content=\"Aviso de Privacidad Integral La confidencialidad y debida protecci\u00f3n de la informaci\u00f3n personal obtenida por Coordinadora de Carrier\u00b4s, S.A. de C.V., sus afiliadas y\/o subsidiarias (en lo sucesivo, \u201cV\u00cdVARO\u201d) es de m\u00e1xima importancia. V\u00cdVARO est\u00e1 comprometida a proteger los datos personales (los \u201cDatos Personales\u201d) que nos proporciona de manera responsable y con apego a lo [&hellip;]\" \/>\n<meta property=\"og:url\" content=\"https:\/\/vivaro.com\/fr\/aviso-de-privacidad-integral\/\" \/>\n<meta property=\"og:site_name\" content=\"V\u00edvaro\" \/>\n<meta property=\"article:publisher\" content=\"https:\/\/www.facebook.com\/grupovivaro\" \/>\n<meta property=\"article:modified_time\" content=\"2024-07-19T01:18:59+00:00\" \/>\n<meta property=\"og:image\" content=\"https:\/\/vivaro.com\/wp-content\/uploads\/2022\/06\/LOGO-VIVARO-09-300x156.png\" \/>\n<meta name=\"twitter:card\" content=\"summary_large_image\" \/>\n<meta name=\"twitter:site\" content=\"@GrupoVivaro\" \/>\n<meta name=\"twitter:label1\" content=\"Estimation du temps de lecture\" \/>\n\t<meta name=\"twitter:data1\" content=\"7 minutes\" \/>\n<script type=\"application\/ld+json\" class=\"yoast-schema-graph\">{\"@context\":\"https:\\\/\\\/schema.org\",\"@graph\":[{\"@type\":\"WebPage\",\"@id\":\"https:\\\/\\\/vivaro.com\\\/aviso-de-privacidad-integral\\\/\",\"url\":\"https:\\\/\\\/vivaro.com\\\/aviso-de-privacidad-integral\\\/\",\"name\":\"Aviso de Privacidad Integral - V\u00edvaro\",\"isPartOf\":{\"@id\":\"https:\\\/\\\/vivaro.com\\\/en\\\/#website\"},\"primaryImageOfPage\":{\"@id\":\"https:\\\/\\\/vivaro.com\\\/aviso-de-privacidad-integral\\\/#primaryimage\"},\"image\":{\"@id\":\"https:\\\/\\\/vivaro.com\\\/aviso-de-privacidad-integral\\\/#primaryimage\"},\"thumbnailUrl\":\"https:\\\/\\\/vivaro.com\\\/wp-content\\\/uploads\\\/2022\\\/06\\\/LOGO-VIVARO-09-300x156.png\",\"datePublished\":\"2024-05-03T22:46:17+00:00\",\"dateModified\":\"2024-07-19T01:18:59+00:00\",\"breadcrumb\":{\"@id\":\"https:\\\/\\\/vivaro.com\\\/aviso-de-privacidad-integral\\\/#breadcrumb\"},\"inLanguage\":\"fr-CA\",\"potentialAction\":[{\"@type\":\"ReadAction\",\"target\":[\"https:\\\/\\\/vivaro.com\\\/aviso-de-privacidad-integral\\\/\"]}]},{\"@type\":\"ImageObject\",\"inLanguage\":\"fr-CA\",\"@id\":\"https:\\\/\\\/vivaro.com\\\/aviso-de-privacidad-integral\\\/#primaryimage\",\"url\":\"https:\\\/\\\/vivaro.com\\\/wp-content\\\/uploads\\\/2022\\\/06\\\/LOGO-VIVARO-09-300x156.png\",\"contentUrl\":\"https:\\\/\\\/vivaro.com\\\/wp-content\\\/uploads\\\/2022\\\/06\\\/LOGO-VIVARO-09-300x156.png\"},{\"@type\":\"BreadcrumbList\",\"@id\":\"https:\\\/\\\/vivaro.com\\\/aviso-de-privacidad-integral\\\/#breadcrumb\",\"itemListElement\":[{\"@type\":\"ListItem\",\"position\":1,\"name\":\"Portada\",\"item\":\"https:\\\/\\\/vivaro.com\\\/\"},{\"@type\":\"ListItem\",\"position\":2,\"name\":\"Aviso de Privacidad Integral\"}]},{\"@type\":\"WebSite\",\"@id\":\"https:\\\/\\\/vivaro.com\\\/en\\\/#website\",\"url\":\"https:\\\/\\\/vivaro.com\\\/en\\\/\",\"name\":\"V\u00edvaro\",\"description\":\"Inovaci\u00f3n tecnol\u00f3gica y servicios de telecomunicaciones.\",\"publisher\":{\"@id\":\"https:\\\/\\\/vivaro.com\\\/en\\\/#organization\"},\"potentialAction\":[{\"@type\":\"SearchAction\",\"target\":{\"@type\":\"EntryPoint\",\"urlTemplate\":\"https:\\\/\\\/vivaro.com\\\/en\\\/?s={search_term_string}\"},\"query-input\":{\"@type\":\"PropertyValueSpecification\",\"valueRequired\":true,\"valueName\":\"search_term_string\"}}],\"inLanguage\":\"fr-CA\"},{\"@type\":\"Organization\",\"@id\":\"https:\\\/\\\/vivaro.com\\\/en\\\/#organization\",\"name\":\"V\u00edvaro\",\"url\":\"https:\\\/\\\/vivaro.com\\\/en\\\/\",\"logo\":{\"@type\":\"ImageObject\",\"inLanguage\":\"fr-CA\",\"@id\":\"https:\\\/\\\/vivaro.com\\\/en\\\/#\\\/schema\\\/logo\\\/image\\\/\",\"url\":\"https:\\\/\\\/vivaro.com\\\/wp-content\\\/uploads\\\/2022\\\/03\\\/vivaro-19-1.png\",\"contentUrl\":\"https:\\\/\\\/vivaro.com\\\/wp-content\\\/uploads\\\/2022\\\/03\\\/vivaro-19-1.png\",\"width\":599,\"height\":308,\"caption\":\"V\u00edvaro\"},\"image\":{\"@id\":\"https:\\\/\\\/vivaro.com\\\/en\\\/#\\\/schema\\\/logo\\\/image\\\/\"},\"sameAs\":[\"https:\\\/\\\/www.facebook.com\\\/grupovivaro\",\"https:\\\/\\\/x.com\\\/GrupoVivaro\",\"https:\\\/\\\/www.instagram.com\\\/grupovivaro\\\/?hl=es-la\",\"https:\\\/\\\/www.linkedin.com\\\/company\\\/grupovivaro\\\/\"]}]}<\/script>\n<!-- \/ Yoast SEO plugin. -->","yoast_head_json":{"title":"Aviso de Privacidad Integral - V\u00edvaro","robots":{"index":"index","follow":"follow","max-snippet":"max-snippet:-1","max-image-preview":"max-image-preview:large","max-video-preview":"max-video-preview:-1"},"canonical":"https:\/\/vivaro.com\/fr\/aviso-de-privacidad-integral\/","og_locale":"fr_CA","og_type":"article","og_title":"Aviso de Privacidad Integral - V\u00edvaro","og_description":"Aviso de Privacidad Integral La confidencialidad y debida protecci\u00f3n de la informaci\u00f3n personal obtenida por Coordinadora de Carrier\u00b4s, S.A. de C.V., sus afiliadas y\/o subsidiarias (en lo sucesivo, \u201cV\u00cdVARO\u201d) es de m\u00e1xima importancia. V\u00cdVARO est\u00e1 comprometida a proteger los datos personales (los \u201cDatos Personales\u201d) que nos proporciona de manera responsable y con apego a lo [&hellip;]","og_url":"https:\/\/vivaro.com\/fr\/aviso-de-privacidad-integral\/","og_site_name":"V\u00edvaro","article_publisher":"https:\/\/www.facebook.com\/grupovivaro","article_modified_time":"2024-07-19T01:18:59+00:00","og_image":[{"url":"https:\/\/vivaro.com\/wp-content\/uploads\/2022\/06\/LOGO-VIVARO-09-300x156.png","type":"","width":"","height":""}],"twitter_card":"summary_large_image","twitter_site":"@GrupoVivaro","twitter_misc":{"Estimation du temps de lecture":"7 minutes"},"schema":{"@context":"https:\/\/schema.org","@graph":[{"@type":"WebPage","@id":"https:\/\/vivaro.com\/aviso-de-privacidad-integral\/","url":"https:\/\/vivaro.com\/aviso-de-privacidad-integral\/","name":"Aviso de Privacidad Integral - V\u00edvaro","isPartOf":{"@id":"https:\/\/vivaro.com\/en\/#website"},"primaryImageOfPage":{"@id":"https:\/\/vivaro.com\/aviso-de-privacidad-integral\/#primaryimage"},"image":{"@id":"https:\/\/vivaro.com\/aviso-de-privacidad-integral\/#primaryimage"},"thumbnailUrl":"https:\/\/vivaro.com\/wp-content\/uploads\/2022\/06\/LOGO-VIVARO-09-300x156.png","datePublished":"2024-05-03T22:46:17+00:00","dateModified":"2024-07-19T01:18:59+00:00","breadcrumb":{"@id":"https:\/\/vivaro.com\/aviso-de-privacidad-integral\/#breadcrumb"},"inLanguage":"fr-CA","potentialAction":[{"@type":"ReadAction","target":["https:\/\/vivaro.com\/aviso-de-privacidad-integral\/"]}]},{"@type":"ImageObject","inLanguage":"fr-CA","@id":"https:\/\/vivaro.com\/aviso-de-privacidad-integral\/#primaryimage","url":"https:\/\/vivaro.com\/wp-content\/uploads\/2022\/06\/LOGO-VIVARO-09-300x156.png","contentUrl":"https:\/\/vivaro.com\/wp-content\/uploads\/2022\/06\/LOGO-VIVARO-09-300x156.png"},{"@type":"BreadcrumbList","@id":"https:\/\/vivaro.com\/aviso-de-privacidad-integral\/#breadcrumb","itemListElement":[{"@type":"ListItem","position":1,"name":"Portada","item":"https:\/\/vivaro.com\/"},{"@type":"ListItem","position":2,"name":"Aviso de Privacidad Integral"}]},{"@type":"WebSite","@id":"https:\/\/vivaro.com\/en\/#website","url":"https:\/\/vivaro.com\/en\/","name":"V\u00edvaro","description":"Inovaci\u00f3n tecnol\u00f3gica y servicios de telecomunicaciones.","publisher":{"@id":"https:\/\/vivaro.com\/en\/#organization"},"potentialAction":[{"@type":"SearchAction","target":{"@type":"EntryPoint","urlTemplate":"https:\/\/vivaro.com\/en\/?s={search_term_string}"},"query-input":{"@type":"PropertyValueSpecification","valueRequired":true,"valueName":"search_term_string"}}],"inLanguage":"fr-CA"},{"@type":"Organization","@id":"https:\/\/vivaro.com\/en\/#organization","name":"V\u00edvaro","url":"https:\/\/vivaro.com\/en\/","logo":{"@type":"ImageObject","inLanguage":"fr-CA","@id":"https:\/\/vivaro.com\/en\/#\/schema\/logo\/image\/","url":"https:\/\/vivaro.com\/wp-content\/uploads\/2022\/03\/vivaro-19-1.png","contentUrl":"https:\/\/vivaro.com\/wp-content\/uploads\/2022\/03\/vivaro-19-1.png","width":599,"height":308,"caption":"V\u00edvaro"},"image":{"@id":"https:\/\/vivaro.com\/en\/#\/schema\/logo\/image\/"},"sameAs":["https:\/\/www.facebook.com\/grupovivaro","https:\/\/x.com\/GrupoVivaro","https:\/\/www.instagram.com\/grupovivaro\/?hl=es-la","https:\/\/www.linkedin.com\/company\/grupovivaro\/"]}]}},"_links":{"self":[{"href":"https:\/\/vivaro.com\/fr\/wp-json\/wp\/v2\/pages\/14040","targetHints":{"allow":["GET"]}}],"collection":[{"href":"https:\/\/vivaro.com\/fr\/wp-json\/wp\/v2\/pages"}],"about":[{"href":"https:\/\/vivaro.com\/fr\/wp-json\/wp\/v2\/types\/page"}],"author":[{"embeddable":true,"href":"https:\/\/vivaro.com\/fr\/wp-json\/wp\/v2\/users\/1"}],"replies":[{"embeddable":true,"href":"https:\/\/vivaro.com\/fr\/wp-json\/wp\/v2\/comments?post=14040"}],"version-history":[{"count":13,"href":"https:\/\/vivaro.com\/fr\/wp-json\/wp\/v2\/pages\/14040\/revisions"}],"predecessor-version":[{"id":14217,"href":"https:\/\/vivaro.com\/fr\/wp-json\/wp\/v2\/pages\/14040\/revisions\/14217"}],"wp:attachment":[{"href":"https:\/\/vivaro.com\/fr\/wp-json\/wp\/v2\/media?parent=14040"}],"curies":[{"name":"wp","href":"https:\/\/api.w.org\/{rel}","templated":true}]}}