{"id":14048,"date":"2024-05-03T16:50:45","date_gmt":"2024-05-03T22:50:45","guid":{"rendered":"https:\/\/vivaro.com\/?page_id=14048"},"modified":"2024-07-18T19:24:53","modified_gmt":"2024-07-19T01:24:53","slug":"aviso-de-privacidad-para-empleados-y-candidatos","status":"publish","type":"page","link":"https:\/\/vivaro.com\/fr\/aviso-de-privacidad-para-empleados-y-candidatos\/","title":{"rendered":"AVISO DE PRIVACIDAD PARA EMPLEADOS Y CANDIDATOS"},"content":{"rendered":"<div data-elementor-type=\"wp-page\" data-elementor-id=\"14048\" class=\"elementor elementor-14048\" data-elementor-post-type=\"page\">\n\t\t\t\t<div class=\"elementor-element elementor-element-6ad941bf e-flex e-con-boxed e-con e-parent\" data-id=\"6ad941bf\" data-element_type=\"container\" data-e-type=\"container\">\n\t\t\t\t\t<div class=\"e-con-inner\">\n\t\t\t\t<div class=\"elementor-element elementor-element-052b942 elementor-widget elementor-widget-spacer\" data-id=\"052b942\" data-element_type=\"widget\" data-e-type=\"widget\" data-widget_type=\"spacer.default\">\n\t\t\t\t<div class=\"elementor-widget-container\">\n\t\t\t\t\t\t\t<div class=\"elementor-spacer\">\n\t\t\t<div class=\"elementor-spacer-inner\"><\/div>\n\t\t<\/div>\n\t\t\t\t\t\t<\/div>\n\t\t\t\t<\/div>\n\t\t\t\t<div class=\"elementor-element elementor-element-6bc2e1f elementor-widget elementor-widget-image\" data-id=\"6bc2e1f\" data-element_type=\"widget\" data-e-type=\"widget\" data-widget_type=\"image.default\">\n\t\t\t\t<div class=\"elementor-widget-container\">\n\t\t\t\t\t\t\t\t\t\t\t\t\t\t\t<img fetchpriority=\"high\" decoding=\"async\" width=\"453\" height=\"236\" src=\"https:\/\/vivaro.com\/wp-content\/uploads\/2022\/04\/LOGO-VIVARO-09.png\" class=\"attachment-large size-large wp-image-8647\" alt=\"\" srcset=\"https:\/\/vivaro.com\/wp-content\/uploads\/2022\/04\/LOGO-VIVARO-09.png 453w, https:\/\/vivaro.com\/wp-content\/uploads\/2022\/04\/LOGO-VIVARO-09-300x156.png 300w, https:\/\/vivaro.com\/wp-content\/uploads\/2022\/04\/LOGO-VIVARO-09-18x9.png 18w, https:\/\/vivaro.com\/wp-content\/uploads\/2022\/04\/LOGO-VIVARO-09-24x13.png 24w, https:\/\/vivaro.com\/wp-content\/uploads\/2022\/04\/LOGO-VIVARO-09-36x19.png 36w, https:\/\/vivaro.com\/wp-content\/uploads\/2022\/04\/LOGO-VIVARO-09-48x25.png 48w\" sizes=\"(max-width: 453px) 100vw, 453px\" \/>\t\t\t\t\t\t\t\t\t\t\t\t\t\t\t<\/div>\n\t\t\t\t<\/div>\n\t\t\t\t<div class=\"elementor-element elementor-element-e96b0de elementor-widget elementor-widget-heading\" data-id=\"e96b0de\" data-element_type=\"widget\" data-e-type=\"widget\" data-widget_type=\"heading.default\">\n\t\t\t\t<div class=\"elementor-widget-container\">\n\t\t\t\t\t<h2 class=\"elementor-heading-title elementor-size-default\">AVISO DE PRIVACIDAD PARA EMPLEADOS Y CANDIDATOS<\/h2>\t\t\t\t<\/div>\n\t\t\t\t<\/div>\n\t\t\t\t<div class=\"elementor-element elementor-element-122c113 elementor-widget elementor-widget-spacer\" data-id=\"122c113\" data-element_type=\"widget\" data-e-type=\"widget\" data-widget_type=\"spacer.default\">\n\t\t\t\t<div class=\"elementor-widget-container\">\n\t\t\t\t\t\t\t<div class=\"elementor-spacer\">\n\t\t\t<div class=\"elementor-spacer-inner\"><\/div>\n\t\t<\/div>\n\t\t\t\t\t\t<\/div>\n\t\t\t\t<\/div>\n\t\t\t\t<div class=\"elementor-element elementor-element-2b22a429 elementor-widget elementor-widget-text-editor\" data-id=\"2b22a429\" data-element_type=\"widget\" data-e-type=\"widget\" data-widget_type=\"text-editor.default\">\n\t\t\t\t<div class=\"elementor-widget-container\">\n\t\t\t\t\t\t\t\t\t<p class=\"p1\"><b>Identidad y domicilio del responsable.<\/b><\/p><p class=\"p3\">Coordinadora de Carrier\u00b4s, S.A. de C.V., sus afiliadas y\/o subsidiarias (en lo sucesivo, \u201cV\u00cdVARO\u201d), con domicilio en Avenida San Jer\u00f3nimo No. 210 poniente, Colonia San Jer\u00f3nimo, Monterrey, Nuevo Le\u00f3n, C.P. 64640, M\u00e9xico de conformidad con la Ley Federal de Protecci\u00f3n de Datos Personales en Posesi\u00f3n de los Particulares, su Reglamento y dem\u00e1s normatividad aplicable, es el responsable de salvaguardar la integridad, privacidad y protecci\u00f3n de los datos personales que nos proporcione.<\/p><p class=\"p1\"><b>Datos Personales y Datos Personales Sensibles sometidos a tratamiento.<\/b><\/p><p class=\"p3\">V\u00cdVARO para cumplir con las finalidades se\u00f1aladas en el presente Aviso, tratar\u00e1 sus datos personales de identificaci\u00f3n, datos personales de contacto, datos familiares, datos laborales, datos sobre caracter\u00edsticas f\u00edsicas, datos acad\u00e9micos, datos patrimoniales y\/o financieros o datos de referencias personales. Asimismo, le informamos que para cumplir con las finalidades descritas en este aviso se podr\u00e1n tratar datos personales sensibles como: datos sobre la afiliaci\u00f3n sindical, datos de salud pasados, presentes y futuros, datos biom\u00e9tricos, perfiles psicom\u00e9tricos y pruebas antidopaje.<\/p><p class=\"p1\"><b>Finalidades Primarias.<\/b><\/p><p class=\"p3\">V\u00cdVARO tratar\u00e1 sus datos para las siguientes finalidades primarias y necesarias:<\/p><ul class=\"ul1\"><li class=\"li4\">Para identificaci\u00f3n;<\/li><\/ul><ul class=\"ul1\"><li class=\"li4\">Para evaluar y dictaminar que usted cuenta con las habilidades y aptitudes para desempe\u00f1ar alguna vacante;<\/li><\/ul><ul class=\"ul1\"><li class=\"li4\">Para realizar cualquier gesti\u00f3n ante dependencias o entidades p\u00fablicas y privadas;<\/li><\/ul><ul class=\"ul1\"><li class=\"li4\">Para realizar y\/o gestionar cualquier acto y\/o actividad relativa a la selecci\u00f3n y el reclutamiento;<\/li><\/ul><ul class=\"ul1\"><li class=\"li4\">Conservar su informaci\u00f3n como posible candidato potencial.<\/li><\/ul><p class=\"p3\">En virtud de lo anterior, es necesario recabar su consentimiento expreso para el tratamiento de sus datos personales y datos sensibles, siendo que es una finalidad leg\u00edtima, concreta y acorde a las actividades o fines de V\u00cdVARO el realizar posibles contrataciones.<\/p><p class=\"p3\">Asimismo, se hace de su conocimiento que, en caso de ser contratado, toda su informaci\u00f3n ser\u00e1 anexada a su expediente laboral.<\/p><p class=\"p1\"><b>Finalidades Secundarias.<\/b><\/p><p class=\"p3\">Fines estad\u00edsticos.<\/p><p class=\"p3\">Si usted no desea que V\u00cdVARO trate su informaci\u00f3n para alguna de las finalidades secundarias no necesarias antes mencionadas, podr\u00e1 solicitarlo a trav\u00e9s del correo electr\u00f3nico <a href=\"mailto:arco@vivaro.com\"><span class=\"s1\">arco@vivaro.com<\/span><\/a> <span class=\"Apple-converted-space\">\u00a0 <\/span>donde nuestro Departamento de Protecci\u00f3n de Datos Personales, le atender\u00e1 en tiempo y forma.<\/p><p class=\"p1\"><b>Transferencias.<\/b><\/p><p class=\"p3\">V\u00cdVARO para cumplir la(s) finalidad(es) necesarias anteriormente descrita(s) u otras aquellas exigidas legalmente o por las autoridades competentes, transferir\u00e1 los datos necesarios en los casos legalmente previstos, as\u00ed como aquellos relacionados con la relaci\u00f3n jur\u00eddica entre usted y V\u00cdVARO. Se podr\u00e1n transferir a cualquier empresa filial, subsidiaria, o con la que mantenga una relaci\u00f3n comercial.<\/p><p class=\"p1\"><b>Medios y Procedimientos Para Ejercer Derechos Arco.<\/b><\/p><p class=\"p3\">Usted o su representante legal podr\u00e1 ejercer cualquiera de los derechos de acceso, rectificaci\u00f3n, cancelaci\u00f3n u oposici\u00f3n (en lo sucesivo, los \u201cDerechos ARCO\u201d), sin embargo, \u00fanicamente podr\u00e1 oponerse al tratamiento de sus datos personales para finalidades distintas a aqu\u00e9llas que son necesarias y dan origen a la relaci\u00f3n jur\u00eddica, sin que ello tenga como consecuencia la conclusi\u00f3n del tratamiento para finalidades primarias; as\u00ed mismo, podr\u00e1 revocar su consentimiento para el tratamiento de sus datos personales.<\/p><p class=\"p3\">Los Derechos ARCO se podr\u00e1n ejercer a trav\u00e9s de la solicitud que se encuentra a su disposici\u00f3n en la p\u00e1gina web <a href=\"https:\/\/vivaro.com\/fr\/\"><span class=\"s1\">www.vivaro.com<\/span><\/a>, la cual deber\u00e1 ser enviada v\u00eda correo electr\u00f3nico al Departamento de Protecci\u00f3n de Datos Personales de V\u00cdVARO, a la direcci\u00f3n electr\u00f3nica <a href=\"mailto:arco@vivaro.com\"><span class=\"s1\">arco@vivaro.com<\/span><\/a> donde dicho Departamento le atender\u00e1 en tiempo y forma.<\/p><p class=\"p3\">Para que nuestro Departamento de Protecci\u00f3n de Datos Personales pueda darle seguimiento a su solicitud, usted o su representante legal, deber\u00e1n acreditar correctamente su identidad, por lo que es necesario que complete todos los campos indicados en la solicitud antes descrita y la acompa\u00f1e con copia de alguna de las identificaciones oficiales vigentes que se se\u00f1alan.<\/p><p class=\"p3\">En caso de que la informaci\u00f3n proporcionada en la solicitud sea err\u00f3nea, insuficiente, o bien, no se acompa\u00f1en los documentos de acreditaci\u00f3n correspondientes, nuestro Departamento de Protecci\u00f3n de Datos Personales, dentro de los cinco (5) d\u00edas h\u00e1biles siguientes a la recepci\u00f3n de la solicitud, podr\u00e1 requerirle que aporte los elementos o documentos necesarios para dar tr\u00e1mite a la misma. Usted contar\u00e1 con diez (10) d\u00edas h\u00e1biles para atender el requerimiento, contados a partir del d\u00eda siguiente en que lo haya recibido. De no dar respuesta en dicho plazo, se tendr\u00e1 por no presentada la solicitud correspondiente. Nuestro Departamento de Protecci\u00f3n de Datos Personales le comunicar\u00e1 la determinaci\u00f3n adoptada, en un plazo m\u00e1ximo de veinte (20) d\u00edas h\u00e1biles contados desde la fecha en que se recibi\u00f3 la solicitud, a efecto de que, si resulta procedente, haga efectiva la misma dentro de los quince (15) d\u00edas h\u00e1biles siguientes a que se comunique la respuesta, misma que se enviar\u00e1 por v\u00eda electr\u00f3nica a la direcci\u00f3n de correo que se especifique en la solicitud.<\/p><p class=\"p1\"><b>Limitaci\u00f3n y\/o Divulgaci\u00f3n de sus Datos Personales.<\/b><\/p><p class=\"p3\">Usted podr\u00e1 limitar el uso o divulgaci\u00f3n de sus datos personales enviando su solicitud a nuestro Departamento de Protecci\u00f3n de Datos Personales. Los requisitos para acreditar su identidad, as\u00ed como el procedimiento para env\u00edo y atenci\u00f3n de su solicitud, se regir\u00e1n por los mismos criterios se\u00f1alados en el apartado anterior. En caso de que su solicitud resulte procedente, V\u00cdVARO lo registrar\u00e1 en el listado de exclusi\u00f3n correspondiente.<\/p><p class=\"p8\"><b>Cambios al Aviso de Privacidad<\/b><\/p><p class=\"p3\"><br \/>Cualquier cambio o modificaci\u00f3n al presente aviso podr\u00e1 efectuarse por V\u00cdVARO en cualquier momento y se dar\u00e1 a conocer a trav\u00e9s de su p\u00e1gina web o por cualquier otro medio que para tal efecto se determine.<\/p><p class=\"p1\"><b>Departamento de Protecci\u00f3n de Datos Personales de V\u00cdVARO:<\/b><\/p><p class=\"p3\">Direcci\u00f3n: Avenida San Jer\u00f3nimo No. 210 poniente, Colonia San Jer\u00f3nimo, Monterrey, Nuevo Le\u00f3n, C.P. 64640, M\u00e9xico.<\/p><p class=\"p9\">Correo electr\u00f3nico:\u00a0<a href=\"mailto:arco@vivaro.com\"><span class=\"s1\">arco@vivaro.com<\/span><\/a><span class=\"Apple-converted-space\">\u00a0 <\/span>\u00a0<br \/>Horario: 9:00 a 18:00 de lunes a viernes.<\/p><p class=\"p3\">Fecha de actualizaci\u00f3n: 5 (cinco) de julio 2024 (dos mil veinticuatro).<\/p>\t\t\t\t\t\t\t\t<\/div>\n\t\t\t\t<\/div>\n\t\t\t\t\t<\/div>\n\t\t\t\t<\/div>\n\t\t\t\t<\/div>","protected":false},"excerpt":{"rendered":"<p>AVISO DE PRIVACIDAD PARA EMPLEADOS Y CANDIDATOS Identidad y domicilio del responsable. Coordinadora de Carrier\u00b4s, S.A. de C.V., sus afiliadas y\/o subsidiarias (en lo sucesivo, \u201cV\u00cdVARO\u201d), con domicilio en Avenida San Jer\u00f3nimo No. 210 poniente, Colonia San Jer\u00f3nimo, Monterrey, Nuevo Le\u00f3n, C.P. 64640, M\u00e9xico de conformidad con la Ley Federal de Protecci\u00f3n de Datos Personales [&hellip;]<\/p>\n","protected":false},"author":1,"featured_media":0,"parent":0,"menu_order":0,"comment_status":"closed","ping_status":"closed","template":"","meta":{"footnotes":""},"class_list":["post-14048","page","type-page","status-publish","hentry"],"yoast_head":"<!-- This site is optimized with the Yoast SEO plugin v27.5 - https:\/\/yoast.com\/product\/yoast-seo-wordpress\/ -->\n<title>AVISO DE PRIVACIDAD PARA EMPLEADOS Y CANDIDATOS - V\u00edvaro<\/title>\n<meta name=\"robots\" content=\"index, follow, max-snippet:-1, max-image-preview:large, max-video-preview:-1\" \/>\n<link rel=\"canonical\" href=\"https:\/\/vivaro.com\/fr\/aviso-de-privacidad-para-empleados-y-candidatos\/\" \/>\n<meta property=\"og:locale\" content=\"fr_CA\" \/>\n<meta property=\"og:type\" content=\"article\" \/>\n<meta property=\"og:title\" content=\"AVISO DE PRIVACIDAD PARA EMPLEADOS Y CANDIDATOS - V\u00edvaro\" \/>\n<meta property=\"og:description\" content=\"AVISO DE PRIVACIDAD PARA EMPLEADOS Y CANDIDATOS Identidad y domicilio del responsable. Coordinadora de Carrier\u00b4s, S.A. de C.V., sus afiliadas y\/o subsidiarias (en lo sucesivo, \u201cV\u00cdVARO\u201d), con domicilio en Avenida San Jer\u00f3nimo No. 210 poniente, Colonia San Jer\u00f3nimo, Monterrey, Nuevo Le\u00f3n, C.P. 64640, M\u00e9xico de conformidad con la Ley Federal de Protecci\u00f3n de Datos Personales [&hellip;]\" \/>\n<meta property=\"og:url\" content=\"https:\/\/vivaro.com\/fr\/aviso-de-privacidad-para-empleados-y-candidatos\/\" \/>\n<meta property=\"og:site_name\" content=\"V\u00edvaro\" \/>\n<meta property=\"article:publisher\" content=\"https:\/\/www.facebook.com\/grupovivaro\" \/>\n<meta property=\"article:modified_time\" content=\"2024-07-19T01:24:53+00:00\" \/>\n<meta property=\"og:image\" content=\"https:\/\/vivaro.com\/wp-content\/uploads\/2022\/04\/LOGO-VIVARO-09.png\" \/>\n<meta name=\"twitter:card\" content=\"summary_large_image\" \/>\n<meta name=\"twitter:site\" content=\"@GrupoVivaro\" \/>\n<meta name=\"twitter:label1\" content=\"Estimation du temps de lecture\" \/>\n\t<meta name=\"twitter:data1\" content=\"5 minutes\" \/>\n<script type=\"application\/ld+json\" class=\"yoast-schema-graph\">{\"@context\":\"https:\\\/\\\/schema.org\",\"@graph\":[{\"@type\":\"WebPage\",\"@id\":\"https:\\\/\\\/vivaro.com\\\/aviso-de-privacidad-para-empleados-y-candidatos\\\/\",\"url\":\"https:\\\/\\\/vivaro.com\\\/aviso-de-privacidad-para-empleados-y-candidatos\\\/\",\"name\":\"AVISO DE PRIVACIDAD PARA EMPLEADOS Y CANDIDATOS - V\u00edvaro\",\"isPartOf\":{\"@id\":\"https:\\\/\\\/vivaro.com\\\/en\\\/#website\"},\"primaryImageOfPage\":{\"@id\":\"https:\\\/\\\/vivaro.com\\\/aviso-de-privacidad-para-empleados-y-candidatos\\\/#primaryimage\"},\"image\":{\"@id\":\"https:\\\/\\\/vivaro.com\\\/aviso-de-privacidad-para-empleados-y-candidatos\\\/#primaryimage\"},\"thumbnailUrl\":\"https:\\\/\\\/vivaro.com\\\/wp-content\\\/uploads\\\/2022\\\/04\\\/LOGO-VIVARO-09.png\",\"datePublished\":\"2024-05-03T22:50:45+00:00\",\"dateModified\":\"2024-07-19T01:24:53+00:00\",\"breadcrumb\":{\"@id\":\"https:\\\/\\\/vivaro.com\\\/aviso-de-privacidad-para-empleados-y-candidatos\\\/#breadcrumb\"},\"inLanguage\":\"fr-CA\",\"potentialAction\":[{\"@type\":\"ReadAction\",\"target\":[\"https:\\\/\\\/vivaro.com\\\/aviso-de-privacidad-para-empleados-y-candidatos\\\/\"]}]},{\"@type\":\"ImageObject\",\"inLanguage\":\"fr-CA\",\"@id\":\"https:\\\/\\\/vivaro.com\\\/aviso-de-privacidad-para-empleados-y-candidatos\\\/#primaryimage\",\"url\":\"https:\\\/\\\/vivaro.com\\\/wp-content\\\/uploads\\\/2022\\\/04\\\/LOGO-VIVARO-09.png\",\"contentUrl\":\"https:\\\/\\\/vivaro.com\\\/wp-content\\\/uploads\\\/2022\\\/04\\\/LOGO-VIVARO-09.png\"},{\"@type\":\"BreadcrumbList\",\"@id\":\"https:\\\/\\\/vivaro.com\\\/aviso-de-privacidad-para-empleados-y-candidatos\\\/#breadcrumb\",\"itemListElement\":[{\"@type\":\"ListItem\",\"position\":1,\"name\":\"Portada\",\"item\":\"https:\\\/\\\/vivaro.com\\\/\"},{\"@type\":\"ListItem\",\"position\":2,\"name\":\"AVISO DE PRIVACIDAD PARA EMPLEADOS Y CANDIDATOS\"}]},{\"@type\":\"WebSite\",\"@id\":\"https:\\\/\\\/vivaro.com\\\/en\\\/#website\",\"url\":\"https:\\\/\\\/vivaro.com\\\/en\\\/\",\"name\":\"V\u00edvaro\",\"description\":\"Inovaci\u00f3n tecnol\u00f3gica y servicios de telecomunicaciones.\",\"publisher\":{\"@id\":\"https:\\\/\\\/vivaro.com\\\/en\\\/#organization\"},\"potentialAction\":[{\"@type\":\"SearchAction\",\"target\":{\"@type\":\"EntryPoint\",\"urlTemplate\":\"https:\\\/\\\/vivaro.com\\\/en\\\/?s={search_term_string}\"},\"query-input\":{\"@type\":\"PropertyValueSpecification\",\"valueRequired\":true,\"valueName\":\"search_term_string\"}}],\"inLanguage\":\"fr-CA\"},{\"@type\":\"Organization\",\"@id\":\"https:\\\/\\\/vivaro.com\\\/en\\\/#organization\",\"name\":\"V\u00edvaro\",\"url\":\"https:\\\/\\\/vivaro.com\\\/en\\\/\",\"logo\":{\"@type\":\"ImageObject\",\"inLanguage\":\"fr-CA\",\"@id\":\"https:\\\/\\\/vivaro.com\\\/en\\\/#\\\/schema\\\/logo\\\/image\\\/\",\"url\":\"https:\\\/\\\/vivaro.com\\\/wp-content\\\/uploads\\\/2022\\\/03\\\/vivaro-19-1.png\",\"contentUrl\":\"https:\\\/\\\/vivaro.com\\\/wp-content\\\/uploads\\\/2022\\\/03\\\/vivaro-19-1.png\",\"width\":599,\"height\":308,\"caption\":\"V\u00edvaro\"},\"image\":{\"@id\":\"https:\\\/\\\/vivaro.com\\\/en\\\/#\\\/schema\\\/logo\\\/image\\\/\"},\"sameAs\":[\"https:\\\/\\\/www.facebook.com\\\/grupovivaro\",\"https:\\\/\\\/x.com\\\/GrupoVivaro\",\"https:\\\/\\\/www.instagram.com\\\/grupovivaro\\\/?hl=es-la\",\"https:\\\/\\\/www.linkedin.com\\\/company\\\/grupovivaro\\\/\"]}]}<\/script>\n<!-- \/ Yoast SEO plugin. -->","yoast_head_json":{"title":"AVISO DE PRIVACIDAD PARA EMPLEADOS Y CANDIDATOS - V\u00edvaro","robots":{"index":"index","follow":"follow","max-snippet":"max-snippet:-1","max-image-preview":"max-image-preview:large","max-video-preview":"max-video-preview:-1"},"canonical":"https:\/\/vivaro.com\/fr\/aviso-de-privacidad-para-empleados-y-candidatos\/","og_locale":"fr_CA","og_type":"article","og_title":"AVISO DE PRIVACIDAD PARA EMPLEADOS Y CANDIDATOS - V\u00edvaro","og_description":"AVISO DE PRIVACIDAD PARA EMPLEADOS Y CANDIDATOS Identidad y domicilio del responsable. Coordinadora de Carrier\u00b4s, S.A. de C.V., sus afiliadas y\/o subsidiarias (en lo sucesivo, \u201cV\u00cdVARO\u201d), con domicilio en Avenida San Jer\u00f3nimo No. 210 poniente, Colonia San Jer\u00f3nimo, Monterrey, Nuevo Le\u00f3n, C.P. 64640, M\u00e9xico de conformidad con la Ley Federal de Protecci\u00f3n de Datos Personales [&hellip;]","og_url":"https:\/\/vivaro.com\/fr\/aviso-de-privacidad-para-empleados-y-candidatos\/","og_site_name":"V\u00edvaro","article_publisher":"https:\/\/www.facebook.com\/grupovivaro","article_modified_time":"2024-07-19T01:24:53+00:00","og_image":[{"url":"https:\/\/vivaro.com\/wp-content\/uploads\/2022\/04\/LOGO-VIVARO-09.png","type":"","width":"","height":""}],"twitter_card":"summary_large_image","twitter_site":"@GrupoVivaro","twitter_misc":{"Estimation du temps de lecture":"5 minutes"},"schema":{"@context":"https:\/\/schema.org","@graph":[{"@type":"WebPage","@id":"https:\/\/vivaro.com\/aviso-de-privacidad-para-empleados-y-candidatos\/","url":"https:\/\/vivaro.com\/aviso-de-privacidad-para-empleados-y-candidatos\/","name":"AVISO DE PRIVACIDAD PARA EMPLEADOS Y CANDIDATOS - V\u00edvaro","isPartOf":{"@id":"https:\/\/vivaro.com\/en\/#website"},"primaryImageOfPage":{"@id":"https:\/\/vivaro.com\/aviso-de-privacidad-para-empleados-y-candidatos\/#primaryimage"},"image":{"@id":"https:\/\/vivaro.com\/aviso-de-privacidad-para-empleados-y-candidatos\/#primaryimage"},"thumbnailUrl":"https:\/\/vivaro.com\/wp-content\/uploads\/2022\/04\/LOGO-VIVARO-09.png","datePublished":"2024-05-03T22:50:45+00:00","dateModified":"2024-07-19T01:24:53+00:00","breadcrumb":{"@id":"https:\/\/vivaro.com\/aviso-de-privacidad-para-empleados-y-candidatos\/#breadcrumb"},"inLanguage":"fr-CA","potentialAction":[{"@type":"ReadAction","target":["https:\/\/vivaro.com\/aviso-de-privacidad-para-empleados-y-candidatos\/"]}]},{"@type":"ImageObject","inLanguage":"fr-CA","@id":"https:\/\/vivaro.com\/aviso-de-privacidad-para-empleados-y-candidatos\/#primaryimage","url":"https:\/\/vivaro.com\/wp-content\/uploads\/2022\/04\/LOGO-VIVARO-09.png","contentUrl":"https:\/\/vivaro.com\/wp-content\/uploads\/2022\/04\/LOGO-VIVARO-09.png"},{"@type":"BreadcrumbList","@id":"https:\/\/vivaro.com\/aviso-de-privacidad-para-empleados-y-candidatos\/#breadcrumb","itemListElement":[{"@type":"ListItem","position":1,"name":"Portada","item":"https:\/\/vivaro.com\/"},{"@type":"ListItem","position":2,"name":"AVISO DE PRIVACIDAD PARA EMPLEADOS Y CANDIDATOS"}]},{"@type":"WebSite","@id":"https:\/\/vivaro.com\/en\/#website","url":"https:\/\/vivaro.com\/en\/","name":"V\u00edvaro","description":"Inovaci\u00f3n tecnol\u00f3gica y servicios de telecomunicaciones.","publisher":{"@id":"https:\/\/vivaro.com\/en\/#organization"},"potentialAction":[{"@type":"SearchAction","target":{"@type":"EntryPoint","urlTemplate":"https:\/\/vivaro.com\/en\/?s={search_term_string}"},"query-input":{"@type":"PropertyValueSpecification","valueRequired":true,"valueName":"search_term_string"}}],"inLanguage":"fr-CA"},{"@type":"Organization","@id":"https:\/\/vivaro.com\/en\/#organization","name":"V\u00edvaro","url":"https:\/\/vivaro.com\/en\/","logo":{"@type":"ImageObject","inLanguage":"fr-CA","@id":"https:\/\/vivaro.com\/en\/#\/schema\/logo\/image\/","url":"https:\/\/vivaro.com\/wp-content\/uploads\/2022\/03\/vivaro-19-1.png","contentUrl":"https:\/\/vivaro.com\/wp-content\/uploads\/2022\/03\/vivaro-19-1.png","width":599,"height":308,"caption":"V\u00edvaro"},"image":{"@id":"https:\/\/vivaro.com\/en\/#\/schema\/logo\/image\/"},"sameAs":["https:\/\/www.facebook.com\/grupovivaro","https:\/\/x.com\/GrupoVivaro","https:\/\/www.instagram.com\/grupovivaro\/?hl=es-la","https:\/\/www.linkedin.com\/company\/grupovivaro\/"]}]}},"_links":{"self":[{"href":"https:\/\/vivaro.com\/fr\/wp-json\/wp\/v2\/pages\/14048","targetHints":{"allow":["GET"]}}],"collection":[{"href":"https:\/\/vivaro.com\/fr\/wp-json\/wp\/v2\/pages"}],"about":[{"href":"https:\/\/vivaro.com\/fr\/wp-json\/wp\/v2\/types\/page"}],"author":[{"embeddable":true,"href":"https:\/\/vivaro.com\/fr\/wp-json\/wp\/v2\/users\/1"}],"replies":[{"embeddable":true,"href":"https:\/\/vivaro.com\/fr\/wp-json\/wp\/v2\/comments?post=14048"}],"version-history":[{"count":7,"href":"https:\/\/vivaro.com\/fr\/wp-json\/wp\/v2\/pages\/14048\/revisions"}],"predecessor-version":[{"id":14232,"href":"https:\/\/vivaro.com\/fr\/wp-json\/wp\/v2\/pages\/14048\/revisions\/14232"}],"wp:attachment":[{"href":"https:\/\/vivaro.com\/fr\/wp-json\/wp\/v2\/media?parent=14048"}],"curies":[{"name":"wp","href":"https:\/\/api.w.org\/{rel}","templated":true}]}}