{"id":14071,"date":"2024-05-03T16:59:30","date_gmt":"2024-05-03T22:59:30","guid":{"rendered":"https:\/\/vivaro.com\/?page_id=14071"},"modified":"2024-05-03T17:00:42","modified_gmt":"2024-05-03T23:00:42","slug":"tarifascca","status":"publish","type":"page","link":"https:\/\/vivaro.com\/fr\/tarifascca\/","title":{"rendered":"tarifasCCa"},"content":{"rendered":"<div data-elementor-type=\"wp-page\" data-elementor-id=\"14071\" class=\"elementor elementor-14071\" data-elementor-post-type=\"page\">\n\t\t\t\t<div class=\"elementor-element elementor-element-7fe76b23 e-flex e-con-boxed e-con e-parent\" data-id=\"7fe76b23\" data-element_type=\"container\" data-e-type=\"container\">\n\t\t\t\t\t<div class=\"e-con-inner\">\n\t\t\t\t<div class=\"elementor-element elementor-element-35981993 elementor-widget elementor-widget-spacer\" data-id=\"35981993\" data-element_type=\"widget\" data-e-type=\"widget\" data-widget_type=\"spacer.default\">\n\t\t\t\t<div class=\"elementor-widget-container\">\n\t\t\t\t\t\t\t<div class=\"elementor-spacer\">\n\t\t\t<div class=\"elementor-spacer-inner\"><\/div>\n\t\t<\/div>\n\t\t\t\t\t\t<\/div>\n\t\t\t\t<\/div>\n\t\t\t\t<div class=\"elementor-element elementor-element-e9bf312 elementor-widget elementor-widget-heading\" data-id=\"e9bf312\" data-element_type=\"widget\" data-e-type=\"widget\" data-widget_type=\"heading.default\">\n\t\t\t\t<div class=\"elementor-widget-container\">\n\t\t\t\t\t<h2 class=\"elementor-heading-title elementor-size-default\">TARIFAS<\/h2>\t\t\t\t<\/div>\n\t\t\t\t<\/div>\n\t\t\t\t<div class=\"elementor-element elementor-element-673c48ad elementor-widget elementor-widget-text-editor\" data-id=\"673c48ad\" data-element_type=\"widget\" data-e-type=\"widget\" data-widget_type=\"text-editor.default\">\n\t\t\t\t<div class=\"elementor-widget-container\">\n\t\t\t\t\t\t\t\t\t<p class=\"font_8 wixui-rich-text__text\"><span class=\"wixui-rich-text__text\">PLAN PREMIUM 799\u00a0<\/span><\/p>\n<p class=\"font_8 wixui-rich-text__text\"><span class=\"wixui-rich-text__text\"><a class=\"wixui-rich-text__text\" href=\"https:\/\/ccarriers.s3.us-east-2.amazonaws.com\/FormatoSimplificado_365943_CCa+(1).pdf\" target=\"_blank\" rel=\"noopener\">Descargar formato de informaci\u00f3n simplificada<\/a><\/span><\/p>\n<p class=\"font_8 wixui-rich-text__text\"><span class=\"wixui-rich-text__text\"><span class=\"wixGuard wixui-rich-text__text\">\u200b<\/span><\/span><\/p>\n<p class=\"font_8 wixui-rich-text__text\"><span class=\"wixui-rich-text__text\">Telefon\u00eda Local Fija\u00a0<\/span><\/p>\n<p class=\"font_8 wixui-rich-text__text\"><span class=\"wixui-rich-text__text\">Renta Mensual: $954.64 pesos mexicanos. I.V.A. incluido\u00a0<\/span><\/p>\n<p class=\"font_8 wixui-rich-text__text\"><span class=\"wixui-rich-text__text\">La renta mensual incluye consumos ilimitados a destinos nacionales, Estados Unidos de Am\u00e9rica y Canad\u00e1.\u00a0<\/span><\/p>\n<p class=\"font_8 wixui-rich-text__text\"><span class=\"wixui-rich-text__text\">Consumos adicionales o no incluidos en la renta:\u00a0<\/span><\/p>\n<p class=\"font_8 wixui-rich-text__text\"><span class=\"wixui-rich-text__text\">$1.79 pesos mexicanos I.V.A. incluido por llamadas a servicios del tipo local fijo, seg\u00fan la pol\u00edtica de uso justo.\u00a0<\/span><\/p>\n<p class=\"font_8 wixui-rich-text__text\">\u00a0<\/p>\n<p class=\"font_8 wixui-rich-text__text\"><span class=\"wixui-rich-text__text\">$2.39 pesos mexicanos I.V.A. incluido por llamadas a servicios del tipo local m\u00f3vil seg\u00fan la pol\u00edtica de uso justo.\u00a0<\/span><\/p>\n<p class=\"font_8 wixui-rich-text__text\"><span class=\"wixui-rich-text__text\">\u202f\u00a0<\/span><\/p>\n<p class=\"font_8 wixui-rich-text__text\"><span class=\"wixui-rich-text__text\">$5.97 pesos mexicanos I.V.A. incluido llamadas a servicios del tipo fijo y m\u00f3vil de Larga Distancia Internacional.\u00a0<\/span><\/p>\n<p class=\"font_8 wixui-rich-text__text\">\u00a0<\/p>\n<p class=\"font_8 wixui-rich-text__text\"><span class=\"wixui-rich-text__text\">$21.50 pesos mexicanos I.V.A. incluido llamadas a servicios del tipo fijo y m\u00f3vil de Larga Distancia Mundial.\u00a0<\/span><\/p>\n<p class=\"font_8 wixui-rich-text__text\">\u00a0<\/p>\n<ul class=\"font_8 wixui-rich-text__text\">\n<li class=\"wixui-rich-text__text\">\n<p class=\"font_8 wixui-rich-text__text\"><span class=\"wixui-rich-text__text\">Incluye 1 l\u00ednea telef\u00f3nica. (No incluye equipo telef\u00f3nico).\u00a0<\/span><\/p>\n<\/li>\n<li class=\"wixui-rich-text__text\">\n<p class=\"font_8 wixui-rich-text__text\"><span class=\"wixui-rich-text__text\">Costo por l\u00ednea telef\u00f3nica adicional: $954.64 pesos I.V.A. incluido.\u00a0<\/span><\/p>\n<\/li>\n<li class=\"wixui-rich-text__text\">\n<p class=\"font_8 wixui-rich-text__text\"><span class=\"wixui-rich-text__text\">Costo de Instalaci\u00f3n: $954.64 pesos I.V.A. incluido.\u00a0<\/span><\/p>\n<\/li>\n<li class=\"wixui-rich-text__text\">\n<p class=\"font_8 wixui-rich-text__text\"><span class=\"wixui-rich-text__text\">Forma de pago: Postpago\u00a0<\/span><\/p>\n<\/li>\n<\/ul>\n<p class=\"font_8 wixui-rich-text__text\">\u00a0<\/p>\n<p class=\"font_8 wixui-rich-text__text\"><span class=\"wixui-rich-text__text\">Servicio y precios aplicables exclusivamente para Suscriptores Nuevos del segmento residencial. No aplicable a Suscriptores Activos. No aplicable a Suscriptores Comerciales\/Empresarial.\u00a0<\/span><\/p>\n<p class=\"font_8 wixui-rich-text__text\"><span class=\"wixui-rich-text__text\">Vigencia: 12 meses forzosos a partir de la contrataci\u00f3n\u00a0<\/span><\/p>\n<p class=\"font_8 wixui-rich-text__text\"><span class=\"wixui-rich-text__text\">No incluye descuento por pago anticipado\u00a0<\/span><\/p>\n<p class=\"font_8 wixui-rich-text__text\"><span class=\"wixui-rich-text__text\">No aplica penalizaci\u00f3n por pago tard\u00edo\u00a0<\/span><\/p>\n<p class=\"font_8 wixui-rich-text__text\"><span class=\"wixui-rich-text__text\">Descripci\u00f3n de la tarifa o promoci\u00f3n\u00a0<\/span><\/p>\n<p class=\"font_8 wixui-rich-text__text\">\u00a0<\/p>\n<p class=\"font_8 wixui-rich-text__text\"><span class=\"wixui-rich-text__text\">Plan PREMIUM 799 es el servicio que le permite contar con un paquete de llamadas locales ilimitadas pagando una renta mensual de $799.00 M.N. antes de impuestos aplicables. Aplica solamente para llamadas del servicio local fijo y del servicio local m\u00f3vil.\u00a0<\/span><\/p>\n<p class=\"font_8 wixui-rich-text__text\">\u00a0<\/p>\n<p class=\"font_8 wixui-rich-text__text\"><span class=\"wixui-rich-text__text\">Reglas de Aplicaci\u00f3n: Tarifa aplicable \u00fanicamente para el segmento residencial.\u00a0<\/span><\/p>\n<p class=\"font_8 wixui-rich-text__text\">\u00a0<\/p>\n<ul class=\"font_8 wixui-rich-text__text\">\n<li class=\"wixui-rich-text__text\">\n<p class=\"font_8 wixui-rich-text__text\"><span class=\"wixui-rich-text__text\">Definiciones\u00a0<\/span><\/p>\n<\/li>\n<\/ul>\n<p class=\"font_8 wixui-rich-text__text\">\u00a0<\/p>\n<p class=\"font_8 wixui-rich-text__text\"><span class=\"wixui-rich-text__text\">Los t\u00e9rminos utilizados tendr\u00e1n indistintamente el significado que a continuaci\u00f3n se indica a continuaci\u00f3n: \u00a0<\/span><\/p>\n<p class=\"font_8 wixui-rich-text__text\">\u00a0<\/p>\n<p class=\"font_8 wixui-rich-text__text\"><span class=\"wixui-rich-text__text\">a. Servicio Telefon\u00eda Local:\u00a0aqu\u00e9l por el que se conduce tr\u00e1fico cuyo n\u00famero de origen y destino tienen el mismo o diferente NIR o que se origina y termina en la misma o diferente ABI, y por el que se cobra una tarifa independiente de la distancia y de la ubicaci\u00f3n de los puntos de origen y destino dentro del territorio nacional.\u00a0<\/span><\/p>\n<p class=\"font_8 wixui-rich-text__text\"><span class=\"wixui-rich-text__text\">b. Servicio Telefon\u00eda Fija:\u00a0es el servicio de telefon\u00eda de local que cursa por la red p\u00fablica conmutada a trav\u00e9s de la infraestructura del concesionario. \u00a0<\/span><\/p>\n<p class=\"font_8 wixui-rich-text__text\"><span class=\"wixui-rich-text__text\">c. Servicio Telefon\u00eda M\u00f3vil:\u00a0son las llamadas realizadas a un destino de telefon\u00eda m\u00f3vil. Aplica para el servicio local m\u00f3vil a las llamadas que se originen y terminen dentro del territorio nacional. \u00a0<\/span><\/p>\n<p class=\"font_8 wixui-rich-text__text\"><span class=\"wixui-rich-text__text\">d. Servicio Medido:\u00a0Se refiere al n\u00famero de llamadas mensual que realiza un suscriptor del servicio de telefon\u00eda fija. \u00a0<\/span><\/p>\n<p class=\"font_8 wixui-rich-text__text\"><span class=\"wixui-rich-text__text\">e. Suscriptores Comerciales:\u00a0Son aquellas personas f\u00edsicas o morales que realizan alguna actividad comercial y que utilizan los servicios con fines propios de comunicaci\u00f3n. \u00a0<\/span><\/p>\n<p class=\"font_8 wixui-rich-text__text\"><span class=\"wixui-rich-text__text\">f. Suscriptores Activos:\u00a0Son aquellos que, al momento de contratar un servicio, tienen por lo menos un servicio previamente contratado con V\u00edvaro.\u00a0\u00a0<\/span><\/p>\n<p class=\"font_8 wixui-rich-text__text\"><span class=\"wixui-rich-text__text\">g. Suscriptores Nuevos:\u00a0Son aquellos que no tienen ning\u00fan servicio previamente contratado con V\u00edvaro. Aplica solamente para llamadas del tipo local fijo.\u00a0<\/span><\/p>\n<p class=\"font_8 wixui-rich-text__text\">\u00a0<\/p>\n<p class=\"font_8 wixui-rich-text__text\"><span class=\"wixui-rich-text__text\">Pol\u00edticas de Comercializaci\u00f3n\u00a0<\/span><\/p>\n<p class=\"font_8 wixui-rich-text__text\"><span class=\"wixui-rich-text__text\">Descripci\u00f3n de Zonas Geogr\u00e1ficas:\u00a0M\u00e9xico-Estados Unidos de Am\u00e9rica y Canad\u00e1: Son llamadas originadas desde cualquier ciudad con servicio V\u00edvaro hacia cualquier ciudad de los Estados Unidos de Am\u00e9rica y cualquier ciudad del Canad\u00e1. No incluye, Alaska, Haw\u00e1i y Puerto Rico. Larga Distancia Internacional: Cualquier destino distinto a territorio nacional, Estados Unidos de Am\u00e9rica, excepto Alaska, Haw\u00e1i y Puerto Rico y Canad\u00e1. Inmarsat: Este servicio no permite al suscriptor realizar conferencias a barcos que se encuentren en cualquier oc\u00e9ano. N\u00fameros 800 de EUA. Es el servicio que le permite al suscriptor, realizar llamadas a n\u00fameros 800 de larga distancia de Estados Unidos de Am\u00e9rica y Canad\u00e1. Para acceder a los n\u00fameros 1-800, 1-888, 1-887, 1-866, 1-855, 1-844 y 1-833 se deber\u00e1 marcar: 001 880, 001 888, 001 877, 001-886, 001-885, 001-884 y 001 883 respectivamente. La tarifa por minuto para este servicio es de: DESTINO TARIFA POR MINUTO Llamada a N\u00famero 800 de Estados Unidos de Am\u00e9rica $5.99 pesos mexicanos m\u00e1s impuestos.\u00a0<\/span><\/p>\n<p class=\"font_8 wixui-rich-text__text\"><span class=\"wixui-rich-text__text\">Reglas de aplicaci\u00f3n \u2022 Solo se registran llamadas completadas, es decir cuando haya contestado el n\u00famero marcado.\u00a0<\/span><\/p>\n<p class=\"font_8 wixui-rich-text__text\"><span class=\"wixui-rich-text__text\">Condiciones Comerciales Generales:\u00a0\u2022 Los t\u00e9rminos \u201ccargo\u201d, \u201cprecio\u201d y \u201ctarifa\u201d se utilizan indistintamente para denominar las tarifas de los productos y servicios ofrecidos, debidamente registrados ante el Instituto Federal de Telecomunicaciones (\u201cIFT\u201d). \u2022 Las tarifas est\u00e1n sujetas a cambio previo registro ante el IFT. \u2022 La duraci\u00f3n de la llamada se mide desde que se establece la conexi\u00f3n con el destino hasta que el origen se desconecta. \u2022 Los productos y servicios, as\u00ed como sus respectivos cargos, descritos en el presente documento, se encuentran sujetos a los t\u00e9rminos y condiciones dispuestos en el C\u00f3digo de Pr\u00e1cticas Comerciales y en el contrato de servicios firmado por el Suscriptor Residencial. \u2022 El plan tarifario aplica para para toda la Rep\u00fablica Mexicana. \u2022 Todos los productos y servicios est\u00e1n sujetos a cobertura. \u2022 Los productos y servicios aplican exclusivamente para Suscriptor Residencial. \u2022 Las tarifas est\u00e1n expresadas en moneda nacional e incluyen Impuestos, los cuales ser\u00e1n cargados conforme a la legislaci\u00f3n aplicable.\u00a0<\/span><\/p>\n<p class=\"font_8 wixui-rich-text__text\"><span class=\"wixui-rich-text__text\">Pol\u00edtica de Uso Justo:\u00a0Esta pol\u00edtica va dirigida a los Clientes de CCa que contraten la oferta de servicios PREMIUM que incluye el plan de terminaci\u00f3n de minutos hacia n\u00fameros fijos y m\u00f3viles a todo el territorio nacional. Las llamadas que usted realice desde su servicio CCa a tel\u00e9fonos fijos y m\u00f3viles incluyen un m\u00e1ximo de 2049 minutos. A partir de la llamada siguiente se facturar\u00e1 a la tarifa vigente. El uso excesivo de este servicio, podr\u00e1 ser auditado por CCa en cualquier momento por lo que tendr\u00e1 derecho de ejercer cualquier medida necesaria. Cuando los l\u00edmites de tr\u00e1fico incluidos en la oferta sean rebasados de acuerdo a la pol\u00edtica de uso justo, CCa facturar\u00e1 la tarifa vigente para las llamadas y\/o minutos adicionales, seg\u00fan sea el caso.\u00a0<\/span><\/p>\n<p class=\"font_8 wixui-rich-text__text\"><span class=\"wixui-rich-text__text\"><span class=\"wixGuard wixui-rich-text__text\">\u200b<\/span><\/span><\/p>\n<p class=\"font_8 wixui-rich-text__text\"><span class=\"wixui-rich-text__text\">PENALIDADES\u00a0<\/span><\/p>\n<p class=\"font_8 wixui-rich-text__text\"><span class=\"wixui-rich-text__text\">En caso de cancelaci\u00f3n anticipada, el cliente deber\u00e1 pagar a CCa el pago de los meses no devengados.\u00a0<\/span><\/p>\n<p class=\"font_8 wixui-rich-text__text\"><span class=\"wixui-rich-text__text\"><span class=\"wixGuard wixui-rich-text__text\">\u200b<\/span><\/span><\/p>\n<p class=\"font_8 wixui-rich-text__text\"><span class=\"wixui-rich-text__text\"><a class=\"wixui-rich-text__text\" href=\"https:\/\/ccarriers.s3.us-east-2.amazonaws.com\/TARIFAS+PLAN+PREMIUM.pdf\" target=\"_blank\" rel=\"noopener\">DETALLE DE CARGOS NO INCLUIDOS\u00a0<\/a><\/span><\/p>\t\t\t\t\t\t\t\t<\/div>\n\t\t\t\t<\/div>\n\t\t\t\t<div class=\"elementor-element elementor-element-76c35709 elementor-widget elementor-widget-spacer\" data-id=\"76c35709\" data-element_type=\"widget\" data-e-type=\"widget\" data-widget_type=\"spacer.default\">\n\t\t\t\t<div class=\"elementor-widget-container\">\n\t\t\t\t\t\t\t<div class=\"elementor-spacer\">\n\t\t\t<div class=\"elementor-spacer-inner\"><\/div>\n\t\t<\/div>\n\t\t\t\t\t\t<\/div>\n\t\t\t\t<\/div>\n\t\t\t\t\t<\/div>\n\t\t\t\t<\/div>\n\t\t\t\t<\/div>","protected":false},"excerpt":{"rendered":"<p>TARIFAS PLAN PREMIUM 799\u00a0 Descargar formato de informaci\u00f3n simplificada \u200b Telefon\u00eda Local Fija\u00a0 Renta Mensual: $954.64 pesos mexicanos. I.V.A. incluido\u00a0 La renta mensual incluye consumos ilimitados a destinos nacionales, Estados Unidos de Am\u00e9rica y Canad\u00e1.\u00a0 Consumos adicionales o no incluidos en la renta:\u00a0 $1.79 pesos mexicanos I.V.A. incluido por llamadas a servicios del tipo local [&hellip;]<\/p>\n","protected":false},"author":1,"featured_media":0,"parent":0,"menu_order":0,"comment_status":"closed","ping_status":"closed","template":"","meta":{"footnotes":""},"class_list":["post-14071","page","type-page","status-publish","hentry"],"yoast_head":"<!-- This site is optimized with the Yoast SEO plugin v27.3 - https:\/\/yoast.com\/product\/yoast-seo-wordpress\/ -->\n<title>tarifasCCa - V\u00edvaro<\/title>\n<meta name=\"robots\" content=\"index, follow, max-snippet:-1, max-image-preview:large, max-video-preview:-1\" \/>\n<link rel=\"canonical\" href=\"https:\/\/vivaro.com\/fr\/tarifascca\/\" \/>\n<meta property=\"og:locale\" content=\"fr_CA\" \/>\n<meta property=\"og:type\" content=\"article\" \/>\n<meta property=\"og:title\" content=\"tarifasCCa - V\u00edvaro\" \/>\n<meta property=\"og:description\" content=\"TARIFAS PLAN PREMIUM 799\u00a0 Descargar formato de informaci\u00f3n simplificada \u200b Telefon\u00eda Local Fija\u00a0 Renta Mensual: $954.64 pesos mexicanos. I.V.A. incluido\u00a0 La renta mensual incluye consumos ilimitados a destinos nacionales, Estados Unidos de Am\u00e9rica y Canad\u00e1.\u00a0 Consumos adicionales o no incluidos en la renta:\u00a0 $1.79 pesos mexicanos I.V.A. incluido por llamadas a servicios del tipo local [&hellip;]\" \/>\n<meta property=\"og:url\" content=\"https:\/\/vivaro.com\/fr\/tarifascca\/\" \/>\n<meta property=\"og:site_name\" content=\"V\u00edvaro\" \/>\n<meta property=\"article:publisher\" content=\"https:\/\/www.facebook.com\/grupovivaro\" \/>\n<meta property=\"article:modified_time\" content=\"2024-05-03T23:00:42+00:00\" \/>\n<meta name=\"twitter:card\" content=\"summary_large_image\" \/>\n<meta name=\"twitter:site\" content=\"@GrupoVivaro\" \/>\n<meta name=\"twitter:label1\" content=\"Estimation du temps de lecture\" \/>\n\t<meta name=\"twitter:data1\" content=\"5 minutes\" \/>\n<script type=\"application\/ld+json\" class=\"yoast-schema-graph\">{\"@context\":\"https:\\\/\\\/schema.org\",\"@graph\":[{\"@type\":\"WebPage\",\"@id\":\"https:\\\/\\\/vivaro.com\\\/tarifascca\\\/\",\"url\":\"https:\\\/\\\/vivaro.com\\\/tarifascca\\\/\",\"name\":\"tarifasCCa - V\u00edvaro\",\"isPartOf\":{\"@id\":\"https:\\\/\\\/vivaro.com\\\/en\\\/#website\"},\"datePublished\":\"2024-05-03T22:59:30+00:00\",\"dateModified\":\"2024-05-03T23:00:42+00:00\",\"breadcrumb\":{\"@id\":\"https:\\\/\\\/vivaro.com\\\/tarifascca\\\/#breadcrumb\"},\"inLanguage\":\"fr-CA\",\"potentialAction\":[{\"@type\":\"ReadAction\",\"target\":[\"https:\\\/\\\/vivaro.com\\\/tarifascca\\\/\"]}]},{\"@type\":\"BreadcrumbList\",\"@id\":\"https:\\\/\\\/vivaro.com\\\/tarifascca\\\/#breadcrumb\",\"itemListElement\":[{\"@type\":\"ListItem\",\"position\":1,\"name\":\"Portada\",\"item\":\"https:\\\/\\\/vivaro.com\\\/\"},{\"@type\":\"ListItem\",\"position\":2,\"name\":\"tarifasCCa\"}]},{\"@type\":\"WebSite\",\"@id\":\"https:\\\/\\\/vivaro.com\\\/en\\\/#website\",\"url\":\"https:\\\/\\\/vivaro.com\\\/en\\\/\",\"name\":\"V\u00edvaro\",\"description\":\"Inovaci\u00f3n tecnol\u00f3gica y servicios de telecomunicaciones.\",\"publisher\":{\"@id\":\"https:\\\/\\\/vivaro.com\\\/en\\\/#organization\"},\"potentialAction\":[{\"@type\":\"SearchAction\",\"target\":{\"@type\":\"EntryPoint\",\"urlTemplate\":\"https:\\\/\\\/vivaro.com\\\/en\\\/?s={search_term_string}\"},\"query-input\":{\"@type\":\"PropertyValueSpecification\",\"valueRequired\":true,\"valueName\":\"search_term_string\"}}],\"inLanguage\":\"fr-CA\"},{\"@type\":\"Organization\",\"@id\":\"https:\\\/\\\/vivaro.com\\\/en\\\/#organization\",\"name\":\"V\u00edvaro\",\"url\":\"https:\\\/\\\/vivaro.com\\\/en\\\/\",\"logo\":{\"@type\":\"ImageObject\",\"inLanguage\":\"fr-CA\",\"@id\":\"https:\\\/\\\/vivaro.com\\\/en\\\/#\\\/schema\\\/logo\\\/image\\\/\",\"url\":\"https:\\\/\\\/vivaro.com\\\/wp-content\\\/uploads\\\/2022\\\/03\\\/vivaro-19-1.png\",\"contentUrl\":\"https:\\\/\\\/vivaro.com\\\/wp-content\\\/uploads\\\/2022\\\/03\\\/vivaro-19-1.png\",\"width\":599,\"height\":308,\"caption\":\"V\u00edvaro\"},\"image\":{\"@id\":\"https:\\\/\\\/vivaro.com\\\/en\\\/#\\\/schema\\\/logo\\\/image\\\/\"},\"sameAs\":[\"https:\\\/\\\/www.facebook.com\\\/grupovivaro\",\"https:\\\/\\\/x.com\\\/GrupoVivaro\",\"https:\\\/\\\/www.instagram.com\\\/grupovivaro\\\/?hl=es-la\",\"https:\\\/\\\/www.linkedin.com\\\/company\\\/grupovivaro\\\/\"]}]}<\/script>\n<!-- \/ Yoast SEO plugin. -->","yoast_head_json":{"title":"tarifasCCa - V\u00edvaro","robots":{"index":"index","follow":"follow","max-snippet":"max-snippet:-1","max-image-preview":"max-image-preview:large","max-video-preview":"max-video-preview:-1"},"canonical":"https:\/\/vivaro.com\/fr\/tarifascca\/","og_locale":"fr_CA","og_type":"article","og_title":"tarifasCCa - V\u00edvaro","og_description":"TARIFAS PLAN PREMIUM 799\u00a0 Descargar formato de informaci\u00f3n simplificada \u200b Telefon\u00eda Local Fija\u00a0 Renta Mensual: $954.64 pesos mexicanos. I.V.A. incluido\u00a0 La renta mensual incluye consumos ilimitados a destinos nacionales, Estados Unidos de Am\u00e9rica y Canad\u00e1.\u00a0 Consumos adicionales o no incluidos en la renta:\u00a0 $1.79 pesos mexicanos I.V.A. incluido por llamadas a servicios del tipo local [&hellip;]","og_url":"https:\/\/vivaro.com\/fr\/tarifascca\/","og_site_name":"V\u00edvaro","article_publisher":"https:\/\/www.facebook.com\/grupovivaro","article_modified_time":"2024-05-03T23:00:42+00:00","twitter_card":"summary_large_image","twitter_site":"@GrupoVivaro","twitter_misc":{"Estimation du temps de lecture":"5 minutes"},"schema":{"@context":"https:\/\/schema.org","@graph":[{"@type":"WebPage","@id":"https:\/\/vivaro.com\/tarifascca\/","url":"https:\/\/vivaro.com\/tarifascca\/","name":"tarifasCCa - V\u00edvaro","isPartOf":{"@id":"https:\/\/vivaro.com\/en\/#website"},"datePublished":"2024-05-03T22:59:30+00:00","dateModified":"2024-05-03T23:00:42+00:00","breadcrumb":{"@id":"https:\/\/vivaro.com\/tarifascca\/#breadcrumb"},"inLanguage":"fr-CA","potentialAction":[{"@type":"ReadAction","target":["https:\/\/vivaro.com\/tarifascca\/"]}]},{"@type":"BreadcrumbList","@id":"https:\/\/vivaro.com\/tarifascca\/#breadcrumb","itemListElement":[{"@type":"ListItem","position":1,"name":"Portada","item":"https:\/\/vivaro.com\/"},{"@type":"ListItem","position":2,"name":"tarifasCCa"}]},{"@type":"WebSite","@id":"https:\/\/vivaro.com\/en\/#website","url":"https:\/\/vivaro.com\/en\/","name":"V\u00edvaro","description":"Inovaci\u00f3n tecnol\u00f3gica y servicios de telecomunicaciones.","publisher":{"@id":"https:\/\/vivaro.com\/en\/#organization"},"potentialAction":[{"@type":"SearchAction","target":{"@type":"EntryPoint","urlTemplate":"https:\/\/vivaro.com\/en\/?s={search_term_string}"},"query-input":{"@type":"PropertyValueSpecification","valueRequired":true,"valueName":"search_term_string"}}],"inLanguage":"fr-CA"},{"@type":"Organization","@id":"https:\/\/vivaro.com\/en\/#organization","name":"V\u00edvaro","url":"https:\/\/vivaro.com\/en\/","logo":{"@type":"ImageObject","inLanguage":"fr-CA","@id":"https:\/\/vivaro.com\/en\/#\/schema\/logo\/image\/","url":"https:\/\/vivaro.com\/wp-content\/uploads\/2022\/03\/vivaro-19-1.png","contentUrl":"https:\/\/vivaro.com\/wp-content\/uploads\/2022\/03\/vivaro-19-1.png","width":599,"height":308,"caption":"V\u00edvaro"},"image":{"@id":"https:\/\/vivaro.com\/en\/#\/schema\/logo\/image\/"},"sameAs":["https:\/\/www.facebook.com\/grupovivaro","https:\/\/x.com\/GrupoVivaro","https:\/\/www.instagram.com\/grupovivaro\/?hl=es-la","https:\/\/www.linkedin.com\/company\/grupovivaro\/"]}]}},"_links":{"self":[{"href":"https:\/\/vivaro.com\/fr\/wp-json\/wp\/v2\/pages\/14071","targetHints":{"allow":["GET"]}}],"collection":[{"href":"https:\/\/vivaro.com\/fr\/wp-json\/wp\/v2\/pages"}],"about":[{"href":"https:\/\/vivaro.com\/fr\/wp-json\/wp\/v2\/types\/page"}],"author":[{"embeddable":true,"href":"https:\/\/vivaro.com\/fr\/wp-json\/wp\/v2\/users\/1"}],"replies":[{"embeddable":true,"href":"https:\/\/vivaro.com\/fr\/wp-json\/wp\/v2\/comments?post=14071"}],"version-history":[{"count":4,"href":"https:\/\/vivaro.com\/fr\/wp-json\/wp\/v2\/pages\/14071\/revisions"}],"predecessor-version":[{"id":14077,"href":"https:\/\/vivaro.com\/fr\/wp-json\/wp\/v2\/pages\/14071\/revisions\/14077"}],"wp:attachment":[{"href":"https:\/\/vivaro.com\/fr\/wp-json\/wp\/v2\/media?parent=14071"}],"curies":[{"name":"wp","href":"https:\/\/api.w.org\/{rel}","templated":true}]}}