{"id":14084,"date":"2024-05-09T11:24:06","date_gmt":"2024-05-09T17:24:06","guid":{"rendered":"https:\/\/vivaro.com\/?page_id=14084"},"modified":"2024-05-09T17:30:37","modified_gmt":"2024-05-09T23:30:37","slug":"alebrije_vip2024","status":"publish","type":"page","link":"https:\/\/vivaro.com\/fr\/alebrije_vip2024\/","title":{"rendered":"alebrije_vip2024"},"content":{"rendered":"<div data-elementor-type=\"wp-page\" data-elementor-id=\"14084\" class=\"elementor elementor-14084\" data-elementor-post-type=\"page\">\n\t\t\t\t\t\t<section class=\"elementor-section elementor-top-section elementor-element elementor-element-605b5de8 elementor-section-boxed elementor-section-height-default elementor-section-height-default\" data-id=\"605b5de8\" data-element_type=\"section\" data-e-type=\"section\" data-settings=\"{&quot;background_background&quot;:&quot;classic&quot;}\">\n\t\t\t\t\t\t<div class=\"elementor-container elementor-column-gap-default\">\n\t\t\t\t\t<div class=\"elementor-column elementor-col-100 elementor-top-column elementor-element elementor-element-54ce3a30\" data-id=\"54ce3a30\" data-element_type=\"column\" data-e-type=\"column\">\n\t\t\t<div class=\"elementor-widget-wrap elementor-element-populated\">\n\t\t\t\t\t\t<div class=\"elementor-element elementor-element-57fbba02 elementor-widget-divider--view-line elementor-widget elementor-widget-divider\" data-id=\"57fbba02\" data-element_type=\"widget\" data-e-type=\"widget\" data-widget_type=\"divider.default\">\n\t\t\t\t<div class=\"elementor-widget-container\">\n\t\t\t\t\t\t\t<div class=\"elementor-divider\">\n\t\t\t<span class=\"elementor-divider-separator\">\n\t\t\t\t\t\t<\/span>\n\t\t<\/div>\n\t\t\t\t\t\t<\/div>\n\t\t\t\t<\/div>\n\t\t\t\t<div class=\"elementor-element elementor-element-5862aee elementor-hidden-widescreen elementor-hidden-desktop elementor-hidden-tablet elementor-widget elementor-widget-video\" data-id=\"5862aee\" data-element_type=\"widget\" data-e-type=\"widget\" data-settings=\"{&quot;video_type&quot;:&quot;hosted&quot;,&quot;controls&quot;:&quot;yes&quot;}\" data-widget_type=\"video.default\">\n\t\t\t\t<div class=\"elementor-widget-container\">\n\t\t\t\t\t\t\t<div class=\"e-hosted-video elementor-wrapper elementor-open-inline\">\n\t\t\t\t\t<video class=\"elementor-video\" src=\"https:\/\/s3.us-east-2.amazonaws.com\/vivaro.video\/Coyote+1080p.mp4\" controls=\"\" preload=\"metadata\" controlslist=\"nodownload\"><\/video>\n\t\t\t\t<\/div>\n\t\t\t\t\t\t<\/div>\n\t\t\t\t<\/div>\n\t\t\t\t\t<\/div>\n\t\t<\/div>\n\t\t\t\t\t<\/div>\n\t\t<\/section>\n\t\t<div class=\"elementor-element elementor-element-2f04244 elementor-hidden-mobile e-flex e-con-boxed e-con e-parent\" data-id=\"2f04244\" data-element_type=\"container\" data-e-type=\"container\" data-settings=\"{&quot;background_background&quot;:&quot;classic&quot;}\">\n\t\t\t\t\t<div class=\"e-con-inner\">\n\t\t<div class=\"elementor-element elementor-element-5603d59 e-con-full e-flex e-con e-child\" data-id=\"5603d59\" data-element_type=\"container\" data-e-type=\"container\">\n\t\t\t\t<div class=\"elementor-element elementor-element-4283027 elementor-widget__width-initial elementor-hidden-mobile elementor-widget elementor-widget-html\" data-id=\"4283027\" data-element_type=\"widget\" data-e-type=\"widget\" data-widget_type=\"html.default\">\n\t\t\t\t<div class=\"elementor-widget-container\">\n\t\t\t\t\t<div class=\"video_wrapper\">\n<iframe frameborder=\"0\" width=\"720px\" height=\"480px\" src=\"https:\/\/s3.us-east-2.amazonaws.com\/vivaro.video\/Coyote+1080p.mp4\" allowfullscreen allow=\"autoplay\">\n<\/iframe><\/div>\n\n\t\t\t\t<\/div>\n\t\t\t\t<\/div>\n\t\t\t\t<\/div>\n\t\t\t\t\t<\/div>\n\t\t\t\t<\/div>\n\t\t\t\t<section class=\"elementor-section elementor-top-section elementor-element elementor-element-6e2ccade elementor-section-boxed elementor-section-height-default elementor-section-height-default\" data-id=\"6e2ccade\" data-element_type=\"section\" data-e-type=\"section\" data-settings=\"{&quot;background_background&quot;:&quot;classic&quot;}\">\n\t\t\t\t\t\t<div class=\"elementor-container elementor-column-gap-default\">\n\t\t\t\t\t<div class=\"elementor-column elementor-col-100 elementor-top-column elementor-element elementor-element-45e76e1b\" data-id=\"45e76e1b\" data-element_type=\"column\" data-e-type=\"column\">\n\t\t\t<div class=\"elementor-widget-wrap elementor-element-populated\">\n\t\t\t\t\t\t<div class=\"elementor-element elementor-element-3c490e4c elementor-widget-divider--view-line elementor-widget elementor-widget-divider\" data-id=\"3c490e4c\" data-element_type=\"widget\" data-e-type=\"widget\" data-widget_type=\"divider.default\">\n\t\t\t\t<div class=\"elementor-widget-container\">\n\t\t\t\t\t\t\t<div class=\"elementor-divider\">\n\t\t\t<span class=\"elementor-divider-separator\">\n\t\t\t\t\t\t<\/span>\n\t\t<\/div>\n\t\t\t\t\t\t<\/div>\n\t\t\t\t<\/div>\n\t\t\t\t\t<\/div>\n\t\t<\/div>\n\t\t\t\t\t<\/div>\n\t\t<\/section>\n\t\t\t\t<\/div>","protected":false},"excerpt":{"rendered":"<p>https:\/\/s3.us-east-2.amazonaws.com\/vivaro.video\/Coyote+1080p.mp4<\/p>","protected":false},"author":1,"featured_media":0,"parent":0,"menu_order":0,"comment_status":"closed","ping_status":"closed","template":"","meta":{"footnotes":""},"class_list":["post-14084","page","type-page","status-publish","hentry"],"yoast_head":"<!-- This site is optimized with the Yoast SEO plugin v27.3 - https:\/\/yoast.com\/product\/yoast-seo-wordpress\/ -->\n<title>alebrije_vip2024 - V\u00edvaro<\/title>\n<meta name=\"robots\" content=\"index, follow, max-snippet:-1, max-image-preview:large, max-video-preview:-1\" \/>\n<link rel=\"canonical\" href=\"https:\/\/vivaro.com\/fr\/alebrije_vip2024\/\" \/>\n<meta property=\"og:locale\" content=\"fr_CA\" \/>\n<meta property=\"og:type\" content=\"article\" \/>\n<meta property=\"og:title\" content=\"alebrije_vip2024 - V\u00edvaro\" \/>\n<meta property=\"og:description\" content=\"https:\/\/s3.us-east-2.amazonaws.com\/vivaro.video\/Coyote+1080p.mp4\" \/>\n<meta property=\"og:url\" content=\"https:\/\/vivaro.com\/fr\/alebrije_vip2024\/\" \/>\n<meta property=\"og:site_name\" content=\"V\u00edvaro\" \/>\n<meta property=\"article:publisher\" content=\"https:\/\/www.facebook.com\/grupovivaro\" \/>\n<meta property=\"article:modified_time\" content=\"2024-05-09T23:30:37+00:00\" \/>\n<meta name=\"twitter:card\" content=\"summary_large_image\" \/>\n<meta name=\"twitter:site\" content=\"@GrupoVivaro\" \/>\n<script type=\"application\/ld+json\" class=\"yoast-schema-graph\">{\"@context\":\"https:\\\/\\\/schema.org\",\"@graph\":[{\"@type\":\"WebPage\",\"@id\":\"https:\\\/\\\/vivaro.com\\\/alebrije_vip2024\\\/\",\"url\":\"https:\\\/\\\/vivaro.com\\\/alebrije_vip2024\\\/\",\"name\":\"alebrije_vip2024 - V\u00edvaro\",\"isPartOf\":{\"@id\":\"https:\\\/\\\/vivaro.com\\\/en\\\/#website\"},\"datePublished\":\"2024-05-09T17:24:06+00:00\",\"dateModified\":\"2024-05-09T23:30:37+00:00\",\"breadcrumb\":{\"@id\":\"https:\\\/\\\/vivaro.com\\\/alebrije_vip2024\\\/#breadcrumb\"},\"inLanguage\":\"fr-CA\",\"potentialAction\":[{\"@type\":\"ReadAction\",\"target\":[\"https:\\\/\\\/vivaro.com\\\/alebrije_vip2024\\\/\"]}]},{\"@type\":\"BreadcrumbList\",\"@id\":\"https:\\\/\\\/vivaro.com\\\/alebrije_vip2024\\\/#breadcrumb\",\"itemListElement\":[{\"@type\":\"ListItem\",\"position\":1,\"name\":\"Portada\",\"item\":\"https:\\\/\\\/vivaro.com\\\/\"},{\"@type\":\"ListItem\",\"position\":2,\"name\":\"alebrije_vip2024\"}]},{\"@type\":\"WebSite\",\"@id\":\"https:\\\/\\\/vivaro.com\\\/en\\\/#website\",\"url\":\"https:\\\/\\\/vivaro.com\\\/en\\\/\",\"name\":\"V\u00edvaro\",\"description\":\"Inovaci\u00f3n tecnol\u00f3gica y servicios de telecomunicaciones.\",\"publisher\":{\"@id\":\"https:\\\/\\\/vivaro.com\\\/en\\\/#organization\"},\"potentialAction\":[{\"@type\":\"SearchAction\",\"target\":{\"@type\":\"EntryPoint\",\"urlTemplate\":\"https:\\\/\\\/vivaro.com\\\/en\\\/?s={search_term_string}\"},\"query-input\":{\"@type\":\"PropertyValueSpecification\",\"valueRequired\":true,\"valueName\":\"search_term_string\"}}],\"inLanguage\":\"fr-CA\"},{\"@type\":\"Organization\",\"@id\":\"https:\\\/\\\/vivaro.com\\\/en\\\/#organization\",\"name\":\"V\u00edvaro\",\"url\":\"https:\\\/\\\/vivaro.com\\\/en\\\/\",\"logo\":{\"@type\":\"ImageObject\",\"inLanguage\":\"fr-CA\",\"@id\":\"https:\\\/\\\/vivaro.com\\\/en\\\/#\\\/schema\\\/logo\\\/image\\\/\",\"url\":\"https:\\\/\\\/vivaro.com\\\/wp-content\\\/uploads\\\/2022\\\/03\\\/vivaro-19-1.png\",\"contentUrl\":\"https:\\\/\\\/vivaro.com\\\/wp-content\\\/uploads\\\/2022\\\/03\\\/vivaro-19-1.png\",\"width\":599,\"height\":308,\"caption\":\"V\u00edvaro\"},\"image\":{\"@id\":\"https:\\\/\\\/vivaro.com\\\/en\\\/#\\\/schema\\\/logo\\\/image\\\/\"},\"sameAs\":[\"https:\\\/\\\/www.facebook.com\\\/grupovivaro\",\"https:\\\/\\\/x.com\\\/GrupoVivaro\",\"https:\\\/\\\/www.instagram.com\\\/grupovivaro\\\/?hl=es-la\",\"https:\\\/\\\/www.linkedin.com\\\/company\\\/grupovivaro\\\/\"]}]}<\/script>\n<!-- \/ Yoast SEO plugin. -->","yoast_head_json":{"title":"alebrije_vip2024 - V\u00edvaro","robots":{"index":"index","follow":"follow","max-snippet":"max-snippet:-1","max-image-preview":"max-image-preview:large","max-video-preview":"max-video-preview:-1"},"canonical":"https:\/\/vivaro.com\/fr\/alebrije_vip2024\/","og_locale":"fr_CA","og_type":"article","og_title":"alebrije_vip2024 - V\u00edvaro","og_description":"https:\/\/s3.us-east-2.amazonaws.com\/vivaro.video\/Coyote+1080p.mp4","og_url":"https:\/\/vivaro.com\/fr\/alebrije_vip2024\/","og_site_name":"V\u00edvaro","article_publisher":"https:\/\/www.facebook.com\/grupovivaro","article_modified_time":"2024-05-09T23:30:37+00:00","twitter_card":"summary_large_image","twitter_site":"@GrupoVivaro","schema":{"@context":"https:\/\/schema.org","@graph":[{"@type":"WebPage","@id":"https:\/\/vivaro.com\/alebrije_vip2024\/","url":"https:\/\/vivaro.com\/alebrije_vip2024\/","name":"alebrije_vip2024 - V\u00edvaro","isPartOf":{"@id":"https:\/\/vivaro.com\/en\/#website"},"datePublished":"2024-05-09T17:24:06+00:00","dateModified":"2024-05-09T23:30:37+00:00","breadcrumb":{"@id":"https:\/\/vivaro.com\/alebrije_vip2024\/#breadcrumb"},"inLanguage":"fr-CA","potentialAction":[{"@type":"ReadAction","target":["https:\/\/vivaro.com\/alebrije_vip2024\/"]}]},{"@type":"BreadcrumbList","@id":"https:\/\/vivaro.com\/alebrije_vip2024\/#breadcrumb","itemListElement":[{"@type":"ListItem","position":1,"name":"Portada","item":"https:\/\/vivaro.com\/"},{"@type":"ListItem","position":2,"name":"alebrije_vip2024"}]},{"@type":"WebSite","@id":"https:\/\/vivaro.com\/en\/#website","url":"https:\/\/vivaro.com\/en\/","name":"V\u00edvaro","description":"Inovaci\u00f3n tecnol\u00f3gica y servicios de telecomunicaciones.","publisher":{"@id":"https:\/\/vivaro.com\/en\/#organization"},"potentialAction":[{"@type":"SearchAction","target":{"@type":"EntryPoint","urlTemplate":"https:\/\/vivaro.com\/en\/?s={search_term_string}"},"query-input":{"@type":"PropertyValueSpecification","valueRequired":true,"valueName":"search_term_string"}}],"inLanguage":"fr-CA"},{"@type":"Organization","@id":"https:\/\/vivaro.com\/en\/#organization","name":"V\u00edvaro","url":"https:\/\/vivaro.com\/en\/","logo":{"@type":"ImageObject","inLanguage":"fr-CA","@id":"https:\/\/vivaro.com\/en\/#\/schema\/logo\/image\/","url":"https:\/\/vivaro.com\/wp-content\/uploads\/2022\/03\/vivaro-19-1.png","contentUrl":"https:\/\/vivaro.com\/wp-content\/uploads\/2022\/03\/vivaro-19-1.png","width":599,"height":308,"caption":"V\u00edvaro"},"image":{"@id":"https:\/\/vivaro.com\/en\/#\/schema\/logo\/image\/"},"sameAs":["https:\/\/www.facebook.com\/grupovivaro","https:\/\/x.com\/GrupoVivaro","https:\/\/www.instagram.com\/grupovivaro\/?hl=es-la","https:\/\/www.linkedin.com\/company\/grupovivaro\/"]}]}},"_links":{"self":[{"href":"https:\/\/vivaro.com\/fr\/wp-json\/wp\/v2\/pages\/14084","targetHints":{"allow":["GET"]}}],"collection":[{"href":"https:\/\/vivaro.com\/fr\/wp-json\/wp\/v2\/pages"}],"about":[{"href":"https:\/\/vivaro.com\/fr\/wp-json\/wp\/v2\/types\/page"}],"author":[{"embeddable":true,"href":"https:\/\/vivaro.com\/fr\/wp-json\/wp\/v2\/users\/1"}],"replies":[{"embeddable":true,"href":"https:\/\/vivaro.com\/fr\/wp-json\/wp\/v2\/comments?post=14084"}],"version-history":[{"count":58,"href":"https:\/\/vivaro.com\/fr\/wp-json\/wp\/v2\/pages\/14084\/revisions"}],"predecessor-version":[{"id":14147,"href":"https:\/\/vivaro.com\/fr\/wp-json\/wp\/v2\/pages\/14084\/revisions\/14147"}],"wp:attachment":[{"href":"https:\/\/vivaro.com\/fr\/wp-json\/wp\/v2\/media?parent=14084"}],"curies":[{"name":"wp","href":"https:\/\/api.w.org\/{rel}","templated":true}]}}