{"id":1416,"date":"2021-11-19T16:10:15","date_gmt":"2021-11-19T16:10:15","guid":{"rendered":"https:\/\/vivaro.com\/?page_id=1416"},"modified":"2021-11-19T21:18:08","modified_gmt":"2021-11-19T21:18:08","slug":"colaboracion-de-seguridad-y-justicia","status":"publish","type":"page","link":"https:\/\/vivaro.com\/fr\/colaboracion-de-seguridad-y-justicia\/","title":{"rendered":"Colaboraci\u00f3n de Seguridad y Justicia"},"content":{"rendered":"<div data-elementor-type=\"wp-page\" data-elementor-id=\"1416\" class=\"elementor elementor-1416\" data-elementor-post-type=\"page\">\n\t\t\t\t\t\t<section class=\"elementor-section elementor-top-section elementor-element elementor-element-5468971 elementor-section-boxed elementor-section-height-default elementor-section-height-default\" data-id=\"5468971\" data-element_type=\"section\" data-e-type=\"section\">\n\t\t\t\t\t\t<div class=\"elementor-container elementor-column-gap-default\">\n\t\t\t\t\t<div class=\"elementor-column elementor-col-16 elementor-top-column elementor-element elementor-element-53170a5\" data-id=\"53170a5\" data-element_type=\"column\" data-e-type=\"column\">\n\t\t\t<div class=\"elementor-widget-wrap\">\n\t\t\t\t\t\t\t<\/div>\n\t\t<\/div>\n\t\t\t\t<div class=\"elementor-column elementor-col-66 elementor-top-column elementor-element elementor-element-6dc6c09\" data-id=\"6dc6c09\" data-element_type=\"column\" data-e-type=\"column\">\n\t\t\t<div class=\"elementor-widget-wrap elementor-element-populated\">\n\t\t\t\t\t\t<div class=\"elementor-element elementor-element-93af0ce elementor-widget elementor-widget-text-editor\" data-id=\"93af0ce\" data-element_type=\"widget\" data-e-type=\"widget\" data-widget_type=\"text-editor.default\">\n\t\t\t\t<div class=\"elementor-widget-container\">\n\t\t\t\t\t\t\t\t\t<div class=\"_2ufc7\"><div id=\"Containerfydpg\" class=\"_1KV2M\"><div class=\"\" data-mesh-id=\"ContainerfydpginlineContent\" data-testid=\"inline-content\"><div data-mesh-id=\"ContainerfydpginlineContent-gridContainer\" data-testid=\"mesh-container-content\"><div id=\"comp-j94cwxai\" class=\"_1Q9if\" data-testid=\"richTextElement\"><h4 class=\"font_8\"><strong>COLABORACI\u00d3N EN MATERIA DE SEGURIDAD Y JUSTICIA<\/strong><\/h4><p class=\"font_8\">De conformidad con lo dispuesto por los art\u00edculos 189 y 190 de la Ley Federal de Telecomunicaciones y Radiodifusi\u00f3n (la \u201cLey\u201d), as\u00ed como del art\u00edculo Tercero Transitorio del Acuerdo mediante el cual el Pleno del Instituto Federal de Telecomunicaciones expide los Lineamientos de Colaboraci\u00f3n en Materia de Seguridad y Justicia y modifica el plan t\u00e9cnico fundamental de numeraci\u00f3n, publicado el 21 de junio de 1996 (el \u201cAcuerdo\u201d), Marcatel hace del conocimiento de las autoridades competentes los mecanismos para que tengan acceso sin restricciones a la informaci\u00f3n que de tiempo en tiempo requieran en materia de seguridad y justicia.<\/p><h5 class=\"font_8\">\u00c1REA RESPONSABLE<\/h5><h5 class=\"font_8\">Centro de Operaci\u00f3n de Red:<\/h5><h5 class=\"font_8\"><a href=\"mailto:justicia@marcatel.net\" target=\"_self\">justicia@marcatel.net<\/a><\/h5><h5 class=\"font_8\">(81) 1247 7882<\/h5><h5 class=\"font_8\">Avenida San Jer\u00f3nimo 210 Poniente,<\/h5><h5 class=\"font_8\">Col. San Jer\u00f3nimo<\/h5><h5 class=\"font_8\">Monterrey, Nuevo Le\u00f3n\u00a0<\/h5><h5 class=\"font_8\">C.P. 64640<\/h5><p>\u00a0<\/p><p class=\"font_8\"><span style=\"text-decoration: underline;\">\u00a0Procedimiento de gesti\u00f3n y respuesta a los requerimientos de Autoridades Facultadas y Designadas de registro de datos conservados:<\/span><\/p><ul class=\"font_8\"><li><p class=\"font_8\">El requerimiento se podr\u00e1 realizar v\u00eda correo electr\u00f3nico dirigido a la direcci\u00f3n <a href=\"mailto:justicia@marcatel.net\" target=\"_self\">justicia@marcatel.net<\/a> o bien, a trav\u00e9s de entrega de documentos en forma f\u00edsica en Avenida San Jer\u00f3nimo n\u00famero 210 Poniente, Colonia San Jer\u00f3nimo, Monterrey, Nuevo Le\u00f3n, C.P. 64640 (el \u201cRequerimiento\u201d).<\/p><\/li><\/ul><ul class=\"font_8\"><li><p class=\"font_8\">El Requerimiento podr\u00e1 venir acompa\u00f1ado del \u201cFormato para la Gesti\u00f3n de Requerimientos de Informaci\u00f3n en Materia de Seguridad y Justicia\u201d (el \u201cFormato\u201d), mismo que se encuentra identificado como Anexo I del Acuerdo y proporcionar\u00e1n la informaci\u00f3n que se\u00f1ala el Cuarto numeral del Acuerdo.<\/p><\/li><\/ul><p class=\"font_8\"><span class=\"wixGuard\">\u200b<\/span><\/p><ul class=\"font_8\"><li><p class=\"font_8\">Una vez recibido el Requerimiento o el Formato por el \u00c1rea Responsable revisar\u00e1 que \u00e9stos cumplan con las formalidades y requisitos que estipulan la Ley y el Acuerdo y ser\u00e1 contestado a la autoridad emisora con la informaci\u00f3n disponible en los sistemas de Marcatel Com, S.A. de C.V., lo cual se realizar\u00e1 a trav\u00e9s de medios electr\u00f3nicos o f\u00edsicos, seg\u00fan sea el caso, en formato \u201c.pdf\u201d, \u201c.csv\u201d, \u201c.xls\u201d u otro que haya sido indicado por la Autoridad Designada.<\/p><\/li><\/ul><p class=\"font_8\"><span class=\"wixGuard\">\u200b<\/span><\/p><ul class=\"font_8\"><li><p class=\"font_8\">En caso de que el Requerimiento o el Formato no cumplan con los requisitos que se\u00f1alan la Ley y el Acuerdo, \u00e9ste ser\u00e1 devuelto a la autoridad emisora sin acompa\u00f1ar la informaci\u00f3n que se requiera.<\/p><\/li><\/ul><p class=\"font_8\"><span class=\"wixGuard\">\u200b<\/span><\/p><ul class=\"font_8\"><li><p class=\"font_8\">En t\u00e9rminos de lo dispuesto por las fracciones I y II del numeral D\u00e9cimo Cuarto del Acuerdo, Marcatel Com, S.A. de C.V. proporcionar\u00e1 a las Autoridades Facultades y Designadas la siguiente informaci\u00f3n:<\/p><\/li><\/ul><p class=\"font_8\"><span class=\"wixGuard\">\u200b<\/span><\/p><ul class=\"font_8\"><li><p class=\"font_8\">Para l\u00edneas privadas: (i) nombre del usuario registrado y (ii) direcci\u00f3n de origen y destino de la l\u00ednea;<\/p><\/li><\/ul><p class=\"font_8\"><span class=\"wixGuard\">\u200b<\/span><\/p><ul class=\"font_8\"><li><p class=\"font_8\">Para el servicio fijo: (i) nombre y direcci\u00f3n del usuario registrado, (ii) tipo de comunicaci\u00f3n, (iii) n\u00fameros de origen y destino y (iv) duraci\u00f3n, fecha y hora de la comunicaci\u00f3n.<\/p><\/li><\/ul><p class=\"font_8\"><span style=\"text-decoration: underline;\"><span class=\"wixGuard\">\u200b<\/span><\/span><\/p><p class=\"font_8\"><span style=\"text-decoration: underline;\">Procedimiento de intervenci\u00f3n de comunicaciones privadas:<\/span><\/p><p class=\"font_8\"><span class=\"wixGuard\">\u200b<\/span><\/p><ul class=\"font_8\"><li><p class=\"font_8\">Las comunicaciones son privadas e inviolables. Exclusivamente la autoridad judicial federal, a petici\u00f3n de la autoridad federal que faculte la ley o del titular del Ministerio P\u00fablico de la entidad federativa correspondiente, podr\u00e1 autorizar la intervenci\u00f3n de cualquier comunicaci\u00f3n privada.<\/p><\/li><\/ul><p class=\"font_8\"><span class=\"wixGuard\">\u200b<\/span><\/p><ul class=\"font_8\"><li><p class=\"font_8\">El Requerimiento deber\u00e1 venir acompa\u00f1ado de la orden judicial que autorice la intervenci\u00f3n de la comunicaci\u00f3n privada, as\u00ed como del Formato o, en su defecto, se deber\u00e1 proporcionar la informaci\u00f3n contenida en el numeral Cuarto del Acuerdo.<\/p><\/li><\/ul><p class=\"font_8\"><span class=\"wixGuard\">\u200b<\/span><\/p><ul class=\"font_8\"><li><p class=\"font_8\">Una vez recibido el Requerimiento o el Formato, el \u00c1rea Responsable revisar\u00e1 que \u00e9stos cumplan con las formalidades y requisitos que estipulan la Ley y el Acuerdo y se realizar\u00e1 la intervenci\u00f3n de la comunicaci\u00f3n privada y, de ser el caso, rendir\u00e1 el informe correspondiente a la autoridad emisora.<\/p><\/li><\/ul><p class=\"font_8\"><span class=\"wixGuard\">\u200b<\/span><\/p><ul class=\"font_8\"><li><p class=\"font_8\">En caso de que el Requerimiento o el Formato no cumplan con los requisitos que se\u00f1alan la Ley y el Acuerdo, o bien, que no se acompa\u00f1e la orden judicial que autorice la intervenci\u00f3n de la comunicaci\u00f3n privada, \u00e9ste ser\u00e1 devuelto a la autoridad emisora sin dar cumplimiento a lo solicitado.<\/p><\/li><\/ul><p class=\"font_8\"><span class=\"wixGuard\">\u200b<\/span><\/p><ul class=\"font_8\"><li><p class=\"font_8\">En raz\u00f3n de que Marcatel Com, S.A. de C.V. es concesionario de servicios de telecomunicaciones que no ofrece telefon\u00eda m\u00f3vil, no le es aplicable lo dispuesto en el Cap\u00edtulo III del Acuerdo \u201cDe la localizaci\u00f3n geogr\u00e1fica en tiempo real de los dispositivos o equipos terminales m\u00f3viles\u201d.<\/p><\/li><\/ul><\/div><\/div><\/div><\/div><\/div>\t\t\t\t\t\t\t\t<\/div>\n\t\t\t\t<\/div>\n\t\t\t\t\t<\/div>\n\t\t<\/div>\n\t\t\t\t<div class=\"elementor-column elementor-col-16 elementor-top-column elementor-element elementor-element-a876d9c\" data-id=\"a876d9c\" data-element_type=\"column\" data-e-type=\"column\">\n\t\t\t<div class=\"elementor-widget-wrap\">\n\t\t\t\t\t\t\t<\/div>\n\t\t<\/div>\n\t\t\t\t\t<\/div>\n\t\t<\/section>\n\t\t\t\t<\/div>","protected":false},"excerpt":{"rendered":"<p>COLABORACI\u00d3N EN MATERIA DE SEGURIDAD Y JUSTICIA De conformidad con lo dispuesto por los art\u00edculos 189 y 190 de la Ley Federal de Telecomunicaciones y Radiodifusi\u00f3n (la \u201cLey\u201d), as\u00ed como del art\u00edculo Tercero Transitorio del Acuerdo mediante el cual el Pleno del Instituto Federal de Telecomunicaciones expide los Lineamientos de Colaboraci\u00f3n en Materia de Seguridad [&hellip;]<\/p>\n","protected":false},"author":1,"featured_media":0,"parent":0,"menu_order":0,"comment_status":"closed","ping_status":"closed","template":"","meta":{"footnotes":""},"class_list":["post-1416","page","type-page","status-publish","hentry"],"yoast_head":"<!-- This site is optimized with the Yoast SEO plugin v27.3 - https:\/\/yoast.com\/product\/yoast-seo-wordpress\/ -->\n<title>V\u00edvaro - Colaboraci\u00f3n de Seguridad y Justicia<\/title>\n<meta name=\"robots\" content=\"index, follow, max-snippet:-1, max-image-preview:large, max-video-preview:-1\" \/>\n<link rel=\"canonical\" href=\"https:\/\/vivaro.com\/fr\/colaboracion-de-seguridad-y-justicia\/\" \/>\n<meta property=\"og:locale\" content=\"fr_CA\" \/>\n<meta property=\"og:type\" content=\"article\" \/>\n<meta property=\"og:title\" content=\"V\u00edvaro - Colaboraci\u00f3n de Seguridad y Justicia\" \/>\n<meta property=\"og:description\" content=\"COLABORACI\u00d3N EN MATERIA DE SEGURIDAD Y JUSTICIA De conformidad con lo dispuesto por los art\u00edculos 189 y 190 de la Ley Federal de Telecomunicaciones y Radiodifusi\u00f3n (la \u201cLey\u201d), as\u00ed como del art\u00edculo Tercero Transitorio del Acuerdo mediante el cual el Pleno del Instituto Federal de Telecomunicaciones expide los Lineamientos de Colaboraci\u00f3n en Materia de Seguridad [&hellip;]\" \/>\n<meta property=\"og:url\" content=\"https:\/\/vivaro.com\/fr\/colaboracion-de-seguridad-y-justicia\/\" \/>\n<meta property=\"og:site_name\" content=\"V\u00edvaro\" \/>\n<meta property=\"article:publisher\" content=\"https:\/\/www.facebook.com\/grupovivaro\" \/>\n<meta property=\"article:modified_time\" content=\"2021-11-19T21:18:08+00:00\" \/>\n<meta name=\"twitter:card\" content=\"summary_large_image\" \/>\n<meta name=\"twitter:site\" content=\"@GrupoVivaro\" \/>\n<meta name=\"twitter:label1\" content=\"Estimation du temps de lecture\" \/>\n\t<meta name=\"twitter:data1\" content=\"4 minutes\" \/>\n<script type=\"application\/ld+json\" class=\"yoast-schema-graph\">{\"@context\":\"https:\\\/\\\/schema.org\",\"@graph\":[{\"@type\":\"WebPage\",\"@id\":\"https:\\\/\\\/vivaro.com\\\/colaboracion-de-seguridad-y-justicia\\\/\",\"url\":\"https:\\\/\\\/vivaro.com\\\/colaboracion-de-seguridad-y-justicia\\\/\",\"name\":\"V\u00edvaro - Colaboraci\u00f3n de Seguridad y Justicia\",\"isPartOf\":{\"@id\":\"https:\\\/\\\/vivaro.com\\\/en\\\/#website\"},\"datePublished\":\"2021-11-19T16:10:15+00:00\",\"dateModified\":\"2021-11-19T21:18:08+00:00\",\"breadcrumb\":{\"@id\":\"https:\\\/\\\/vivaro.com\\\/colaboracion-de-seguridad-y-justicia\\\/#breadcrumb\"},\"inLanguage\":\"fr-CA\",\"potentialAction\":[{\"@type\":\"ReadAction\",\"target\":[\"https:\\\/\\\/vivaro.com\\\/colaboracion-de-seguridad-y-justicia\\\/\"]}]},{\"@type\":\"BreadcrumbList\",\"@id\":\"https:\\\/\\\/vivaro.com\\\/colaboracion-de-seguridad-y-justicia\\\/#breadcrumb\",\"itemListElement\":[{\"@type\":\"ListItem\",\"position\":1,\"name\":\"Portada\",\"item\":\"https:\\\/\\\/vivaro.com\\\/\"},{\"@type\":\"ListItem\",\"position\":2,\"name\":\"Colaboraci\u00f3n de Seguridad y Justicia\"}]},{\"@type\":\"WebSite\",\"@id\":\"https:\\\/\\\/vivaro.com\\\/en\\\/#website\",\"url\":\"https:\\\/\\\/vivaro.com\\\/en\\\/\",\"name\":\"V\u00edvaro\",\"description\":\"Inovaci\u00f3n tecnol\u00f3gica y servicios de telecomunicaciones.\",\"publisher\":{\"@id\":\"https:\\\/\\\/vivaro.com\\\/en\\\/#organization\"},\"potentialAction\":[{\"@type\":\"SearchAction\",\"target\":{\"@type\":\"EntryPoint\",\"urlTemplate\":\"https:\\\/\\\/vivaro.com\\\/en\\\/?s={search_term_string}\"},\"query-input\":{\"@type\":\"PropertyValueSpecification\",\"valueRequired\":true,\"valueName\":\"search_term_string\"}}],\"inLanguage\":\"fr-CA\"},{\"@type\":\"Organization\",\"@id\":\"https:\\\/\\\/vivaro.com\\\/en\\\/#organization\",\"name\":\"V\u00edvaro\",\"url\":\"https:\\\/\\\/vivaro.com\\\/en\\\/\",\"logo\":{\"@type\":\"ImageObject\",\"inLanguage\":\"fr-CA\",\"@id\":\"https:\\\/\\\/vivaro.com\\\/en\\\/#\\\/schema\\\/logo\\\/image\\\/\",\"url\":\"https:\\\/\\\/vivaro.com\\\/wp-content\\\/uploads\\\/2022\\\/03\\\/vivaro-19-1.png\",\"contentUrl\":\"https:\\\/\\\/vivaro.com\\\/wp-content\\\/uploads\\\/2022\\\/03\\\/vivaro-19-1.png\",\"width\":599,\"height\":308,\"caption\":\"V\u00edvaro\"},\"image\":{\"@id\":\"https:\\\/\\\/vivaro.com\\\/en\\\/#\\\/schema\\\/logo\\\/image\\\/\"},\"sameAs\":[\"https:\\\/\\\/www.facebook.com\\\/grupovivaro\",\"https:\\\/\\\/x.com\\\/GrupoVivaro\",\"https:\\\/\\\/www.instagram.com\\\/grupovivaro\\\/?hl=es-la\",\"https:\\\/\\\/www.linkedin.com\\\/company\\\/grupovivaro\\\/\"]}]}<\/script>\n<!-- \/ Yoast SEO plugin. -->","yoast_head_json":{"title":"V\u00edvaro - Colaboraci\u00f3n de Seguridad y Justicia","robots":{"index":"index","follow":"follow","max-snippet":"max-snippet:-1","max-image-preview":"max-image-preview:large","max-video-preview":"max-video-preview:-1"},"canonical":"https:\/\/vivaro.com\/fr\/colaboracion-de-seguridad-y-justicia\/","og_locale":"fr_CA","og_type":"article","og_title":"V\u00edvaro - Colaboraci\u00f3n de Seguridad y Justicia","og_description":"COLABORACI\u00d3N EN MATERIA DE SEGURIDAD Y JUSTICIA De conformidad con lo dispuesto por los art\u00edculos 189 y 190 de la Ley Federal de Telecomunicaciones y Radiodifusi\u00f3n (la \u201cLey\u201d), as\u00ed como del art\u00edculo Tercero Transitorio del Acuerdo mediante el cual el Pleno del Instituto Federal de Telecomunicaciones expide los Lineamientos de Colaboraci\u00f3n en Materia de Seguridad [&hellip;]","og_url":"https:\/\/vivaro.com\/fr\/colaboracion-de-seguridad-y-justicia\/","og_site_name":"V\u00edvaro","article_publisher":"https:\/\/www.facebook.com\/grupovivaro","article_modified_time":"2021-11-19T21:18:08+00:00","twitter_card":"summary_large_image","twitter_site":"@GrupoVivaro","twitter_misc":{"Estimation du temps de lecture":"4 minutes"},"schema":{"@context":"https:\/\/schema.org","@graph":[{"@type":"WebPage","@id":"https:\/\/vivaro.com\/colaboracion-de-seguridad-y-justicia\/","url":"https:\/\/vivaro.com\/colaboracion-de-seguridad-y-justicia\/","name":"V\u00edvaro - Colaboraci\u00f3n de Seguridad y Justicia","isPartOf":{"@id":"https:\/\/vivaro.com\/en\/#website"},"datePublished":"2021-11-19T16:10:15+00:00","dateModified":"2021-11-19T21:18:08+00:00","breadcrumb":{"@id":"https:\/\/vivaro.com\/colaboracion-de-seguridad-y-justicia\/#breadcrumb"},"inLanguage":"fr-CA","potentialAction":[{"@type":"ReadAction","target":["https:\/\/vivaro.com\/colaboracion-de-seguridad-y-justicia\/"]}]},{"@type":"BreadcrumbList","@id":"https:\/\/vivaro.com\/colaboracion-de-seguridad-y-justicia\/#breadcrumb","itemListElement":[{"@type":"ListItem","position":1,"name":"Portada","item":"https:\/\/vivaro.com\/"},{"@type":"ListItem","position":2,"name":"Colaboraci\u00f3n de Seguridad y Justicia"}]},{"@type":"WebSite","@id":"https:\/\/vivaro.com\/en\/#website","url":"https:\/\/vivaro.com\/en\/","name":"V\u00edvaro","description":"Inovaci\u00f3n tecnol\u00f3gica y servicios de telecomunicaciones.","publisher":{"@id":"https:\/\/vivaro.com\/en\/#organization"},"potentialAction":[{"@type":"SearchAction","target":{"@type":"EntryPoint","urlTemplate":"https:\/\/vivaro.com\/en\/?s={search_term_string}"},"query-input":{"@type":"PropertyValueSpecification","valueRequired":true,"valueName":"search_term_string"}}],"inLanguage":"fr-CA"},{"@type":"Organization","@id":"https:\/\/vivaro.com\/en\/#organization","name":"V\u00edvaro","url":"https:\/\/vivaro.com\/en\/","logo":{"@type":"ImageObject","inLanguage":"fr-CA","@id":"https:\/\/vivaro.com\/en\/#\/schema\/logo\/image\/","url":"https:\/\/vivaro.com\/wp-content\/uploads\/2022\/03\/vivaro-19-1.png","contentUrl":"https:\/\/vivaro.com\/wp-content\/uploads\/2022\/03\/vivaro-19-1.png","width":599,"height":308,"caption":"V\u00edvaro"},"image":{"@id":"https:\/\/vivaro.com\/en\/#\/schema\/logo\/image\/"},"sameAs":["https:\/\/www.facebook.com\/grupovivaro","https:\/\/x.com\/GrupoVivaro","https:\/\/www.instagram.com\/grupovivaro\/?hl=es-la","https:\/\/www.linkedin.com\/company\/grupovivaro\/"]}]}},"_links":{"self":[{"href":"https:\/\/vivaro.com\/fr\/wp-json\/wp\/v2\/pages\/1416","targetHints":{"allow":["GET"]}}],"collection":[{"href":"https:\/\/vivaro.com\/fr\/wp-json\/wp\/v2\/pages"}],"about":[{"href":"https:\/\/vivaro.com\/fr\/wp-json\/wp\/v2\/types\/page"}],"author":[{"embeddable":true,"href":"https:\/\/vivaro.com\/fr\/wp-json\/wp\/v2\/users\/1"}],"replies":[{"embeddable":true,"href":"https:\/\/vivaro.com\/fr\/wp-json\/wp\/v2\/comments?post=1416"}],"version-history":[{"count":0,"href":"https:\/\/vivaro.com\/fr\/wp-json\/wp\/v2\/pages\/1416\/revisions"}],"wp:attachment":[{"href":"https:\/\/vivaro.com\/fr\/wp-json\/wp\/v2\/media?parent=1416"}],"curies":[{"name":"wp","href":"https:\/\/api.w.org\/{rel}","templated":true}]}}